{"id":655,"date":"2025-02-05T19:41:35","date_gmt":"2025-02-05T18:41:35","guid":{"rendered":"https:\/\/proplate.se\/?page_id=655"},"modified":"2025-08-27T14:24:09","modified_gmt":"2025-08-27T13:24:09","slug":"material","status":"publish","type":"page","link":"https:\/\/proplate.se\/en\/material\/","title":{"rendered":"Material"},"content":{"rendered":"<div data-elementor-type=\"wp-page\" data-elementor-id=\"655\" class=\"elementor elementor-655\" data-elementor-post-type=\"page\">\n\t\t\t\t<div class=\"elementor-element elementor-element-4a33ba7 e-flex e-con-boxed e-con e-parent\" data-id=\"4a33ba7\" data-element_type=\"container\" data-settings=\"{&quot;background_background&quot;:&quot;classic&quot;}\">\n\t\t\t\t\t<div class=\"e-con-inner\">\n\t\t\t\t<div class=\"elementor-element elementor-element-1640643 elementor-widget__width-initial elementor-widget-mobile__width-inherit elementor-widget elementor-widget-heading\" data-id=\"1640643\" data-element_type=\"widget\" data-widget_type=\"heading.default\">\n\t\t\t\t<div class=\"elementor-widget-container\">\n\t\t\t\t\t<h1 class=\"elementor-heading-title elementor-size-default\">Precision Manufacturing of High-Quality Steel Components<\/h1>\t\t\t\t<\/div>\n\t\t\t\t<\/div>\n\t\t\t\t<div class=\"elementor-element elementor-element-04b43eb elementor-widget__width-initial elementor-widget-mobile__width-inherit elementor-widget elementor-widget-text-editor\" data-id=\"04b43eb\" data-element_type=\"widget\" data-widget_type=\"text-editor.default\">\n\t\t\t\t<div class=\"elementor-widget-container\">\n\t\t\t\t\t\t\t\t\t<p>We manufacture steel components from high-quality plate steel, with thicknesses ranging from 10 mm to 300 mm. Our equipment supports precision manufacturing across all types of heavy plate, including high-strength structural steel, wear-resistant steel, protective steel, and tool steel. Our services include oxy-fuel and plasma cutting, CNC machining, automated and manual welding, blasting, surface treatment, and component assembly.<\/p>\t\t\t\t\t\t\t\t<\/div>\n\t\t\t\t<\/div>\n\t\t\t\t\t<\/div>\n\t\t\t\t<\/div>\n\t\t<div class=\"elementor-element elementor-element-5106c8c e-flex e-con-boxed e-con e-parent\" data-id=\"5106c8c\" data-element_type=\"container\" data-settings=\"{&quot;background_background&quot;:&quot;classic&quot;}\">\n\t\t\t\t\t<div class=\"e-con-inner\">\n\t\t<div class=\"elementor-element elementor-element-b835804 e-con-full e-flex e-con e-child\" data-id=\"b835804\" data-element_type=\"container\">\n\t\t<div class=\"elementor-element elementor-element-3371dfb e-con-full e-flex e-con e-child\" data-id=\"3371dfb\" data-element_type=\"container\" data-settings=\"{&quot;background_background&quot;:&quot;classic&quot;}\">\n\t\t\t\t<div class=\"elementor-element elementor-element-fa23f2e elementor-widget elementor-widget-image\" data-id=\"fa23f2e\" data-element_type=\"widget\" data-widget_type=\"image.default\">\n\t\t\t\t<div class=\"elementor-widget-container\">\n\t\t\t\t\t\t\t\t\t\t\t\t\t\t\t\t<a href=\"https:\/\/proplate.se\/en\/material\/structural-steel\/\">\n\t\t\t\t\t\t\t<img fetchpriority=\"high\" decoding=\"async\" width=\"800\" height=\"534\" src=\"https:\/\/proplate.se\/wp-content\/uploads\/2025\/02\/konstruktionsstal-proplate-1024x683.jpg\" class=\"attachment-large size-large wp-image-664\" alt=\"konstruktionsstal-proplate\" srcset=\"https:\/\/proplate.se\/wp-content\/uploads\/2025\/02\/konstruktionsstal-proplate-1024x683.jpg 1024w, https:\/\/proplate.se\/wp-content\/uploads\/2025\/02\/konstruktionsstal-proplate-300x200.jpg 300w, https:\/\/proplate.se\/wp-content\/uploads\/2025\/02\/konstruktionsstal-proplate-768x512.jpg 768w, https:\/\/proplate.se\/wp-content\/uploads\/2025\/02\/konstruktionsstal-proplate.jpg 1200w\" sizes=\"(max-width: 800px) 100vw, 800px\" \/>\t\t\t\t\t\t\t\t<\/a>\n\t\t\t\t\t\t\t\t\t\t\t\t\t\t\t<\/div>\n\t\t\t\t<\/div>\n\t\t\t\t<div class=\"elementor-element elementor-element-a3abccd elementor-widget__width-auto elementor-widget elementor-widget-heading\" data-id=\"a3abccd\" data-element_type=\"widget\" data-widget_type=\"heading.default\">\n\t\t\t\t<div class=\"elementor-widget-container\">\n\t\t\t\t\t<h3 class=\"elementor-heading-title elementor-size-default\">Structural Steel<\/h3>\t\t\t\t<\/div>\n\t\t\t\t<\/div>\n\t\t\t\t<div class=\"elementor-element elementor-element-53f7301 elementor-widget elementor-widget-text-editor\" data-id=\"53f7301\" data-element_type=\"widget\" data-widget_type=\"text-editor.default\">\n\t\t\t\t<div class=\"elementor-widget-container\">\n\t\t\t\t\t\t\t\t\t<p>Structural steels are alloyed with higher carbon content to achieve superior strength and reduced ductility in the finished product.<\/p>\t\t\t\t\t\t\t\t<\/div>\n\t\t\t\t<\/div>\n\t\t\t\t<div class=\"elementor-element elementor-element-170ffbc elementor-align-justify elementor-widget__width-inherit elementor-widget elementor-widget-button\" data-id=\"170ffbc\" data-element_type=\"widget\" data-widget_type=\"button.default\">\n\t\t\t\t<div class=\"elementor-widget-container\">\n\t\t\t\t\t\t\t\t\t<div class=\"elementor-button-wrapper\">\n\t\t\t\t\t<a class=\"elementor-button elementor-button-link elementor-size-sm\" href=\"\/en\/material\/structural-steel\/\">\n\t\t\t\t\t\t<span class=\"elementor-button-content-wrapper\">\n\t\t\t\t\t\t<span class=\"elementor-button-icon\">\n\t\t\t\t<i aria-hidden=\"true\" class=\"fas fa-arrow-right\"><\/i>\t\t\t<\/span>\n\t\t\t\t\t\t\t\t\t<span class=\"elementor-button-text\">Read More<\/span>\n\t\t\t\t\t<\/span>\n\t\t\t\t\t<\/a>\n\t\t\t\t<\/div>\n\t\t\t\t\t\t\t\t<\/div>\n\t\t\t\t<\/div>\n\t\t\t\t<\/div>\n\t\t<div class=\"elementor-element elementor-element-a90d63d e-con-full e-flex e-con e-child\" data-id=\"a90d63d\" data-element_type=\"container\" data-settings=\"{&quot;background_background&quot;:&quot;classic&quot;}\">\n\t\t\t\t<div class=\"elementor-element elementor-element-77a7119 elementor-widget elementor-widget-image\" data-id=\"77a7119\" data-element_type=\"widget\" data-widget_type=\"image.default\">\n\t\t\t\t<div class=\"elementor-widget-container\">\n\t\t\t\t\t\t\t\t\t\t\t\t\t\t\t\t<a href=\"https:\/\/proplate.se\/en\/material\/wear-resistant-steel\/\">\n\t\t\t\t\t\t\t<img decoding=\"async\" width=\"800\" height=\"533\" src=\"https:\/\/proplate.se\/wp-content\/uploads\/2025\/08\/mining-excavator-1736293_1280-1024x682.jpg\" class=\"attachment-large size-large wp-image-3658\" alt=\"Gruvmaskin\" srcset=\"https:\/\/proplate.se\/wp-content\/uploads\/2025\/08\/mining-excavator-1736293_1280-1024x682.jpg 1024w, https:\/\/proplate.se\/wp-content\/uploads\/2025\/08\/mining-excavator-1736293_1280-300x200.jpg 300w, https:\/\/proplate.se\/wp-content\/uploads\/2025\/08\/mining-excavator-1736293_1280-768x512.jpg 768w, https:\/\/proplate.se\/wp-content\/uploads\/2025\/08\/mining-excavator-1736293_1280-18x12.jpg 18w, https:\/\/proplate.se\/wp-content\/uploads\/2025\/08\/mining-excavator-1736293_1280.jpg 1280w\" sizes=\"(max-width: 800px) 100vw, 800px\" \/>\t\t\t\t\t\t\t\t<\/a>\n\t\t\t\t\t\t\t\t\t\t\t\t\t\t\t<\/div>\n\t\t\t\t<\/div>\n\t\t\t\t<div class=\"elementor-element elementor-element-25d3e3f elementor-widget__width-auto elementor-widget elementor-widget-heading\" data-id=\"25d3e3f\" data-element_type=\"widget\" data-widget_type=\"heading.default\">\n\t\t\t\t<div class=\"elementor-widget-container\">\n\t\t\t\t\t<h3 class=\"elementor-heading-title elementor-size-default\">Wear and Abrasion Resistant Steel<\/h3>\t\t\t\t<\/div>\n\t\t\t\t<\/div>\n\t\t\t\t<div class=\"elementor-element elementor-element-3fa25ad elementor-widget elementor-widget-text-editor\" data-id=\"3fa25ad\" data-element_type=\"widget\" data-widget_type=\"text-editor.default\">\n\t\t\t\t<div class=\"elementor-widget-container\">\n\t\t\t\t\t\t\t\t\t<p>Wear- and abrasion-resistant steels are well suited for hard-wearing industrial applications.<\/p>\t\t\t\t\t\t\t\t<\/div>\n\t\t\t\t<\/div>\n\t\t\t\t<div class=\"elementor-element elementor-element-4aadc6a elementor-align-justify elementor-widget__width-inherit elementor-widget elementor-widget-button\" data-id=\"4aadc6a\" data-element_type=\"widget\" data-widget_type=\"button.default\">\n\t\t\t\t<div class=\"elementor-widget-container\">\n\t\t\t\t\t\t\t\t\t<div class=\"elementor-button-wrapper\">\n\t\t\t\t\t<a class=\"elementor-button elementor-button-link elementor-size-sm\" href=\"\/en\/material\/wear-resistant-steel\/\">\n\t\t\t\t\t\t<span class=\"elementor-button-content-wrapper\">\n\t\t\t\t\t\t<span class=\"elementor-button-icon\">\n\t\t\t\t<i aria-hidden=\"true\" class=\"fas fa-arrow-right\"><\/i>\t\t\t<\/span>\n\t\t\t\t\t\t\t\t\t<span class=\"elementor-button-text\">Read More<\/span>\n\t\t\t\t\t<\/span>\n\t\t\t\t\t<\/a>\n\t\t\t\t<\/div>\n\t\t\t\t\t\t\t\t<\/div>\n\t\t\t\t<\/div>\n\t\t\t\t<\/div>\n\t\t\t\t<\/div>\n\t\t\t\t\t<\/div>\n\t\t\t\t<\/div>\n\t\t<div class=\"elementor-element elementor-element-1efaf04 e-flex e-con-boxed e-con e-parent\" data-id=\"1efaf04\" data-element_type=\"container\" data-settings=\"{&quot;background_background&quot;:&quot;classic&quot;}\">\n\t\t\t\t\t<div class=\"e-con-inner\">\n\t\t<div class=\"elementor-element elementor-element-700559a e-con-full e-flex e-con e-child\" data-id=\"700559a\" data-element_type=\"container\">\n\t\t<div class=\"elementor-element elementor-element-9aa175e e-con-full e-flex e-con e-child\" data-id=\"9aa175e\" data-element_type=\"container\" data-settings=\"{&quot;background_background&quot;:&quot;classic&quot;}\">\n\t\t\t\t<div class=\"elementor-element elementor-element-9f625ce elementor-widget elementor-widget-image\" data-id=\"9f625ce\" data-element_type=\"widget\" data-widget_type=\"image.default\">\n\t\t\t\t<div class=\"elementor-widget-container\">\n\t\t\t\t\t\t\t\t\t\t\t\t\t\t\t\t<a href=\"https:\/\/proplate.se\/en\/material\/tool-steel\/\">\n\t\t\t\t\t\t\t<img decoding=\"async\" width=\"800\" height=\"534\" src=\"https:\/\/proplate.se\/wp-content\/uploads\/2025\/08\/toolsteel-1024x683.jpg\" class=\"attachment-large size-large wp-image-3659\" alt=\"verktygsst\u00e5l\" srcset=\"https:\/\/proplate.se\/wp-content\/uploads\/2025\/08\/toolsteel-1024x683.jpg 1024w, https:\/\/proplate.se\/wp-content\/uploads\/2025\/08\/toolsteel-300x200.jpg 300w, https:\/\/proplate.se\/wp-content\/uploads\/2025\/08\/toolsteel-768x512.jpg 768w, https:\/\/proplate.se\/wp-content\/uploads\/2025\/08\/toolsteel-18x12.jpg 18w, https:\/\/proplate.se\/wp-content\/uploads\/2025\/08\/toolsteel.jpg 1280w\" sizes=\"(max-width: 800px) 100vw, 800px\" \/>\t\t\t\t\t\t\t\t<\/a>\n\t\t\t\t\t\t\t\t\t\t\t\t\t\t\t<\/div>\n\t\t\t\t<\/div>\n\t\t\t\t<div class=\"elementor-element elementor-element-d8243fb elementor-widget__width-auto elementor-widget elementor-widget-heading\" data-id=\"d8243fb\" data-element_type=\"widget\" data-widget_type=\"heading.default\">\n\t\t\t\t<div class=\"elementor-widget-container\">\n\t\t\t\t\t<h3 class=\"elementor-heading-title elementor-size-default\">Tool Steel<\/h3>\t\t\t\t<\/div>\n\t\t\t\t<\/div>\n\t\t\t\t<div class=\"elementor-element elementor-element-a2b667c elementor-widget elementor-widget-text-editor\" data-id=\"a2b667c\" data-element_type=\"widget\" data-widget_type=\"text-editor.default\">\n\t\t\t\t<div class=\"elementor-widget-container\">\n\t\t\t\t\t\t\t\t\t<p>Tool steel is a machining-friendly steel primarily used for tools, but also suitable for automotive parts and rails.<\/p>\t\t\t\t\t\t\t\t<\/div>\n\t\t\t\t<\/div>\n\t\t\t\t<div class=\"elementor-element elementor-element-00c6def elementor-align-justify elementor-widget__width-inherit elementor-widget elementor-widget-button\" data-id=\"00c6def\" data-element_type=\"widget\" data-widget_type=\"button.default\">\n\t\t\t\t<div class=\"elementor-widget-container\">\n\t\t\t\t\t\t\t\t\t<div class=\"elementor-button-wrapper\">\n\t\t\t\t\t<a class=\"elementor-button elementor-button-link elementor-size-sm\" href=\"\/en\/material\/tool-steel\/\">\n\t\t\t\t\t\t<span class=\"elementor-button-content-wrapper\">\n\t\t\t\t\t\t<span class=\"elementor-button-icon\">\n\t\t\t\t<i aria-hidden=\"true\" class=\"fas fa-arrow-right\"><\/i>\t\t\t<\/span>\n\t\t\t\t\t\t\t\t\t<span class=\"elementor-button-text\">Read More<\/span>\n\t\t\t\t\t<\/span>\n\t\t\t\t\t<\/a>\n\t\t\t\t<\/div>\n\t\t\t\t\t\t\t\t<\/div>\n\t\t\t\t<\/div>\n\t\t\t\t<\/div>\n\t\t<div class=\"elementor-element elementor-element-dae42ef e-con-full e-flex e-con e-child\" data-id=\"dae42ef\" data-element_type=\"container\" data-settings=\"{&quot;background_background&quot;:&quot;classic&quot;}\">\n\t\t\t\t<div class=\"elementor-element elementor-element-63792d7 elementor-widget elementor-widget-image\" data-id=\"63792d7\" data-element_type=\"widget\" data-widget_type=\"image.default\">\n\t\t\t\t<div class=\"elementor-widget-container\">\n\t\t\t\t\t\t\t\t\t\t\t\t\t\t\t\t<a href=\"https:\/\/proplate.se\/en\/material\/protective-steel\/\">\n\t\t\t\t\t\t\t<img loading=\"lazy\" decoding=\"async\" width=\"800\" height=\"533\" src=\"https:\/\/proplate.se\/wp-content\/uploads\/2025\/08\/skyddstal-1024x682.jpg\" class=\"attachment-large size-large wp-image-3660\" alt=\"Armored Steel\" srcset=\"https:\/\/proplate.se\/wp-content\/uploads\/2025\/08\/skyddstal-1024x682.jpg 1024w, https:\/\/proplate.se\/wp-content\/uploads\/2025\/08\/skyddstal-300x200.jpg 300w, https:\/\/proplate.se\/wp-content\/uploads\/2025\/08\/skyddstal-768x511.jpg 768w, https:\/\/proplate.se\/wp-content\/uploads\/2025\/08\/skyddstal-18x12.jpg 18w, https:\/\/proplate.se\/wp-content\/uploads\/2025\/08\/skyddstal.jpg 1280w\" sizes=\"(max-width: 800px) 100vw, 800px\" \/>\t\t\t\t\t\t\t\t<\/a>\n\t\t\t\t\t\t\t\t\t\t\t\t\t\t\t<\/div>\n\t\t\t\t<\/div>\n\t\t\t\t<div class=\"elementor-element elementor-element-2ad2992 elementor-widget__width-auto elementor-widget elementor-widget-heading\" data-id=\"2ad2992\" data-element_type=\"widget\" data-widget_type=\"heading.default\">\n\t\t\t\t<div class=\"elementor-widget-container\">\n\t\t\t\t\t<h3 class=\"elementor-heading-title elementor-size-default\">Armored Steel<\/h3>\t\t\t\t<\/div>\n\t\t\t\t<\/div>\n\t\t\t\t<div class=\"elementor-element elementor-element-e531d75 elementor-widget elementor-widget-text-editor\" data-id=\"e531d75\" data-element_type=\"widget\" data-widget_type=\"text-editor.default\">\n\t\t\t\t<div class=\"elementor-widget-container\">\n\t\t\t\t\t\t\t\t\t<p>Protective steel, also known as armor steel, is used in the defense industry and other sectors to provide safety and enhanced resistance.<\/p>\t\t\t\t\t\t\t\t<\/div>\n\t\t\t\t<\/div>\n\t\t\t\t<div class=\"elementor-element elementor-element-5f343f2 elementor-align-justify elementor-widget__width-inherit elementor-widget elementor-widget-button\" data-id=\"5f343f2\" data-element_type=\"widget\" data-widget_type=\"button.default\">\n\t\t\t\t<div class=\"elementor-widget-container\">\n\t\t\t\t\t\t\t\t\t<div class=\"elementor-button-wrapper\">\n\t\t\t\t\t<a class=\"elementor-button elementor-button-link elementor-size-sm\" href=\"\/en\/material\/protective-steel\/\">\n\t\t\t\t\t\t<span class=\"elementor-button-content-wrapper\">\n\t\t\t\t\t\t<span class=\"elementor-button-icon\">\n\t\t\t\t<i aria-hidden=\"true\" class=\"fas fa-arrow-right\"><\/i>\t\t\t<\/span>\n\t\t\t\t\t\t\t\t\t<span class=\"elementor-button-text\">Read More<\/span>\n\t\t\t\t\t<\/span>\n\t\t\t\t\t<\/a>\n\t\t\t\t<\/div>\n\t\t\t\t\t\t\t\t<\/div>\n\t\t\t\t<\/div>\n\t\t\t\t<\/div>\n\t\t\t\t<\/div>\n\t\t\t\t\t<\/div>\n\t\t\t\t<\/div>\n\t\t<div class=\"elementor-element elementor-element-a15869a e-flex e-con-boxed e-con e-parent\" data-id=\"a15869a\" data-element_type=\"container\" data-settings=\"{&quot;background_background&quot;:&quot;classic&quot;}\">\n\t\t\t\t\t<div class=\"e-con-inner\">\n\t\t\t\t<div class=\"elementor-element elementor-element-2a04cc5 elementor-widget-tablet__width-initial elementor-widget elementor-widget-heading\" data-id=\"2a04cc5\" data-element_type=\"widget\" data-widget_type=\"heading.default\">\n\t\t\t\t<div class=\"elementor-widget-container\">\n\t\t\t\t\t<h3 class=\"elementor-heading-title elementor-size-default\">Discover our solutions<\/h3>\t\t\t\t<\/div>\n\t\t\t\t<\/div>\n\t\t\t\t<div class=\"elementor-element elementor-element-351df37 elementor-align-justify elementor-widget__width-initial elementor-widget elementor-widget-button\" data-id=\"351df37\" data-element_type=\"widget\" data-widget_type=\"button.default\">\n\t\t\t\t<div class=\"elementor-widget-container\">\n\t\t\t\t\t\t\t\t\t<div class=\"elementor-button-wrapper\">\n\t\t\t\t\t<a class=\"elementor-button elementor-button-link elementor-size-sm\" href=\"#\">\n\t\t\t\t\t\t<span class=\"elementor-button-content-wrapper\">\n\t\t\t\t\t\t<span class=\"elementor-button-icon\">\n\t\t\t\t<i aria-hidden=\"true\" class=\"fas fa-arrow-right\"><\/i>\t\t\t<\/span>\n\t\t\t\t\t\t\t\t\t<span class=\"elementor-button-text\">Services<\/span>\n\t\t\t\t\t<\/span>\n\t\t\t\t\t<\/a>\n\t\t\t\t<\/div>\n\t\t\t\t\t\t\t\t<\/div>\n\t\t\t\t<\/div>\n\t\t\t\t\t<\/div>\n\t\t\t\t<\/div>\n\t\t\t\t<\/div>","protected":false},"excerpt":{"rendered":"<p>Precisionstillverkning av komponenter i h\u00f6gkvalitativt st\u00e5l Vi tillverkar st\u00e5lkomponenter av h\u00f6gkvalitativ st\u00e5lpl\u00e5t, i tjockleksdimensionerna 10 mm till 300 mm. V\u00e5ra maskiner \u00e4r utrustade f\u00f6r precisionstillverkning i alla typer av grovpl\u00e5t, fr\u00e5n h\u00f6gh\u00e5llfast konstruktionsst\u00e5l, slitst\u00e5l och skyddsst\u00e5l till verktygsst\u00e5l. Vi tillhandah\u00e5ller gas- och plasmask\u00e4rning, CNC-bearbetning, automatiserad och manuell svetsning, bl\u00e4string, ytbehandling och montering av komponenter. Konstruktionsst\u00e5l [&hellip;]<\/p>","protected":false},"author":1,"featured_media":0,"parent":0,"menu_order":4,"comment_status":"closed","ping_status":"closed","template":"","meta":{"footnotes":""},"class_list":["post-655","page","type-page","status-publish","hentry"],"yoast_head":"<!-- This site is optimized with the Yoast SEO plugin v25.1 - https:\/\/yoast.com\/wordpress\/plugins\/seo\/ -->\n<title>Material | Proplate - Globala st\u00e5ll\u00f6sningar<\/title>\n<meta name=\"description\" content=\"V\u00e5ra st\u00e5lkomponenter tillverkas av h\u00f6gkvalitativ st\u00e5lpl\u00e5t och v\u00e5ra maskiner \u00e4r utrustade f\u00f6r precisionstillverkning i alla typer grovpl\u00e5t.\" \/>\n<meta name=\"robots\" content=\"index, follow, max-snippet:-1, max-image-preview:large, max-video-preview:-1\" \/>\n<link rel=\"canonical\" href=\"https:\/\/proplate.se\/en\/material\/\" \/>\n<meta property=\"og:locale\" content=\"en_US\" \/>\n<meta property=\"og:type\" content=\"article\" \/>\n<meta property=\"og:title\" content=\"Material | Proplate - Globala st\u00e5ll\u00f6sningar\" \/>\n<meta property=\"og:description\" content=\"V\u00e5ra st\u00e5lkomponenter tillverkas av h\u00f6gkvalitativ st\u00e5lpl\u00e5t och v\u00e5ra maskiner \u00e4r utrustade f\u00f6r precisionstillverkning i alla typer grovpl\u00e5t.\" \/>\n<meta property=\"og:url\" content=\"https:\/\/proplate.se\/en\/material\/\" \/>\n<meta property=\"og:site_name\" content=\"Proplate\" \/>\n<meta property=\"article:modified_time\" content=\"2025-08-27T13:24:09+00:00\" \/>\n<meta property=\"og:image\" content=\"https:\/\/proplate.se\/wp-content\/uploads\/2025\/02\/konstruktionsstal-proplate.jpg\" \/>\n\t<meta property=\"og:image:width\" content=\"1200\" \/>\n\t<meta property=\"og:image:height\" content=\"800\" \/>\n\t<meta property=\"og:image:type\" content=\"image\/jpeg\" \/>\n<meta name=\"twitter:card\" content=\"summary_large_image\" \/>\n<meta name=\"twitter:label1\" content=\"Est. reading time\" \/>\n\t<meta name=\"twitter:data1\" content=\"2 minutes\" \/>\n<script type=\"application\/ld+json\" class=\"yoast-schema-graph\">{\"@context\":\"https:\/\/schema.org\",\"@graph\":[{\"@type\":\"WebPage\",\"@id\":\"https:\/\/proplate.se\/material\/\",\"url\":\"https:\/\/proplate.se\/material\/\",\"name\":\"Material | Proplate - Globala st\u00e5ll\u00f6sningar\",\"isPartOf\":{\"@id\":\"https:\/\/proplate.se\/#website\"},\"primaryImageOfPage\":{\"@id\":\"https:\/\/proplate.se\/material\/#primaryimage\"},\"image\":{\"@id\":\"https:\/\/proplate.se\/material\/#primaryimage\"},\"thumbnailUrl\":\"https:\/\/proplate.se\/wp-content\/uploads\/2025\/02\/konstruktionsstal-proplate-1024x683.jpg\",\"datePublished\":\"2025-02-05T18:41:35+00:00\",\"dateModified\":\"2025-08-27T13:24:09+00:00\",\"description\":\"V\u00e5ra st\u00e5lkomponenter tillverkas av h\u00f6gkvalitativ st\u00e5lpl\u00e5t och v\u00e5ra maskiner \u00e4r utrustade f\u00f6r precisionstillverkning i alla typer grovpl\u00e5t.\",\"breadcrumb\":{\"@id\":\"https:\/\/proplate.se\/material\/#breadcrumb\"},\"inLanguage\":\"en-US\",\"potentialAction\":[{\"@type\":\"ReadAction\",\"target\":[\"https:\/\/proplate.se\/material\/\"]}]},{\"@type\":\"ImageObject\",\"inLanguage\":\"en-US\",\"@id\":\"https:\/\/proplate.se\/material\/#primaryimage\",\"url\":\"https:\/\/proplate.se\/wp-content\/uploads\/2025\/02\/konstruktionsstal-proplate-1024x683.jpg\",\"contentUrl\":\"https:\/\/proplate.se\/wp-content\/uploads\/2025\/02\/konstruktionsstal-proplate-1024x683.jpg\"},{\"@type\":\"BreadcrumbList\",\"@id\":\"https:\/\/proplate.se\/material\/#breadcrumb\",\"itemListElement\":[{\"@type\":\"ListItem\",\"position\":1,\"name\":\"Hem\",\"item\":\"https:\/\/proplate.se\/\"},{\"@type\":\"ListItem\",\"position\":2,\"name\":\"Material\"}]},{\"@type\":\"WebSite\",\"@id\":\"https:\/\/proplate.se\/#website\",\"url\":\"https:\/\/proplate.se\/\",\"name\":\"Proplate\",\"description\":\"\",\"potentialAction\":[{\"@type\":\"SearchAction\",\"target\":{\"@type\":\"EntryPoint\",\"urlTemplate\":\"https:\/\/proplate.se\/?s={search_term_string}\"},\"query-input\":{\"@type\":\"PropertyValueSpecification\",\"valueRequired\":true,\"valueName\":\"search_term_string\"}}],\"inLanguage\":\"en-US\"}]}<\/script>\n<!-- \/ Yoast SEO plugin. -->","yoast_head_json":{"title":"Material | Proplate - Globala st\u00e5ll\u00f6sningar","description":"V\u00e5ra st\u00e5lkomponenter tillverkas av h\u00f6gkvalitativ st\u00e5lpl\u00e5t och v\u00e5ra maskiner \u00e4r utrustade f\u00f6r precisionstillverkning i alla typer grovpl\u00e5t.","robots":{"index":"index","follow":"follow","max-snippet":"max-snippet:-1","max-image-preview":"max-image-preview:large","max-video-preview":"max-video-preview:-1"},"canonical":"https:\/\/proplate.se\/en\/material\/","og_locale":"en_US","og_type":"article","og_title":"Material | Proplate - Globala st\u00e5ll\u00f6sningar","og_description":"V\u00e5ra st\u00e5lkomponenter tillverkas av h\u00f6gkvalitativ st\u00e5lpl\u00e5t och v\u00e5ra maskiner \u00e4r utrustade f\u00f6r precisionstillverkning i alla typer grovpl\u00e5t.","og_url":"https:\/\/proplate.se\/en\/material\/","og_site_name":"Proplate","article_modified_time":"2025-08-27T13:24:09+00:00","og_image":[{"width":1200,"height":800,"url":"https:\/\/proplate.se\/wp-content\/uploads\/2025\/02\/konstruktionsstal-proplate.jpg","type":"image\/jpeg"}],"twitter_card":"summary_large_image","twitter_misc":{"Est. reading time":"2 minutes"},"schema":{"@context":"https:\/\/schema.org","@graph":[{"@type":"WebPage","@id":"https:\/\/proplate.se\/material\/","url":"https:\/\/proplate.se\/material\/","name":"Material | Proplate - Globala st\u00e5ll\u00f6sningar","isPartOf":{"@id":"https:\/\/proplate.se\/#website"},"primaryImageOfPage":{"@id":"https:\/\/proplate.se\/material\/#primaryimage"},"image":{"@id":"https:\/\/proplate.se\/material\/#primaryimage"},"thumbnailUrl":"https:\/\/proplate.se\/wp-content\/uploads\/2025\/02\/konstruktionsstal-proplate-1024x683.jpg","datePublished":"2025-02-05T18:41:35+00:00","dateModified":"2025-08-27T13:24:09+00:00","description":"V\u00e5ra st\u00e5lkomponenter tillverkas av h\u00f6gkvalitativ st\u00e5lpl\u00e5t och v\u00e5ra maskiner \u00e4r utrustade f\u00f6r precisionstillverkning i alla typer grovpl\u00e5t.","breadcrumb":{"@id":"https:\/\/proplate.se\/material\/#breadcrumb"},"inLanguage":"en-US","potentialAction":[{"@type":"ReadAction","target":["https:\/\/proplate.se\/material\/"]}]},{"@type":"ImageObject","inLanguage":"en-US","@id":"https:\/\/proplate.se\/material\/#primaryimage","url":"https:\/\/proplate.se\/wp-content\/uploads\/2025\/02\/konstruktionsstal-proplate-1024x683.jpg","contentUrl":"https:\/\/proplate.se\/wp-content\/uploads\/2025\/02\/konstruktionsstal-proplate-1024x683.jpg"},{"@type":"BreadcrumbList","@id":"https:\/\/proplate.se\/material\/#breadcrumb","itemListElement":[{"@type":"ListItem","position":1,"name":"Hem","item":"https:\/\/proplate.se\/"},{"@type":"ListItem","position":2,"name":"Material"}]},{"@type":"WebSite","@id":"https:\/\/proplate.se\/#website","url":"https:\/\/proplate.se\/","name":"Proplate","description":"","potentialAction":[{"@type":"SearchAction","target":{"@type":"EntryPoint","urlTemplate":"https:\/\/proplate.se\/?s={search_term_string}"},"query-input":{"@type":"PropertyValueSpecification","valueRequired":true,"valueName":"search_term_string"}}],"inLanguage":"en-US"}]}},"_links":{"self":[{"href":"https:\/\/proplate.se\/en\/wp-json\/wp\/v2\/pages\/655","targetHints":{"allow":["GET"]}}],"collection":[{"href":"https:\/\/proplate.se\/en\/wp-json\/wp\/v2\/pages"}],"about":[{"href":"https:\/\/proplate.se\/en\/wp-json\/wp\/v2\/types\/page"}],"author":[{"embeddable":true,"href":"https:\/\/proplate.se\/en\/wp-json\/wp\/v2\/users\/1"}],"replies":[{"embeddable":true,"href":"https:\/\/proplate.se\/en\/wp-json\/wp\/v2\/comments?post=655"}],"version-history":[{"count":94,"href":"https:\/\/proplate.se\/en\/wp-json\/wp\/v2\/pages\/655\/revisions"}],"predecessor-version":[{"id":3663,"href":"https:\/\/proplate.se\/en\/wp-json\/wp\/v2\/pages\/655\/revisions\/3663"}],"wp:attachment":[{"href":"https:\/\/proplate.se\/en\/wp-json\/wp\/v2\/media?parent=655"}],"curies":[{"name":"wp","href":"https:\/\/api.w.org\/{rel}","templated":true}]}}