{"id":4000,"date":"2025-10-14T13:01:57","date_gmt":"2025-10-14T12:01:57","guid":{"rendered":"https:\/\/proplate.se\/?page_id=4000"},"modified":"2025-10-17T09:06:43","modified_gmt":"2025-10-17T08:06:43","slug":"medarbetarportratt-caroline-ruohonen-sundberg","status":"publish","type":"page","link":"https:\/\/proplate.se\/en\/products\/medarbetarportratt-caroline-ruohonen-sundberg\/","title":{"rendered":"Medarbetarportr\u00e4tt &#8211; Caroline Ruohonen Sundberg"},"content":{"rendered":"<div data-elementor-type=\"wp-page\" data-elementor-id=\"4000\" class=\"elementor elementor-4000\" data-elementor-post-type=\"page\">\n\t\t\t\t<div class=\"elementor-element elementor-element-9182d70 e-flex e-con-boxed e-con e-parent\" data-id=\"9182d70\" data-element_type=\"container\" data-settings=\"{&quot;background_background&quot;:&quot;classic&quot;}\">\n\t\t\t\t\t<div class=\"e-con-inner\">\n\t\t\t\t<div class=\"elementor-element elementor-element-c7de307 elementor-widget__width-initial elementor-widget elementor-widget-heading\" data-id=\"c7de307\" data-element_type=\"widget\" data-widget_type=\"heading.default\">\n\t\t\t\t<div class=\"elementor-widget-container\">\n\t\t\t\t\t<h1 class=\"elementor-heading-title elementor-size-default\">Caroline  Ruohonen Sundberg<\/h1>\t\t\t\t<\/div>\n\t\t\t\t<\/div>\n\t\t\t\t<div class=\"elementor-element elementor-element-4f309c5 elementor-widget elementor-widget-image\" data-id=\"4f309c5\" data-element_type=\"widget\" data-widget_type=\"image.default\">\n\t\t\t\t<div class=\"elementor-widget-container\">\n\t\t\t\t\t\t\t\t\t\t\t\t\t\t\t<img fetchpriority=\"high\" decoding=\"async\" width=\"768\" height=\"722\" src=\"https:\/\/proplate.se\/wp-content\/uploads\/2025\/09\/caroline-ruohonen-sundberg-768x722.jpg\" class=\"attachment-medium_large size-medium_large wp-image-3862\" alt=\"Caroline Ruohonen Sundberg\" srcset=\"https:\/\/proplate.se\/wp-content\/uploads\/2025\/09\/caroline-ruohonen-sundberg-768x722.jpg 768w, https:\/\/proplate.se\/wp-content\/uploads\/2025\/09\/caroline-ruohonen-sundberg-300x282.jpg 300w, https:\/\/proplate.se\/wp-content\/uploads\/2025\/09\/caroline-ruohonen-sundberg-1024x962.jpg 1024w, https:\/\/proplate.se\/wp-content\/uploads\/2025\/09\/caroline-ruohonen-sundberg-1536x1444.jpg 1536w, https:\/\/proplate.se\/wp-content\/uploads\/2025\/09\/caroline-ruohonen-sundberg-2048x1925.jpg 2048w, https:\/\/proplate.se\/wp-content\/uploads\/2025\/09\/caroline-ruohonen-sundberg-13x12.jpg 13w\" sizes=\"(max-width: 768px) 100vw, 768px\" \/>\t\t\t\t\t\t\t\t\t\t\t\t\t\t\t<\/div>\n\t\t\t\t<\/div>\n\t\t\t\t\t<\/div>\n\t\t\t\t<\/div>\n\t\t<div class=\"elementor-element elementor-element-841a89e e-flex e-con-boxed e-con e-parent\" data-id=\"841a89e\" data-element_type=\"container\" data-settings=\"{&quot;background_background&quot;:&quot;classic&quot;}\">\n\t\t\t\t\t<div class=\"e-con-inner\">\n\t\t<div class=\"elementor-element elementor-element-e749546 e-con-full e-flex e-con e-child\" data-id=\"e749546\" data-element_type=\"container\">\n\t\t<div class=\"elementor-element elementor-element-b1d76ac e-con-full e-flex e-con e-child\" data-id=\"b1d76ac\" data-element_type=\"container\">\n\t\t\t\t<div class=\"elementor-element elementor-element-d9f0622 elementor-widget__width-inherit elementor-widget elementor-widget-text-editor\" data-id=\"d9f0622\" data-element_type=\"widget\" data-widget_type=\"text-editor.default\">\n\t\t\t\t<div class=\"elementor-widget-container\">\n\t\t\t\t\t\t\t\t\t<div class=\"xdj266r x14z9mp xat24cr x1lziwak x1vvkbs x126k92a\"><div dir=\"auto\"><h2><strong>Caroline found her place in the industry<\/strong><\/h2><p><strong>For a long time, Caroline saw herself as someone who would always work with people. But life took a different turn. After a few years in childcare, she decided to try something completely new \u2013 the industrial sector. What started as a step toward more balance in life led her to discover an entirely new side of herself: the joy of operating large machines.\n\nToday, Caroline works as a Production Planner at Proplate, and she describes her days as both eventful and full of challenges.<\/strong><\/p><h2><strong>When did you start at Proplate, and what attracted you to the company?<\/strong><\/h2><p>\u201cI started at Proplate in December 2019. I had always thought of myself as someone who should work with people, and I was working in childcare with very young children. The problem was that I never mentally stopped working, and in the long run it became too much. That\u2019s why I decided to try something completely different \u2013 which led me to the industry. I got to drive tuggers and forklifts, with the goal of focusing on my own well-being and actually feeling finished for the day when the workday ended.\n\nBut I discovered a side of myself I didn\u2019t know existed: I really enjoyed driving large machines. So when the temporary position ended, I searched for other places where I could do something similar. I found Proplate\u2019s website and sent in an open application. That led to a position here. I started out in logistics and shipping.\u201d\n\n\u201cI\u2019ve realized that I still get to work with people \u2013 just in a different way than I originally thought. And that suits me perfectly.\u201d<\/p><p>Jag uppt\u00e4ckte dock en sida av mig sj\u00e4lv som jag inte trodde fanns och det var att jag tyckte det var s\u00e5 roligt att k\u00f6ra stora maskiner. S\u00e5 n\u00e4r vikariatet var slut letade jag f\u00f6r fullt efter andra platser d\u00e4r jag kunde jobba med ungef\u00e4r samma saker. Jag hittade Proplates hemsida och skickade in en intresseanm\u00e4lan. Och den ledde till en anst\u00e4llning. Jag b\u00f6rjade min tid p\u00e5 Proplate p\u00e5 logistik och utleverans.<\/p><p>Jag har landat i att jag f\u00e5r jobba med m\u00e4nniskor p\u00e5 ett annat s\u00e4tt \u00e4n jag t\u00e4nkte fr\u00e5n b\u00f6rjan och det passar mig utm\u00e4rkt.<\/p><h2><strong>What does a typical day look like for you?<\/strong><\/h2><p>\u201cMy days in planning are incredibly varied, so you really have to keep up with the pace. It\u2019s an eventful job where a new plan may be needed several times a day. A lot of time is spent at the computer, but you also need to be very present in production. You can\u2019t always plan your days down to the last detail, because things rarely turn out exactly as expected and urgent issues often arise.\u201d<\/p><h2><strong>What\u2019s been the best thing about working at Proplate?<\/strong><\/h2><p>\u201cThe best thing is that Proplate sees potential in people beyond their education or what\u2019s listed on their CV. For me, that meant I was given the chance to try production planning even though I had no previous experience. I\u2019m incredibly grateful for that.\u201d<\/p><h2><strong>Is there a project you particularly remember?<\/strong><\/h2><p>\u201cOne project that was really exciting was when we worked on two bridge projects at the same time. There were countless details, from steel parts over 21 meters long to small pieces only 25 centimeters. When I saw the project plan, I thought: how is this going to work? It required a lot of hands-on involvement and close monitoring, but it was a lot of fun.\u201d\n\n\u201cAnd I\u2019m still waiting for the day when a customer orders something in pink. The industry could definitely use a bit more color!\u201d<\/p><p>Sen v\u00e4ntar jag fortfarande p\u00e5 den dagen som n\u00e5gon kund ska best\u00e4lla n\u00e5gonting av oss som \u00e4r rosa. Det beh\u00f6vs lite mer f\u00e4rg i industrin.\u00a0<\/p><h2><strong>What do you do in your free time?<\/strong><\/h2><p>\u201cIn my free time, I enjoy spending time with friends and family. I also love baking.\u201d<\/p><h2><strong>What\u2019s something people might not know about you?<\/strong><\/h2><p>\u201cOh, I don\u2019t think there\u2019s much that nobody knows about me, I\u2019m not very secretive. But I really enjoy singing. Unfortunately, I suffer from severe stage fright, so I don\u2019t perform in front of people.\u201d<\/p><p><strong>\u00a0<\/strong><\/p><\/div><\/div>\t\t\t\t\t\t\t\t<\/div>\n\t\t\t\t<\/div>\n\t\t\t\t<\/div>\n\t\t<div class=\"elementor-element elementor-element-458da3b e-con-full e-flex e-con e-child\" data-id=\"458da3b\" data-element_type=\"container\">\n\t\t<div class=\"elementor-element elementor-element-a3364d5 e-con-full e-flex e-con e-child\" data-id=\"a3364d5\" data-element_type=\"container\">\n\t\t\t\t<div class=\"elementor-element elementor-element-0afc2fc elementor-widget__width-initial elementor-widget elementor-widget-heading\" data-id=\"0afc2fc\" data-element_type=\"widget\" data-widget_type=\"heading.default\">\n\t\t\t\t<div class=\"elementor-widget-container\">\n\t\t\t\t\t<h3 class=\"elementor-heading-title elementor-size-default\">Contact<\/h3>\t\t\t\t<\/div>\n\t\t\t\t<\/div>\n\t\t\t\t<div class=\"elementor-element elementor-element-612ff88 elementor-widget elementor-widget-image\" data-id=\"612ff88\" data-element_type=\"widget\" data-widget_type=\"image.default\">\n\t\t\t\t<div class=\"elementor-widget-container\">\n\t\t\t\t\t\t\t\t\t\t\t\t\t\t\t<img decoding=\"async\" width=\"393\" height=\"426\" src=\"https:\/\/proplate.se\/wp-content\/uploads\/2025\/09\/annelie-thorn.jpg\" class=\"attachment-large size-large wp-image-3671\" alt=\"Annelie Th\u00f6rn\" srcset=\"https:\/\/proplate.se\/wp-content\/uploads\/2025\/09\/annelie-thorn.jpg 393w, https:\/\/proplate.se\/wp-content\/uploads\/2025\/09\/annelie-thorn-277x300.jpg 277w, https:\/\/proplate.se\/wp-content\/uploads\/2025\/09\/annelie-thorn-11x12.jpg 11w\" sizes=\"(max-width: 393px) 100vw, 393px\" \/>\t\t\t\t\t\t\t\t\t\t\t\t\t\t\t<\/div>\n\t\t\t\t<\/div>\n\t\t\t\t<div class=\"elementor-element elementor-element-5356728 elementor-widget__width-auto elementor-widget elementor-widget-heading\" data-id=\"5356728\" data-element_type=\"widget\" data-widget_type=\"heading.default\">\n\t\t\t\t<div class=\"elementor-widget-container\">\n\t\t\t\t\t<h4 class=\"elementor-heading-title elementor-size-default\">Annelie Th\u00f6rn<\/h4>\t\t\t\t<\/div>\n\t\t\t\t<\/div>\n\t\t\t\t<div class=\"elementor-element elementor-element-5ec9688 elementor-widget elementor-widget-text-editor\" data-id=\"5ec9688\" data-element_type=\"widget\" data-widget_type=\"text-editor.default\">\n\t\t\t\t<div class=\"elementor-widget-container\">\n\t\t\t\t\t\t\t\t\t<p>\u00a0Phone: +46 (0)10-195 41 13<br \/><span class=\"icon_mobile\">\u00a0<\/span>Mobile: +46 (0)76-104 07 48<br \/><span class=\"icon_mail_alt\">\u00a0<\/span><a href=\"mailto:annelie.thorn@proplate.se\">annelie.thorn@proplate.se<\/a><\/p>\t\t\t\t\t\t\t\t<\/div>\n\t\t\t\t<\/div>\n\t\t\t\t<\/div>\n\t\t\t\t<\/div>\n\t\t\t\t<\/div>\n\t\t\t\t\t<\/div>\n\t\t\t\t<\/div>\n\t\t<div class=\"elementor-element elementor-element-3e29706 e-flex e-con-boxed e-con e-parent\" data-id=\"3e29706\" data-element_type=\"container\" data-settings=\"{&quot;background_background&quot;:&quot;classic&quot;}\">\n\t\t\t\t\t<div class=\"e-con-inner\">\n\t\t<div class=\"elementor-element elementor-element-cd06c08 e-con-full e-flex e-con e-child\" data-id=\"cd06c08\" data-element_type=\"container\">\n\t\t<div class=\"elementor-element elementor-element-5982c0c e-con-full e-flex e-con e-child\" data-id=\"5982c0c\" data-element_type=\"container\">\n\t\t\t\t<div class=\"elementor-element elementor-element-4d7572a elementor-widget__width-inherit elementor-widget elementor-widget-heading\" data-id=\"4d7572a\" data-element_type=\"widget\" data-widget_type=\"heading.default\">\n\t\t\t\t<div class=\"elementor-widget-container\">\n\t\t\t\t\t<h3 class=\"elementor-heading-title elementor-size-default\">Contact Us<\/h3>\t\t\t\t<\/div>\n\t\t\t\t<\/div>\n\t\t\t\t<div class=\"elementor-element elementor-element-0f7c435 elementor-widget__width-initial elementor-widget elementor-widget-text-editor\" data-id=\"0f7c435\" data-element_type=\"widget\" data-widget_type=\"text-editor.default\">\n\t\t\t\t<div class=\"elementor-widget-container\">\n\t\t\t\t\t\t\t\t\t<p>Feel free to reach out to us and explore how we can create innovative solutions together.<\/p>\t\t\t\t\t\t\t\t<\/div>\n\t\t\t\t<\/div>\n\t\t\t\t<\/div>\n\t\t<div class=\"elementor-element elementor-element-d983149 e-con-full e-flex e-con e-child\" data-id=\"d983149\" data-element_type=\"container\">\n\t\t\t\t<div class=\"elementor-element elementor-element-a076a21 elementor-button-align-stretch elementor-widget elementor-widget-form\" data-id=\"a076a21\" data-element_type=\"widget\" data-settings=\"{&quot;button_width&quot;:&quot;100&quot;,&quot;step_type&quot;:&quot;number_text&quot;,&quot;step_icon_shape&quot;:&quot;circle&quot;}\" data-widget_type=\"form.default\">\n\t\t\t\t<div class=\"elementor-widget-container\">\n\t\t\t\t\t\t\t<form class=\"elementor-form\" method=\"post\" name=\"Nytt formul\u00e4r\" action=\"\">\n\t\t\t<input type=\"hidden\" name=\"post_id\" value=\"4000\"\/>\n\t\t\t<input type=\"hidden\" name=\"form_id\" value=\"a076a21\"\/>\n\t\t\t<input type=\"hidden\" name=\"referer_title\" value=\"Proplate\" \/>\n\n\t\t\t\n\t\t\t<div class=\"elementor-form-fields-wrapper elementor-labels-\">\n\t\t\t\t\t\t\t\t<div class=\"elementor-field-type-text elementor-field-group elementor-column elementor-field-group-name elementor-col-100\">\n\t\t\t\t\t\t\t\t\t\t\t\t<label for=\"form-field-name\" class=\"elementor-field-label elementor-screen-only\">\n\t\t\t\t\t\t\t\tNamn\t\t\t\t\t\t\t<\/label>\n\t\t\t\t\t\t\t\t\t\t\t\t\t\t<input size=\"1\" type=\"text\" name=\"form_fields[name]\" id=\"form-field-name\" class=\"elementor-field elementor-size-sm  elementor-field-textual\" placeholder=\"Name*\">\n\t\t\t\t\t\t\t\t\t\t\t<\/div>\n\t\t\t\t\t\t\t\t<div class=\"elementor-field-type-email elementor-field-group elementor-column elementor-field-group-email elementor-col-100 elementor-field-required\">\n\t\t\t\t\t\t\t\t\t\t\t\t<label for=\"form-field-email\" class=\"elementor-field-label elementor-screen-only\">\n\t\t\t\t\t\t\t\tE-post\t\t\t\t\t\t\t<\/label>\n\t\t\t\t\t\t\t\t\t\t\t\t\t\t<input size=\"1\" type=\"email\" name=\"form_fields[email]\" id=\"form-field-email\" class=\"elementor-field elementor-size-sm  elementor-field-textual\" placeholder=\"E-mail*\" required=\"required\">\n\t\t\t\t\t\t\t\t\t\t\t<\/div>\n\t\t\t\t\t\t\t\t<div class=\"elementor-field-type-text elementor-field-group elementor-column elementor-field-group-field_6527881 elementor-col-100 elementor-field-required\">\n\t\t\t\t\t\t\t\t\t\t\t\t<label for=\"form-field-field_6527881\" class=\"elementor-field-label elementor-screen-only\">\n\t\t\t\t\t\t\t\tF\u00f6retag\t\t\t\t\t\t\t<\/label>\n\t\t\t\t\t\t\t\t\t\t\t\t\t\t<input size=\"1\" type=\"text\" name=\"form_fields[field_6527881]\" id=\"form-field-field_6527881\" class=\"elementor-field elementor-size-sm  elementor-field-textual\" placeholder=\"Company*\" required=\"required\">\n\t\t\t\t\t\t\t\t\t\t\t<\/div>\n\t\t\t\t\t\t\t\t<div class=\"elementor-field-type-tel elementor-field-group elementor-column elementor-field-group-field_9d23489 elementor-col-100\">\n\t\t\t\t\t\t\t\t\t\t\t\t<label for=\"form-field-field_9d23489\" class=\"elementor-field-label elementor-screen-only\">\n\t\t\t\t\t\t\t\tTelefon\t\t\t\t\t\t\t<\/label>\n\t\t\t\t\t\t\t\t<input size=\"1\" type=\"tel\" name=\"form_fields[field_9d23489]\" id=\"form-field-field_9d23489\" class=\"elementor-field elementor-size-sm  elementor-field-textual\" placeholder=\"Phone*\" pattern=\"[0-9()#&amp;+*-=.]+\" title=\"Only numbers and phone characters (#, -, *, etc) are accepted.\">\n\n\t\t\t\t\t\t<\/div>\n\t\t\t\t\t\t\t\t<div class=\"elementor-field-type-textarea elementor-field-group elementor-column elementor-field-group-message elementor-col-100\">\n\t\t\t\t\t\t\t\t\t\t\t\t<label for=\"form-field-message\" class=\"elementor-field-label elementor-screen-only\">\n\t\t\t\t\t\t\t\tMeddelande\t\t\t\t\t\t\t<\/label>\n\t\t\t\t\t\t<textarea class=\"elementor-field-textual elementor-field  elementor-size-sm\" name=\"form_fields[message]\" id=\"form-field-message\" rows=\"4\" placeholder=\"Message*\"><\/textarea>\t\t\t\t<\/div>\n\t\t\t\t\t\t\t\t<div class=\"elementor-field-group elementor-column elementor-field-type-submit elementor-col-100 e-form__buttons\">\n\t\t\t\t\t<button class=\"elementor-button elementor-size-sm\" type=\"submit\">\n\t\t\t\t\t\t<span class=\"elementor-button-content-wrapper\">\n\t\t\t\t\t\t\t\t\t\t\t\t\t\t\t<span class=\"elementor-button-icon\">\n\t\t\t\t\t\t\t\t\t<i aria-hidden=\"true\" class=\"fas fa-arrow-right\"><\/i>\t\t\t\t\t\t\t\t\t\t\t\t\t\t\t\t\t<\/span>\n\t\t\t\t\t\t\t\t\t\t\t\t\t\t\t\t\t\t\t\t\t\t<span class=\"elementor-button-text\">Send<\/span>\n\t\t\t\t\t\t\t\t\t\t\t\t\t<\/span>\n\t\t\t\t\t<\/button>\n\t\t\t\t<\/div>\n\t\t\t<\/div>\n\t\t<input type=\"hidden\" name=\"trp-form-language\" value=\"en\"\/><\/form>\n\t\t\t\t\t\t<\/div>\n\t\t\t\t<\/div>\n\t\t\t\t<\/div>\n\t\t\t\t<\/div>\n\t\t\t\t\t<\/div>\n\t\t\t\t<\/div>\n\t\t\t\t<\/div>","protected":false},"excerpt":{"rendered":"<p>Caroline Ruohonen Sundberg Caroline hittade hem i industrin Hon s\u00e5g sig l\u00e4nge som en person som skulle jobba med m\u00e4nniskor, men v\u00e4gen tog en annan riktning. Efter n\u00e5gra \u00e5r inom barnomsorg best\u00e4mde sig Caroline f\u00f6r att prova n\u00e5got helt nytt \u2013 industrin. Det som fr\u00e5n b\u00f6rjan var ett steg f\u00f6r att f\u00e5 mer balans i [&hellip;]<\/p>","protected":false},"author":5,"featured_media":0,"parent":308,"menu_order":0,"comment_status":"closed","ping_status":"closed","template":"","meta":{"footnotes":""},"class_list":["post-4000","page","type-page","status-publish","hentry"],"yoast_head":"<!-- This site is optimized with the Yoast SEO plugin v25.1 - https:\/\/yoast.com\/wordpress\/plugins\/seo\/ -->\n<title>Medarbetarportr\u00e4tt - Caroline Ruohonen Sundberg | Proplate - Globala st\u00e5ll\u00f6sningar<\/title>\n<meta name=\"description\" content=\"Medarbetarportr\u00e4tt - Caroline Ruohonen Sundberg | Vi tillverkar industriella komponenter i specialst\u00e5l till kunder \u00f6ver hela v\u00e4rlden | V\u00e4lj Proplate f\u00f6r skr\u00e4ddarsydd metallbearbetning\" \/>\n<meta name=\"robots\" content=\"index, follow, max-snippet:-1, max-image-preview:large, max-video-preview:-1\" \/>\n<link rel=\"canonical\" href=\"https:\/\/proplate.se\/en\/products\/medarbetarportratt-caroline-ruohonen-sundberg\/\" \/>\n<meta property=\"og:locale\" content=\"en_US\" \/>\n<meta property=\"og:type\" content=\"article\" \/>\n<meta property=\"og:title\" content=\"Medarbetarportr\u00e4tt - Caroline Ruohonen Sundberg | Proplate - Globala st\u00e5ll\u00f6sningar\" \/>\n<meta property=\"og:description\" content=\"Medarbetarportr\u00e4tt - Caroline Ruohonen Sundberg | Vi tillverkar industriella komponenter i specialst\u00e5l till kunder \u00f6ver hela v\u00e4rlden | V\u00e4lj Proplate f\u00f6r skr\u00e4ddarsydd metallbearbetning\" \/>\n<meta property=\"og:url\" content=\"https:\/\/proplate.se\/en\/products\/medarbetarportratt-caroline-ruohonen-sundberg\/\" \/>\n<meta property=\"og:site_name\" content=\"Proplate\" \/>\n<meta property=\"article:modified_time\" content=\"2025-10-17T08:06:43+00:00\" \/>\n<meta property=\"og:image\" content=\"https:\/\/proplate.se\/wp-content\/uploads\/2025\/09\/caroline-ruohonen-sundberg-scaled.jpg\" \/>\n\t<meta property=\"og:image:width\" content=\"2560\" \/>\n\t<meta property=\"og:image:height\" content=\"2406\" \/>\n\t<meta property=\"og:image:type\" content=\"image\/jpeg\" \/>\n<meta name=\"twitter:card\" content=\"summary_large_image\" \/>\n<meta name=\"twitter:label1\" content=\"Est. reading time\" \/>\n\t<meta name=\"twitter:data1\" content=\"4 minutes\" \/>\n<script type=\"application\/ld+json\" class=\"yoast-schema-graph\">{\"@context\":\"https:\/\/schema.org\",\"@graph\":[{\"@type\":\"WebPage\",\"@id\":\"https:\/\/proplate.se\/produkter\/medarbetarportratt-caroline-ruohonen-sundberg\/\",\"url\":\"https:\/\/proplate.se\/produkter\/medarbetarportratt-caroline-ruohonen-sundberg\/\",\"name\":\"Medarbetarportr\u00e4tt - Caroline Ruohonen Sundberg | Proplate - Globala st\u00e5ll\u00f6sningar\",\"isPartOf\":{\"@id\":\"https:\/\/proplate.se\/#website\"},\"primaryImageOfPage\":{\"@id\":\"https:\/\/proplate.se\/produkter\/medarbetarportratt-caroline-ruohonen-sundberg\/#primaryimage\"},\"image\":{\"@id\":\"https:\/\/proplate.se\/produkter\/medarbetarportratt-caroline-ruohonen-sundberg\/#primaryimage\"},\"thumbnailUrl\":\"https:\/\/proplate.se\/wp-content\/uploads\/2025\/09\/caroline-ruohonen-sundberg-768x722.jpg\",\"datePublished\":\"2025-10-14T12:01:57+00:00\",\"dateModified\":\"2025-10-17T08:06:43+00:00\",\"description\":\"Medarbetarportr\u00e4tt - Caroline Ruohonen Sundberg | Vi tillverkar industriella komponenter i specialst\u00e5l till kunder \u00f6ver hela v\u00e4rlden | V\u00e4lj Proplate f\u00f6r skr\u00e4ddarsydd metallbearbetning\",\"breadcrumb\":{\"@id\":\"https:\/\/proplate.se\/produkter\/medarbetarportratt-caroline-ruohonen-sundberg\/#breadcrumb\"},\"inLanguage\":\"en-US\",\"potentialAction\":[{\"@type\":\"ReadAction\",\"target\":[\"https:\/\/proplate.se\/produkter\/medarbetarportratt-caroline-ruohonen-sundberg\/\"]}]},{\"@type\":\"ImageObject\",\"inLanguage\":\"en-US\",\"@id\":\"https:\/\/proplate.se\/produkter\/medarbetarportratt-caroline-ruohonen-sundberg\/#primaryimage\",\"url\":\"https:\/\/proplate.se\/wp-content\/uploads\/2025\/09\/caroline-ruohonen-sundberg-768x722.jpg\",\"contentUrl\":\"https:\/\/proplate.se\/wp-content\/uploads\/2025\/09\/caroline-ruohonen-sundberg-768x722.jpg\"},{\"@type\":\"BreadcrumbList\",\"@id\":\"https:\/\/proplate.se\/produkter\/medarbetarportratt-caroline-ruohonen-sundberg\/#breadcrumb\",\"itemListElement\":[{\"@type\":\"ListItem\",\"position\":1,\"name\":\"Hem\",\"item\":\"https:\/\/proplate.se\/\"},{\"@type\":\"ListItem\",\"position\":2,\"name\":\"Produkter\",\"item\":\"https:\/\/proplate.se\/produkter\/\"},{\"@type\":\"ListItem\",\"position\":3,\"name\":\"Medarbetarportr\u00e4tt &#8211; Caroline Ruohonen Sundberg\"}]},{\"@type\":\"WebSite\",\"@id\":\"https:\/\/proplate.se\/#website\",\"url\":\"https:\/\/proplate.se\/\",\"name\":\"Proplate\",\"description\":\"\",\"potentialAction\":[{\"@type\":\"SearchAction\",\"target\":{\"@type\":\"EntryPoint\",\"urlTemplate\":\"https:\/\/proplate.se\/?s={search_term_string}\"},\"query-input\":{\"@type\":\"PropertyValueSpecification\",\"valueRequired\":true,\"valueName\":\"search_term_string\"}}],\"inLanguage\":\"en-US\"}]}<\/script>\n<!-- \/ Yoast SEO plugin. -->","yoast_head_json":{"title":"Medarbetarportr\u00e4tt - Caroline Ruohonen Sundberg | Proplate - Globala st\u00e5ll\u00f6sningar","description":"Medarbetarportr\u00e4tt - Caroline Ruohonen Sundberg | Vi tillverkar industriella komponenter i specialst\u00e5l till kunder \u00f6ver hela v\u00e4rlden | V\u00e4lj Proplate f\u00f6r skr\u00e4ddarsydd metallbearbetning","robots":{"index":"index","follow":"follow","max-snippet":"max-snippet:-1","max-image-preview":"max-image-preview:large","max-video-preview":"max-video-preview:-1"},"canonical":"https:\/\/proplate.se\/en\/products\/medarbetarportratt-caroline-ruohonen-sundberg\/","og_locale":"en_US","og_type":"article","og_title":"Medarbetarportr\u00e4tt - Caroline Ruohonen Sundberg | Proplate - Globala st\u00e5ll\u00f6sningar","og_description":"Medarbetarportr\u00e4tt - Caroline Ruohonen Sundberg | Vi tillverkar industriella komponenter i specialst\u00e5l till kunder \u00f6ver hela v\u00e4rlden | V\u00e4lj Proplate f\u00f6r skr\u00e4ddarsydd metallbearbetning","og_url":"https:\/\/proplate.se\/en\/products\/medarbetarportratt-caroline-ruohonen-sundberg\/","og_site_name":"Proplate","article_modified_time":"2025-10-17T08:06:43+00:00","og_image":[{"width":2560,"height":2406,"url":"https:\/\/proplate.se\/wp-content\/uploads\/2025\/09\/caroline-ruohonen-sundberg-scaled.jpg","type":"image\/jpeg"}],"twitter_card":"summary_large_image","twitter_misc":{"Est. reading time":"4 minutes"},"schema":{"@context":"https:\/\/schema.org","@graph":[{"@type":"WebPage","@id":"https:\/\/proplate.se\/produkter\/medarbetarportratt-caroline-ruohonen-sundberg\/","url":"https:\/\/proplate.se\/produkter\/medarbetarportratt-caroline-ruohonen-sundberg\/","name":"Medarbetarportr\u00e4tt - Caroline Ruohonen Sundberg | Proplate - Globala st\u00e5ll\u00f6sningar","isPartOf":{"@id":"https:\/\/proplate.se\/#website"},"primaryImageOfPage":{"@id":"https:\/\/proplate.se\/produkter\/medarbetarportratt-caroline-ruohonen-sundberg\/#primaryimage"},"image":{"@id":"https:\/\/proplate.se\/produkter\/medarbetarportratt-caroline-ruohonen-sundberg\/#primaryimage"},"thumbnailUrl":"https:\/\/proplate.se\/wp-content\/uploads\/2025\/09\/caroline-ruohonen-sundberg-768x722.jpg","datePublished":"2025-10-14T12:01:57+00:00","dateModified":"2025-10-17T08:06:43+00:00","description":"Medarbetarportr\u00e4tt - Caroline Ruohonen Sundberg | Vi tillverkar industriella komponenter i specialst\u00e5l till kunder \u00f6ver hela v\u00e4rlden | V\u00e4lj Proplate f\u00f6r skr\u00e4ddarsydd metallbearbetning","breadcrumb":{"@id":"https:\/\/proplate.se\/produkter\/medarbetarportratt-caroline-ruohonen-sundberg\/#breadcrumb"},"inLanguage":"en-US","potentialAction":[{"@type":"ReadAction","target":["https:\/\/proplate.se\/produkter\/medarbetarportratt-caroline-ruohonen-sundberg\/"]}]},{"@type":"ImageObject","inLanguage":"en-US","@id":"https:\/\/proplate.se\/produkter\/medarbetarportratt-caroline-ruohonen-sundberg\/#primaryimage","url":"https:\/\/proplate.se\/wp-content\/uploads\/2025\/09\/caroline-ruohonen-sundberg-768x722.jpg","contentUrl":"https:\/\/proplate.se\/wp-content\/uploads\/2025\/09\/caroline-ruohonen-sundberg-768x722.jpg"},{"@type":"BreadcrumbList","@id":"https:\/\/proplate.se\/produkter\/medarbetarportratt-caroline-ruohonen-sundberg\/#breadcrumb","itemListElement":[{"@type":"ListItem","position":1,"name":"Hem","item":"https:\/\/proplate.se\/"},{"@type":"ListItem","position":2,"name":"Produkter","item":"https:\/\/proplate.se\/produkter\/"},{"@type":"ListItem","position":3,"name":"Medarbetarportr\u00e4tt &#8211; Caroline Ruohonen Sundberg"}]},{"@type":"WebSite","@id":"https:\/\/proplate.se\/#website","url":"https:\/\/proplate.se\/","name":"Proplate","description":"","potentialAction":[{"@type":"SearchAction","target":{"@type":"EntryPoint","urlTemplate":"https:\/\/proplate.se\/?s={search_term_string}"},"query-input":{"@type":"PropertyValueSpecification","valueRequired":true,"valueName":"search_term_string"}}],"inLanguage":"en-US"}]}},"_links":{"self":[{"href":"https:\/\/proplate.se\/en\/wp-json\/wp\/v2\/pages\/4000","targetHints":{"allow":["GET"]}}],"collection":[{"href":"https:\/\/proplate.se\/en\/wp-json\/wp\/v2\/pages"}],"about":[{"href":"https:\/\/proplate.se\/en\/wp-json\/wp\/v2\/types\/page"}],"author":[{"embeddable":true,"href":"https:\/\/proplate.se\/en\/wp-json\/wp\/v2\/users\/5"}],"replies":[{"embeddable":true,"href":"https:\/\/proplate.se\/en\/wp-json\/wp\/v2\/comments?post=4000"}],"version-history":[{"count":16,"href":"https:\/\/proplate.se\/en\/wp-json\/wp\/v2\/pages\/4000\/revisions"}],"predecessor-version":[{"id":4050,"href":"https:\/\/proplate.se\/en\/wp-json\/wp\/v2\/pages\/4000\/revisions\/4050"}],"up":[{"embeddable":true,"href":"https:\/\/proplate.se\/en\/wp-json\/wp\/v2\/pages\/308"}],"wp:attachment":[{"href":"https:\/\/proplate.se\/en\/wp-json\/wp\/v2\/media?parent=4000"}],"curies":[{"name":"wp","href":"https:\/\/api.w.org\/{rel}","templated":true}]}}