{"id":3929,"date":"2025-10-02T12:50:53","date_gmt":"2025-10-02T11:50:53","guid":{"rendered":"https:\/\/proplate.se\/?page_id=3929"},"modified":"2025-10-13T12:11:49","modified_gmt":"2025-10-13T11:11:49","slug":"medarbetarportratt-mensur-duric","status":"publish","type":"page","link":"https:\/\/proplate.se\/en\/products\/medarbetarportratt-mensur-duric\/","title":{"rendered":"Medarbetarportr\u00e4tt &#8211; Mensur Duric"},"content":{"rendered":"<div data-elementor-type=\"wp-page\" data-elementor-id=\"3929\" class=\"elementor elementor-3929\" data-elementor-post-type=\"page\">\n\t\t\t\t<div class=\"elementor-element elementor-element-9182d70 e-flex e-con-boxed e-con e-parent\" data-id=\"9182d70\" data-element_type=\"container\" data-settings=\"{&quot;background_background&quot;:&quot;classic&quot;}\">\n\t\t\t\t\t<div class=\"e-con-inner\">\n\t\t\t\t<div class=\"elementor-element elementor-element-c7de307 elementor-widget__width-initial elementor-widget elementor-widget-heading\" data-id=\"c7de307\" data-element_type=\"widget\" data-widget_type=\"heading.default\">\n\t\t\t\t<div class=\"elementor-widget-container\">\n\t\t\t\t\t<h1 class=\"elementor-heading-title elementor-size-default\">Mensur Duric<\/h1>\t\t\t\t<\/div>\n\t\t\t\t<\/div>\n\t\t\t\t<div class=\"elementor-element elementor-element-4f309c5 elementor-widget elementor-widget-image\" data-id=\"4f309c5\" data-element_type=\"widget\" data-widget_type=\"image.default\">\n\t\t\t\t<div class=\"elementor-widget-container\">\n\t\t\t\t\t\t\t\t\t\t\t\t\t\t\t<img fetchpriority=\"high\" decoding=\"async\" width=\"768\" height=\"1069\" src=\"https:\/\/proplate.se\/wp-content\/uploads\/2025\/09\/mensur-2-768x1069.jpg\" class=\"attachment-medium_large size-medium_large wp-image-3904\" alt=\"Mensur Duric\" srcset=\"https:\/\/proplate.se\/wp-content\/uploads\/2025\/09\/mensur-2-768x1069.jpg 768w, https:\/\/proplate.se\/wp-content\/uploads\/2025\/09\/mensur-2-215x300.jpg 215w, https:\/\/proplate.se\/wp-content\/uploads\/2025\/09\/mensur-2-736x1024.jpg 736w, https:\/\/proplate.se\/wp-content\/uploads\/2025\/09\/mensur-2-9x12.jpg 9w, https:\/\/proplate.se\/wp-content\/uploads\/2025\/09\/mensur-2.jpg 1104w\" sizes=\"(max-width: 768px) 100vw, 768px\" \/>\t\t\t\t\t\t\t\t\t\t\t\t\t\t\t<\/div>\n\t\t\t\t<\/div>\n\t\t\t\t\t<\/div>\n\t\t\t\t<\/div>\n\t\t<div class=\"elementor-element elementor-element-841a89e e-flex e-con-boxed e-con e-parent\" data-id=\"841a89e\" data-element_type=\"container\" data-settings=\"{&quot;background_background&quot;:&quot;classic&quot;}\">\n\t\t\t\t\t<div class=\"e-con-inner\">\n\t\t<div class=\"elementor-element elementor-element-e749546 e-con-full e-flex e-con e-child\" data-id=\"e749546\" data-element_type=\"container\">\n\t\t<div class=\"elementor-element elementor-element-b1d76ac e-con-full e-flex e-con e-child\" data-id=\"b1d76ac\" data-element_type=\"container\">\n\t\t\t\t<div class=\"elementor-element elementor-element-d9f0622 elementor-widget__width-inherit elementor-widget elementor-widget-text-editor\" data-id=\"d9f0622\" data-element_type=\"widget\" data-widget_type=\"text-editor.default\">\n\t\t\t\t<div class=\"elementor-widget-container\">\n\t\t\t\t\t\t\t\t\t<div class=\"xdj266r x14z9mp xat24cr x1lziwak x1vvkbs x126k92a\"><div dir=\"auto\"><p><strong>Mensur Duric is one of three Area Managers at Proplate, leading a team of around 30 people. With a long background in both service and industry, and many years of leadership experience, he sees community, safety, and growth as the most important parts of his role.<\/strong><\/p><p>\u201cI think people should praise each other more often. Too often we only point out what could be improved, but we should also highlight what others are doing really well. That makes a big difference, and that\u2019s the kind of difference I want to make.\u201d<\/p><p>Mensur\u2019s engagement runs deep, both for the work itself and for the people he works with. For him, it\u2019s equally important to deliver results and to make sure everyone feels good along the way.<\/p><h2><strong>What does a typical workday look like for you?<\/strong><\/h2><p>\u201cI manage Area 1, which covers cutting, marking, fluxing, grinding, blasting, assembly, and welding. My job is to keep everything running smoothly \u2013 ensuring we have the right staffing and that deliveries are on time. We recently went through a reorganization, and I\u2019ve taken on new areas of responsibility and gotten to know more colleagues. It\u2019s been both fun and a great learning experience.\u201d<\/p><h2><strong>What made you want to join Proplate?<\/strong><\/h2><p>\u201cThat was in 2021. I felt I wanted to try out more workplaces in the industry. When this position came up, it sounded interesting , and I\u2019ve never regretted the decision.\u201d<\/p><h2><strong>What\u2019s the best part of your job?<\/strong><\/h2><p>\u201cNumber one is the sense of community. Here, people of all ages and backgrounds work together, and we learn so much from each other. I also really appreciate that we get to handle so many different processes \u2013 from cutting to the finished product. It\u2019s exciting to follow the whole chain.\u201d<\/p><h2><strong>Is there something you\u2019re particularly proud of?<\/strong><\/h2><p>\u201cYes, one thing I\u2019m very proud of is that we\u2019ve managed to keep such a high level of safety. It means a lot to me that everyone goes home from work healthy and whole. I probably talk about safety a lot \u2013 but that\u2019s because it\u2019s so important. And we remind each other all the time, constantly lifting things that could be improved. Everyone feels it\u2019s a shared responsibility, not just the managers\u2019. I think that\u2019s why it works so well.\u201d<\/p><h2><strong>What do you enjoy outside of work?<\/strong><\/h2><p>\u201cI spend a lot of time with my family. In the summer we often travel by car through the Balkans. I also used to referee soccer at a high level \u2013 that took a lot of time, but now I only do it occasionally. And I really enjoy walking and cooking.\u201d<\/p><h2><strong>Tell us a little about your background.<\/strong><\/h2><p>\u201cI came to Sweden from Bosnia at the age of 16 and first lived in Hagfors, V\u00e4rmland. Since 1994, I\u2019ve been in Oxel\u00f6sund, where I also went to high school and studied business and administration.\u201d<\/p><h2><strong>Why should others consider working at Proplate?<\/strong><\/h2><p>\u201cI\u2019d say it\u2019s a workplace with a strong sense of community and plenty of opportunities to learn. You grow here, both as a person and in your profession. And it\u2019s rewarding to be part of a chain where we deliver a complete product to the customer.\u201d<\/p><\/div><\/div>\t\t\t\t\t\t\t\t<\/div>\n\t\t\t\t<\/div>\n\t\t\t\t<\/div>\n\t\t<div class=\"elementor-element elementor-element-458da3b e-con-full e-flex e-con e-child\" data-id=\"458da3b\" data-element_type=\"container\">\n\t\t<div class=\"elementor-element elementor-element-a3364d5 e-con-full e-flex e-con e-child\" data-id=\"a3364d5\" data-element_type=\"container\">\n\t\t\t\t<div class=\"elementor-element elementor-element-0afc2fc elementor-widget__width-initial elementor-widget elementor-widget-heading\" data-id=\"0afc2fc\" data-element_type=\"widget\" data-widget_type=\"heading.default\">\n\t\t\t\t<div class=\"elementor-widget-container\">\n\t\t\t\t\t<h3 class=\"elementor-heading-title elementor-size-default\">Contact<\/h3>\t\t\t\t<\/div>\n\t\t\t\t<\/div>\n\t\t\t\t<div class=\"elementor-element elementor-element-612ff88 elementor-widget elementor-widget-image\" data-id=\"612ff88\" data-element_type=\"widget\" data-widget_type=\"image.default\">\n\t\t\t\t<div class=\"elementor-widget-container\">\n\t\t\t\t\t\t\t\t\t\t\t\t\t\t\t<img decoding=\"async\" width=\"393\" height=\"426\" src=\"https:\/\/proplate.se\/wp-content\/uploads\/2025\/09\/annelie-thorn.jpg\" class=\"attachment-large size-large wp-image-3671\" alt=\"Annelie Th\u00f6rn\" srcset=\"https:\/\/proplate.se\/wp-content\/uploads\/2025\/09\/annelie-thorn.jpg 393w, https:\/\/proplate.se\/wp-content\/uploads\/2025\/09\/annelie-thorn-277x300.jpg 277w, https:\/\/proplate.se\/wp-content\/uploads\/2025\/09\/annelie-thorn-11x12.jpg 11w\" sizes=\"(max-width: 393px) 100vw, 393px\" \/>\t\t\t\t\t\t\t\t\t\t\t\t\t\t\t<\/div>\n\t\t\t\t<\/div>\n\t\t\t\t<div class=\"elementor-element elementor-element-5356728 elementor-widget__width-auto elementor-widget elementor-widget-heading\" data-id=\"5356728\" data-element_type=\"widget\" data-widget_type=\"heading.default\">\n\t\t\t\t<div class=\"elementor-widget-container\">\n\t\t\t\t\t<h4 class=\"elementor-heading-title elementor-size-default\">Annelie Th\u00f6rn<\/h4>\t\t\t\t<\/div>\n\t\t\t\t<\/div>\n\t\t\t\t<div class=\"elementor-element elementor-element-5ec9688 elementor-widget elementor-widget-text-editor\" data-id=\"5ec9688\" data-element_type=\"widget\" data-widget_type=\"text-editor.default\">\n\t\t\t\t<div class=\"elementor-widget-container\">\n\t\t\t\t\t\t\t\t\t<p>\u00a0Phone: +46 (0)10-195 41 13<br \/><span class=\"icon_mobile\">\u00a0<\/span>Mobile: +46 (0)76-104 07 48<br \/><span class=\"icon_mail_alt\">\u00a0<\/span><a href=\"mailto:annelie.thorn@proplate.se\">annelie.thorn@proplate.se<\/a><\/p>\t\t\t\t\t\t\t\t<\/div>\n\t\t\t\t<\/div>\n\t\t\t\t<\/div>\n\t\t\t\t<\/div>\n\t\t\t\t<\/div>\n\t\t\t\t\t<\/div>\n\t\t\t\t<\/div>\n\t\t<div class=\"elementor-element elementor-element-3e29706 e-flex e-con-boxed e-con e-parent\" data-id=\"3e29706\" data-element_type=\"container\" data-settings=\"{&quot;background_background&quot;:&quot;classic&quot;}\">\n\t\t\t\t\t<div class=\"e-con-inner\">\n\t\t<div class=\"elementor-element elementor-element-cd06c08 e-con-full e-flex e-con e-child\" data-id=\"cd06c08\" data-element_type=\"container\">\n\t\t<div class=\"elementor-element elementor-element-5982c0c e-con-full e-flex e-con e-child\" data-id=\"5982c0c\" data-element_type=\"container\">\n\t\t\t\t<div class=\"elementor-element elementor-element-4d7572a elementor-widget__width-inherit elementor-widget elementor-widget-heading\" data-id=\"4d7572a\" data-element_type=\"widget\" data-widget_type=\"heading.default\">\n\t\t\t\t<div class=\"elementor-widget-container\">\n\t\t\t\t\t<h3 class=\"elementor-heading-title elementor-size-default\">Contact Us<\/h3>\t\t\t\t<\/div>\n\t\t\t\t<\/div>\n\t\t\t\t<div class=\"elementor-element elementor-element-0f7c435 elementor-widget__width-initial elementor-widget elementor-widget-text-editor\" data-id=\"0f7c435\" data-element_type=\"widget\" data-widget_type=\"text-editor.default\">\n\t\t\t\t<div class=\"elementor-widget-container\">\n\t\t\t\t\t\t\t\t\t<p>Feel free to reach out to us and explore how we can create innovative solutions together.<\/p>\t\t\t\t\t\t\t\t<\/div>\n\t\t\t\t<\/div>\n\t\t\t\t<\/div>\n\t\t<div class=\"elementor-element elementor-element-d983149 e-con-full e-flex e-con e-child\" data-id=\"d983149\" data-element_type=\"container\">\n\t\t\t\t<div class=\"elementor-element elementor-element-a076a21 elementor-button-align-stretch elementor-widget elementor-widget-form\" data-id=\"a076a21\" data-element_type=\"widget\" data-settings=\"{&quot;button_width&quot;:&quot;100&quot;,&quot;step_type&quot;:&quot;number_text&quot;,&quot;step_icon_shape&quot;:&quot;circle&quot;}\" data-widget_type=\"form.default\">\n\t\t\t\t<div class=\"elementor-widget-container\">\n\t\t\t\t\t\t\t<form class=\"elementor-form\" method=\"post\" name=\"Nytt formul\u00e4r\" action=\"\">\n\t\t\t<input type=\"hidden\" name=\"post_id\" value=\"3929\"\/>\n\t\t\t<input type=\"hidden\" name=\"form_id\" value=\"a076a21\"\/>\n\t\t\t<input type=\"hidden\" name=\"referer_title\" value=\"Proplate\" \/>\n\n\t\t\t\n\t\t\t<div class=\"elementor-form-fields-wrapper elementor-labels-\">\n\t\t\t\t\t\t\t\t<div class=\"elementor-field-type-text elementor-field-group elementor-column elementor-field-group-name elementor-col-100\">\n\t\t\t\t\t\t\t\t\t\t\t\t<label for=\"form-field-name\" class=\"elementor-field-label elementor-screen-only\">\n\t\t\t\t\t\t\t\tNamn\t\t\t\t\t\t\t<\/label>\n\t\t\t\t\t\t\t\t\t\t\t\t\t\t<input size=\"1\" type=\"text\" name=\"form_fields[name]\" id=\"form-field-name\" class=\"elementor-field elementor-size-sm  elementor-field-textual\" placeholder=\"Name*\">\n\t\t\t\t\t\t\t\t\t\t\t<\/div>\n\t\t\t\t\t\t\t\t<div class=\"elementor-field-type-email elementor-field-group elementor-column elementor-field-group-email elementor-col-100 elementor-field-required\">\n\t\t\t\t\t\t\t\t\t\t\t\t<label for=\"form-field-email\" class=\"elementor-field-label elementor-screen-only\">\n\t\t\t\t\t\t\t\tE-post\t\t\t\t\t\t\t<\/label>\n\t\t\t\t\t\t\t\t\t\t\t\t\t\t<input size=\"1\" type=\"email\" name=\"form_fields[email]\" id=\"form-field-email\" class=\"elementor-field elementor-size-sm  elementor-field-textual\" placeholder=\"E-mail*\" required=\"required\">\n\t\t\t\t\t\t\t\t\t\t\t<\/div>\n\t\t\t\t\t\t\t\t<div class=\"elementor-field-type-text elementor-field-group elementor-column elementor-field-group-field_6527881 elementor-col-100 elementor-field-required\">\n\t\t\t\t\t\t\t\t\t\t\t\t<label for=\"form-field-field_6527881\" class=\"elementor-field-label elementor-screen-only\">\n\t\t\t\t\t\t\t\tF\u00f6retag\t\t\t\t\t\t\t<\/label>\n\t\t\t\t\t\t\t\t\t\t\t\t\t\t<input size=\"1\" type=\"text\" name=\"form_fields[field_6527881]\" id=\"form-field-field_6527881\" class=\"elementor-field elementor-size-sm  elementor-field-textual\" placeholder=\"Company*\" required=\"required\">\n\t\t\t\t\t\t\t\t\t\t\t<\/div>\n\t\t\t\t\t\t\t\t<div class=\"elementor-field-type-tel elementor-field-group elementor-column elementor-field-group-field_9d23489 elementor-col-100\">\n\t\t\t\t\t\t\t\t\t\t\t\t<label for=\"form-field-field_9d23489\" class=\"elementor-field-label elementor-screen-only\">\n\t\t\t\t\t\t\t\tTelefon\t\t\t\t\t\t\t<\/label>\n\t\t\t\t\t\t\t\t<input size=\"1\" type=\"tel\" name=\"form_fields[field_9d23489]\" id=\"form-field-field_9d23489\" class=\"elementor-field elementor-size-sm  elementor-field-textual\" placeholder=\"Phone*\" pattern=\"[0-9()#&amp;+*-=.]+\" title=\"Only numbers and phone characters (#, -, *, etc) are accepted.\">\n\n\t\t\t\t\t\t<\/div>\n\t\t\t\t\t\t\t\t<div class=\"elementor-field-type-textarea elementor-field-group elementor-column elementor-field-group-message elementor-col-100\">\n\t\t\t\t\t\t\t\t\t\t\t\t<label for=\"form-field-message\" class=\"elementor-field-label elementor-screen-only\">\n\t\t\t\t\t\t\t\tMeddelande\t\t\t\t\t\t\t<\/label>\n\t\t\t\t\t\t<textarea class=\"elementor-field-textual elementor-field  elementor-size-sm\" name=\"form_fields[message]\" id=\"form-field-message\" rows=\"4\" placeholder=\"Message*\"><\/textarea>\t\t\t\t<\/div>\n\t\t\t\t\t\t\t\t<div class=\"elementor-field-group elementor-column elementor-field-type-submit elementor-col-100 e-form__buttons\">\n\t\t\t\t\t<button class=\"elementor-button elementor-size-sm\" type=\"submit\">\n\t\t\t\t\t\t<span class=\"elementor-button-content-wrapper\">\n\t\t\t\t\t\t\t\t\t\t\t\t\t\t\t<span class=\"elementor-button-icon\">\n\t\t\t\t\t\t\t\t\t<i aria-hidden=\"true\" class=\"fas fa-arrow-right\"><\/i>\t\t\t\t\t\t\t\t\t\t\t\t\t\t\t\t\t<\/span>\n\t\t\t\t\t\t\t\t\t\t\t\t\t\t\t\t\t\t\t\t\t\t<span class=\"elementor-button-text\">Send<\/span>\n\t\t\t\t\t\t\t\t\t\t\t\t\t<\/span>\n\t\t\t\t\t<\/button>\n\t\t\t\t<\/div>\n\t\t\t<\/div>\n\t\t<input type=\"hidden\" name=\"trp-form-language\" value=\"en\"\/><\/form>\n\t\t\t\t\t\t<\/div>\n\t\t\t\t<\/div>\n\t\t\t\t<\/div>\n\t\t\t\t<\/div>\n\t\t\t\t\t<\/div>\n\t\t\t\t<\/div>\n\t\t\t\t<\/div>","protected":false},"excerpt":{"rendered":"<p>Mensur Duric Mensur Duric \u00e4r en av tre omr\u00e5deschefer p\u00e5 Proplate, med ansvar f\u00f6r cirka 30 medarbetare. Han har l\u00e5ng erfarenhet av ledarskap och en bakgrund inom b\u00e5de service och industri. F\u00f6r honom \u00e4r gemenskap, s\u00e4kerhet och utveckling centrala delar av jobbet. \u201cJag tycker att alla m\u00e4nniskor borde ber\u00f6mma varandra oftare. Oftast lyfter vi bara [&hellip;]<\/p>","protected":false},"author":5,"featured_media":0,"parent":308,"menu_order":0,"comment_status":"closed","ping_status":"closed","template":"","meta":{"footnotes":""},"class_list":["post-3929","page","type-page","status-publish","hentry"],"yoast_head":"<!-- This site is optimized with the Yoast SEO plugin v25.1 - https:\/\/yoast.com\/wordpress\/plugins\/seo\/ -->\n<title>Medarbetarportr\u00e4tt - Mensur Duric | Proplate - Globala st\u00e5ll\u00f6sningar<\/title>\n<meta name=\"description\" content=\"Medarbetarportr\u00e4tt - Mensur Duric | Vi tillverkar industriella komponenter i specialst\u00e5l till kunder \u00f6ver hela v\u00e4rlden | V\u00e4lj Proplate f\u00f6r skr\u00e4ddarsydd metallbearbetning\" \/>\n<meta name=\"robots\" content=\"index, follow, max-snippet:-1, max-image-preview:large, max-video-preview:-1\" \/>\n<link rel=\"canonical\" href=\"https:\/\/proplate.se\/en\/products\/medarbetarportratt-mensur-duric\/\" \/>\n<meta property=\"og:locale\" content=\"en_US\" \/>\n<meta property=\"og:type\" content=\"article\" \/>\n<meta property=\"og:title\" content=\"Medarbetarportr\u00e4tt - Mensur Duric | Proplate - Globala st\u00e5ll\u00f6sningar\" \/>\n<meta property=\"og:description\" content=\"Medarbetarportr\u00e4tt - Mensur Duric | Vi tillverkar industriella komponenter i specialst\u00e5l till kunder \u00f6ver hela v\u00e4rlden | V\u00e4lj Proplate f\u00f6r skr\u00e4ddarsydd metallbearbetning\" \/>\n<meta property=\"og:url\" content=\"https:\/\/proplate.se\/en\/products\/medarbetarportratt-mensur-duric\/\" \/>\n<meta property=\"og:site_name\" content=\"Proplate\" \/>\n<meta property=\"article:modified_time\" content=\"2025-10-13T11:11:49+00:00\" \/>\n<meta property=\"og:image\" content=\"https:\/\/proplate.se\/wp-content\/uploads\/2025\/09\/mensur-2.jpg\" \/>\n\t<meta property=\"og:image:width\" content=\"1104\" \/>\n\t<meta property=\"og:image:height\" content=\"1537\" \/>\n\t<meta property=\"og:image:type\" content=\"image\/jpeg\" \/>\n<meta name=\"twitter:card\" content=\"summary_large_image\" \/>\n<meta name=\"twitter:label1\" content=\"Est. reading time\" \/>\n\t<meta name=\"twitter:data1\" content=\"4 minutes\" \/>\n<script type=\"application\/ld+json\" class=\"yoast-schema-graph\">{\"@context\":\"https:\/\/schema.org\",\"@graph\":[{\"@type\":\"WebPage\",\"@id\":\"https:\/\/proplate.se\/produkter\/medarbetarportratt-mensur-duric\/\",\"url\":\"https:\/\/proplate.se\/produkter\/medarbetarportratt-mensur-duric\/\",\"name\":\"Medarbetarportr\u00e4tt - Mensur Duric | Proplate - Globala st\u00e5ll\u00f6sningar\",\"isPartOf\":{\"@id\":\"https:\/\/proplate.se\/#website\"},\"primaryImageOfPage\":{\"@id\":\"https:\/\/proplate.se\/produkter\/medarbetarportratt-mensur-duric\/#primaryimage\"},\"image\":{\"@id\":\"https:\/\/proplate.se\/produkter\/medarbetarportratt-mensur-duric\/#primaryimage\"},\"thumbnailUrl\":\"https:\/\/proplate.se\/wp-content\/uploads\/2025\/09\/mensur-2-768x1069.jpg\",\"datePublished\":\"2025-10-02T11:50:53+00:00\",\"dateModified\":\"2025-10-13T11:11:49+00:00\",\"description\":\"Medarbetarportr\u00e4tt - Mensur Duric | Vi tillverkar industriella komponenter i specialst\u00e5l till kunder \u00f6ver hela v\u00e4rlden | V\u00e4lj Proplate f\u00f6r skr\u00e4ddarsydd metallbearbetning\",\"breadcrumb\":{\"@id\":\"https:\/\/proplate.se\/produkter\/medarbetarportratt-mensur-duric\/#breadcrumb\"},\"inLanguage\":\"en-US\",\"potentialAction\":[{\"@type\":\"ReadAction\",\"target\":[\"https:\/\/proplate.se\/produkter\/medarbetarportratt-mensur-duric\/\"]}]},{\"@type\":\"ImageObject\",\"inLanguage\":\"en-US\",\"@id\":\"https:\/\/proplate.se\/produkter\/medarbetarportratt-mensur-duric\/#primaryimage\",\"url\":\"https:\/\/proplate.se\/wp-content\/uploads\/2025\/09\/mensur-2-768x1069.jpg\",\"contentUrl\":\"https:\/\/proplate.se\/wp-content\/uploads\/2025\/09\/mensur-2-768x1069.jpg\"},{\"@type\":\"BreadcrumbList\",\"@id\":\"https:\/\/proplate.se\/produkter\/medarbetarportratt-mensur-duric\/#breadcrumb\",\"itemListElement\":[{\"@type\":\"ListItem\",\"position\":1,\"name\":\"Hem\",\"item\":\"https:\/\/proplate.se\/\"},{\"@type\":\"ListItem\",\"position\":2,\"name\":\"Produkter\",\"item\":\"https:\/\/proplate.se\/produkter\/\"},{\"@type\":\"ListItem\",\"position\":3,\"name\":\"Medarbetarportr\u00e4tt &#8211; Mensur Duric\"}]},{\"@type\":\"WebSite\",\"@id\":\"https:\/\/proplate.se\/#website\",\"url\":\"https:\/\/proplate.se\/\",\"name\":\"Proplate\",\"description\":\"\",\"potentialAction\":[{\"@type\":\"SearchAction\",\"target\":{\"@type\":\"EntryPoint\",\"urlTemplate\":\"https:\/\/proplate.se\/?s={search_term_string}\"},\"query-input\":{\"@type\":\"PropertyValueSpecification\",\"valueRequired\":true,\"valueName\":\"search_term_string\"}}],\"inLanguage\":\"en-US\"}]}<\/script>\n<!-- \/ Yoast SEO plugin. -->","yoast_head_json":{"title":"Medarbetarportr\u00e4tt - Mensur Duric | Proplate - Globala st\u00e5ll\u00f6sningar","description":"Medarbetarportr\u00e4tt - Mensur Duric | Vi tillverkar industriella komponenter i specialst\u00e5l till kunder \u00f6ver hela v\u00e4rlden | V\u00e4lj Proplate f\u00f6r skr\u00e4ddarsydd metallbearbetning","robots":{"index":"index","follow":"follow","max-snippet":"max-snippet:-1","max-image-preview":"max-image-preview:large","max-video-preview":"max-video-preview:-1"},"canonical":"https:\/\/proplate.se\/en\/products\/medarbetarportratt-mensur-duric\/","og_locale":"en_US","og_type":"article","og_title":"Medarbetarportr\u00e4tt - Mensur Duric | Proplate - Globala st\u00e5ll\u00f6sningar","og_description":"Medarbetarportr\u00e4tt - Mensur Duric | Vi tillverkar industriella komponenter i specialst\u00e5l till kunder \u00f6ver hela v\u00e4rlden | V\u00e4lj Proplate f\u00f6r skr\u00e4ddarsydd metallbearbetning","og_url":"https:\/\/proplate.se\/en\/products\/medarbetarportratt-mensur-duric\/","og_site_name":"Proplate","article_modified_time":"2025-10-13T11:11:49+00:00","og_image":[{"width":1104,"height":1537,"url":"https:\/\/proplate.se\/wp-content\/uploads\/2025\/09\/mensur-2.jpg","type":"image\/jpeg"}],"twitter_card":"summary_large_image","twitter_misc":{"Est. reading time":"4 minutes"},"schema":{"@context":"https:\/\/schema.org","@graph":[{"@type":"WebPage","@id":"https:\/\/proplate.se\/produkter\/medarbetarportratt-mensur-duric\/","url":"https:\/\/proplate.se\/produkter\/medarbetarportratt-mensur-duric\/","name":"Medarbetarportr\u00e4tt - Mensur Duric | Proplate - Globala st\u00e5ll\u00f6sningar","isPartOf":{"@id":"https:\/\/proplate.se\/#website"},"primaryImageOfPage":{"@id":"https:\/\/proplate.se\/produkter\/medarbetarportratt-mensur-duric\/#primaryimage"},"image":{"@id":"https:\/\/proplate.se\/produkter\/medarbetarportratt-mensur-duric\/#primaryimage"},"thumbnailUrl":"https:\/\/proplate.se\/wp-content\/uploads\/2025\/09\/mensur-2-768x1069.jpg","datePublished":"2025-10-02T11:50:53+00:00","dateModified":"2025-10-13T11:11:49+00:00","description":"Medarbetarportr\u00e4tt - Mensur Duric | Vi tillverkar industriella komponenter i specialst\u00e5l till kunder \u00f6ver hela v\u00e4rlden | V\u00e4lj Proplate f\u00f6r skr\u00e4ddarsydd metallbearbetning","breadcrumb":{"@id":"https:\/\/proplate.se\/produkter\/medarbetarportratt-mensur-duric\/#breadcrumb"},"inLanguage":"en-US","potentialAction":[{"@type":"ReadAction","target":["https:\/\/proplate.se\/produkter\/medarbetarportratt-mensur-duric\/"]}]},{"@type":"ImageObject","inLanguage":"en-US","@id":"https:\/\/proplate.se\/produkter\/medarbetarportratt-mensur-duric\/#primaryimage","url":"https:\/\/proplate.se\/wp-content\/uploads\/2025\/09\/mensur-2-768x1069.jpg","contentUrl":"https:\/\/proplate.se\/wp-content\/uploads\/2025\/09\/mensur-2-768x1069.jpg"},{"@type":"BreadcrumbList","@id":"https:\/\/proplate.se\/produkter\/medarbetarportratt-mensur-duric\/#breadcrumb","itemListElement":[{"@type":"ListItem","position":1,"name":"Hem","item":"https:\/\/proplate.se\/"},{"@type":"ListItem","position":2,"name":"Produkter","item":"https:\/\/proplate.se\/produkter\/"},{"@type":"ListItem","position":3,"name":"Medarbetarportr\u00e4tt &#8211; Mensur Duric"}]},{"@type":"WebSite","@id":"https:\/\/proplate.se\/#website","url":"https:\/\/proplate.se\/","name":"Proplate","description":"","potentialAction":[{"@type":"SearchAction","target":{"@type":"EntryPoint","urlTemplate":"https:\/\/proplate.se\/?s={search_term_string}"},"query-input":{"@type":"PropertyValueSpecification","valueRequired":true,"valueName":"search_term_string"}}],"inLanguage":"en-US"}]}},"_links":{"self":[{"href":"https:\/\/proplate.se\/en\/wp-json\/wp\/v2\/pages\/3929","targetHints":{"allow":["GET"]}}],"collection":[{"href":"https:\/\/proplate.se\/en\/wp-json\/wp\/v2\/pages"}],"about":[{"href":"https:\/\/proplate.se\/en\/wp-json\/wp\/v2\/types\/page"}],"author":[{"embeddable":true,"href":"https:\/\/proplate.se\/en\/wp-json\/wp\/v2\/users\/5"}],"replies":[{"embeddable":true,"href":"https:\/\/proplate.se\/en\/wp-json\/wp\/v2\/comments?post=3929"}],"version-history":[{"count":7,"href":"https:\/\/proplate.se\/en\/wp-json\/wp\/v2\/pages\/3929\/revisions"}],"predecessor-version":[{"id":3993,"href":"https:\/\/proplate.se\/en\/wp-json\/wp\/v2\/pages\/3929\/revisions\/3993"}],"up":[{"embeddable":true,"href":"https:\/\/proplate.se\/en\/wp-json\/wp\/v2\/pages\/308"}],"wp:attachment":[{"href":"https:\/\/proplate.se\/en\/wp-json\/wp\/v2\/media?parent=3929"}],"curies":[{"name":"wp","href":"https:\/\/api.w.org\/{rel}","templated":true}]}}