{"id":1405,"date":"2025-02-26T11:28:23","date_gmt":"2025-02-26T10:28:23","guid":{"rendered":"https:\/\/proplate.se\/?page_id=1405"},"modified":"2025-04-22T21:02:02","modified_gmt":"2025-04-22T20:02:02","slug":"trycksaker","status":"publish","type":"page","link":"https:\/\/proplate.se\/en\/about-us\/trycksaker\/","title":{"rendered":"Trycksaker"},"content":{"rendered":"<div data-elementor-type=\"wp-page\" data-elementor-id=\"1405\" class=\"elementor elementor-1405\" data-elementor-post-type=\"page\">\n\t\t\t\t<div class=\"elementor-element elementor-element-bc839c7 e-flex e-con-boxed e-con e-parent\" data-id=\"bc839c7\" data-element_type=\"container\" data-settings=\"{&quot;background_background&quot;:&quot;classic&quot;}\">\n\t\t\t\t\t<div class=\"e-con-inner\">\n\t\t\t\t<div class=\"elementor-element elementor-element-7906320 elementor-widget__width-initial elementor-widget elementor-widget-heading\" data-id=\"7906320\" data-element_type=\"widget\" data-widget_type=\"heading.default\">\n\t\t\t\t<div class=\"elementor-widget-container\">\n\t\t\t\t\t<h1 class=\"elementor-heading-title elementor-size-default\">Trycksaker<\/h1>\t\t\t\t<\/div>\n\t\t\t\t<\/div>\n\t\t\t\t\t<\/div>\n\t\t\t\t<\/div>\n\t\t<div class=\"elementor-element elementor-element-01b89e0 e-flex e-con-boxed e-con e-parent\" data-id=\"01b89e0\" data-element_type=\"container\" data-settings=\"{&quot;background_background&quot;:&quot;classic&quot;}\">\n\t\t\t\t\t<div class=\"e-con-inner\">\n\t\t<div class=\"elementor-element elementor-element-f8ae817 e-con-full e-flex e-con e-child\" data-id=\"f8ae817\" data-element_type=\"container\">\n\t\t<div class=\"elementor-element elementor-element-6b31352 e-con-full e-flex e-con e-child\" data-id=\"6b31352\" data-element_type=\"container\">\n\t\t<div class=\"elementor-element elementor-element-594bcdb e-con-full e-flex e-con e-child\" data-id=\"594bcdb\" data-element_type=\"container\">\n\t\t<div class=\"elementor-element elementor-element-79c1e82 e-con-full e-flex e-con e-child\" data-id=\"79c1e82\" data-element_type=\"container\">\n\t\t\t\t<div class=\"elementor-element elementor-element-64fec8b elementor-widget__width-inherit elementor-widget elementor-widget-heading\" data-id=\"64fec8b\" data-element_type=\"widget\" data-widget_type=\"heading.default\">\n\t\t\t\t<div class=\"elementor-widget-container\">\n\t\t\t\t\t<h2 class=\"elementor-heading-title elementor-size-default\">V\u00e5ra Trycksaker<\/h2>\t\t\t\t<\/div>\n\t\t\t\t<\/div>\n\t\t\t\t<\/div>\n\t\t<div class=\"elementor-element elementor-element-a8bce61 e-con-full e-flex e-con e-child\" data-id=\"a8bce61\" data-element_type=\"container\">\n\t\t\t\t<div class=\"elementor-element elementor-element-3d5158a elementor-widget__width-initial elementor-widget elementor-widget-heading\" data-id=\"3d5158a\" data-element_type=\"widget\" data-widget_type=\"heading.default\">\n\t\t\t\t<div class=\"elementor-widget-container\">\n\t\t\t\t\t<p class=\"elementor-heading-title elementor-size-default\">Klicka h\u00e4r eller p\u00e5 ikonen f\u00f6r att ladda ner - Byt ut denna text<\/p>\t\t\t\t<\/div>\n\t\t\t\t<\/div>\n\t\t\t\t<div class=\"elementor-element elementor-element-7404fbc elementor-view-default elementor-widget elementor-widget-icon\" data-id=\"7404fbc\" data-element_type=\"widget\" data-widget_type=\"icon.default\">\n\t\t\t\t<div class=\"elementor-widget-container\">\n\t\t\t\t\t\t\t<div class=\"elementor-icon-wrapper\">\n\t\t\t<div class=\"elementor-icon\">\n\t\t\t<svg xmlns=\"http:\/\/www.w3.org\/2000\/svg\" id=\"a\" viewbox=\"0 0 240 210\"><path id=\"b\" d=\"M180,0H60L0,105l60,105h120l60-105L180,0ZM138.745,150.255l-11.314-11.314,25.941-25.941H56v-16h97.373l-25.941-25.941,11.314-11.314,45.255,45.255-45.255,45.255Z\" fill=\"#292929\"><\/path><\/svg>\t\t\t<\/div>\n\t\t<\/div>\n\t\t\t\t\t\t<\/div>\n\t\t\t\t<\/div>\n\t\t\t\t<\/div>\n\t\t<div class=\"elementor-element elementor-element-08fef9c e-con-full e-flex e-con e-child\" data-id=\"08fef9c\" data-element_type=\"container\">\n\t\t\t\t<div class=\"elementor-element elementor-element-597bf61 elementor-widget__width-initial elementor-widget elementor-widget-heading\" data-id=\"597bf61\" data-element_type=\"widget\" data-widget_type=\"heading.default\">\n\t\t\t\t<div class=\"elementor-widget-container\">\n\t\t\t\t\t<p class=\"elementor-heading-title elementor-size-default\">Klicka h\u00e4r eller p\u00e5 ikonen f\u00f6r att ladda ner - Byt ut denna text<\/p>\t\t\t\t<\/div>\n\t\t\t\t<\/div>\n\t\t\t\t<div class=\"elementor-element elementor-element-b428532 elementor-view-default elementor-widget elementor-widget-icon\" data-id=\"b428532\" data-element_type=\"widget\" data-widget_type=\"icon.default\">\n\t\t\t\t<div class=\"elementor-widget-container\">\n\t\t\t\t\t\t\t<div class=\"elementor-icon-wrapper\">\n\t\t\t<div class=\"elementor-icon\">\n\t\t\t<svg xmlns=\"http:\/\/www.w3.org\/2000\/svg\" id=\"a\" viewbox=\"0 0 240 210\"><path id=\"b\" d=\"M180,0H60L0,105l60,105h120l60-105L180,0ZM138.745,150.255l-11.314-11.314,25.941-25.941H56v-16h97.373l-25.941-25.941,11.314-11.314,45.255,45.255-45.255,45.255Z\" fill=\"#292929\"><\/path><\/svg>\t\t\t<\/div>\n\t\t<\/div>\n\t\t\t\t\t\t<\/div>\n\t\t\t\t<\/div>\n\t\t\t\t<\/div>\n\t\t\t\t<\/div>\n\t\t\t\t<\/div>\n\t\t<div class=\"elementor-element elementor-element-c60b4b6 e-con-full e-flex e-con e-child\" data-id=\"c60b4b6\" data-element_type=\"container\">\n\t\t<div class=\"elementor-element elementor-element-edad604 e-con-full e-flex e-con e-child\" data-id=\"edad604\" data-element_type=\"container\">\n\t\t\t\t<div class=\"elementor-element elementor-element-1cfcb66 elementor-widget__width-initial elementor-widget elementor-widget-heading\" data-id=\"1cfcb66\" data-element_type=\"widget\" data-widget_type=\"heading.default\">\n\t\t\t\t<div class=\"elementor-widget-container\">\n\t\t\t\t\t<h3 class=\"elementor-heading-title elementor-size-default\">Contact<\/h3>\t\t\t\t<\/div>\n\t\t\t\t<\/div>\n\t\t\t\t<div class=\"elementor-element elementor-element-4b95d57 elementor-widget elementor-widget-image\" data-id=\"4b95d57\" data-element_type=\"widget\" data-widget_type=\"image.default\">\n\t\t\t\t<div class=\"elementor-widget-container\">\n\t\t\t\t\t\t\t\t\t\t\t\t\t\t\t<img fetchpriority=\"high\" decoding=\"async\" width=\"400\" height=\"400\" src=\"https:\/\/proplate.se\/wp-content\/uploads\/2025\/02\/josefine-lilja.jpg\" class=\"attachment-large size-large wp-image-434\" alt=\"josefine-lilja\" srcset=\"https:\/\/proplate.se\/wp-content\/uploads\/2025\/02\/josefine-lilja.jpg 400w, https:\/\/proplate.se\/wp-content\/uploads\/2025\/02\/josefine-lilja-300x300.jpg 300w, https:\/\/proplate.se\/wp-content\/uploads\/2025\/02\/josefine-lilja-150x150.jpg 150w\" sizes=\"(max-width: 400px) 100vw, 400px\" \/>\t\t\t\t\t\t\t\t\t\t\t\t\t\t\t<\/div>\n\t\t\t\t<\/div>\n\t\t\t\t<div class=\"elementor-element elementor-element-5a64ee1 elementor-widget__width-auto elementor-widget elementor-widget-heading\" data-id=\"5a64ee1\" data-element_type=\"widget\" data-widget_type=\"heading.default\">\n\t\t\t\t<div class=\"elementor-widget-container\">\n\t\t\t\t\t<h4 class=\"elementor-heading-title elementor-size-default\">Josefine Lilja<\/h4>\t\t\t\t<\/div>\n\t\t\t\t<\/div>\n\t\t\t\t<div class=\"elementor-element elementor-element-a812537 elementor-widget elementor-widget-text-editor\" data-id=\"a812537\" data-element_type=\"widget\" data-widget_type=\"text-editor.default\">\n\t\t\t\t<div class=\"elementor-widget-container\">\n\t\t\t\t\t\t\t\t\t<p>Communications Manager<br \/>Phone: +46 (0)70-898 85 82<br \/><span style=\"text-decoration: underline;\">josefine.lilja@proplate.se<\/span><\/p>\t\t\t\t\t\t\t\t<\/div>\n\t\t\t\t<\/div>\n\t\t\t\t<\/div>\n\t\t\t\t<\/div>\n\t\t\t\t<\/div>\n\t\t\t\t\t<\/div>\n\t\t\t\t<\/div>\n\t\t<div class=\"elementor-element elementor-element-60675ef e-flex e-con-boxed e-con e-parent\" data-id=\"60675ef\" data-element_type=\"container\" data-settings=\"{&quot;background_background&quot;:&quot;classic&quot;}\">\n\t\t\t\t\t<div class=\"e-con-inner\">\n\t\t\t\t<div class=\"elementor-element elementor-element-ec6eab8 elementor-widget elementor-widget-heading\" data-id=\"ec6eab8\" data-element_type=\"widget\" data-widget_type=\"heading.default\">\n\t\t\t\t<div class=\"elementor-widget-container\">\n\t\t\t\t\t<h3 class=\"elementor-heading-title elementor-size-default\">Annual Reports and Documents<\/h3>\t\t\t\t<\/div>\n\t\t\t\t<\/div>\n\t\t\t\t<div class=\"elementor-element elementor-element-a410ac5 elementor-align-justify elementor-widget__width-initial elementor-widget elementor-widget-button\" data-id=\"a410ac5\" data-element_type=\"widget\" data-widget_type=\"button.default\">\n\t\t\t\t<div class=\"elementor-widget-container\">\n\t\t\t\t\t\t\t\t\t<div class=\"elementor-button-wrapper\">\n\t\t\t\t\t<a class=\"elementor-button elementor-button-link elementor-size-sm\" href=\"#\">\n\t\t\t\t\t\t<span class=\"elementor-button-content-wrapper\">\n\t\t\t\t\t\t<span class=\"elementor-button-icon\">\n\t\t\t\t<i aria-hidden=\"true\" class=\"fas fa-arrow-right\"><\/i>\t\t\t<\/span>\n\t\t\t\t\t\t\t\t\t<span class=\"elementor-button-text\">Documents for Download<\/span>\n\t\t\t\t\t<\/span>\n\t\t\t\t\t<\/a>\n\t\t\t\t<\/div>\n\t\t\t\t\t\t\t\t<\/div>\n\t\t\t\t<\/div>\n\t\t\t\t\t<\/div>\n\t\t\t\t<\/div>\n\t\t\t\t<\/div>","protected":false},"excerpt":{"rendered":"<p>Trycksaker V\u00e5ra Trycksaker Klicka h\u00e4r eller p\u00e5 ikonen f\u00f6r att ladda ner &#8211; Byt ut denna text Klicka h\u00e4r eller p\u00e5 ikonen f\u00f6r att ladda ner &#8211; Byt ut denna text Kontakt Josefine Lilja Communications ManagerTelefon: +46 70 \u2013 898 85 82josefine.lilja@proplate.se \u00c5rsredovisningar och dokument Dokument f\u00f6r nedladdning<\/p>","protected":false},"author":1,"featured_media":0,"parent":730,"menu_order":7,"comment_status":"closed","ping_status":"closed","template":"","meta":{"footnotes":""},"class_list":["post-1405","page","type-page","status-publish","hentry"],"yoast_head":"<!-- This site is optimized with the Yoast SEO plugin v25.1 - https:\/\/yoast.com\/wordpress\/plugins\/seo\/ -->\n<title>Trycksaker | Proplate - Globala st\u00e5ll\u00f6sningar<\/title>\n<meta name=\"description\" content=\"Trycksaker | Vi tillverkar industriella komponenter i specialst\u00e5l till kunder \u00f6ver hela v\u00e4rlden | V\u00e4lj Proplate f\u00f6r skr\u00e4ddarsydd metallbearbetning\" \/>\n<meta name=\"robots\" content=\"index, follow, max-snippet:-1, max-image-preview:large, max-video-preview:-1\" \/>\n<link rel=\"canonical\" href=\"https:\/\/proplate.se\/en\/about-us\/trycksaker\/\" \/>\n<meta property=\"og:locale\" content=\"en_US\" \/>\n<meta property=\"og:type\" content=\"article\" \/>\n<meta property=\"og:title\" content=\"Trycksaker | Proplate - Globala st\u00e5ll\u00f6sningar\" \/>\n<meta property=\"og:description\" content=\"Trycksaker | Vi tillverkar industriella komponenter i specialst\u00e5l till kunder \u00f6ver hela v\u00e4rlden | V\u00e4lj Proplate f\u00f6r skr\u00e4ddarsydd metallbearbetning\" \/>\n<meta property=\"og:url\" content=\"https:\/\/proplate.se\/en\/about-us\/trycksaker\/\" \/>\n<meta property=\"og:site_name\" content=\"Proplate\" \/>\n<meta property=\"article:modified_time\" content=\"2025-04-22T20:02:02+00:00\" \/>\n<meta property=\"og:image\" content=\"https:\/\/proplate.se\/wp-content\/uploads\/2025\/02\/josefine-lilja.jpg\" \/>\n\t<meta property=\"og:image:width\" content=\"400\" \/>\n\t<meta property=\"og:image:height\" content=\"400\" \/>\n\t<meta property=\"og:image:type\" content=\"image\/jpeg\" \/>\n<meta name=\"twitter:card\" content=\"summary_large_image\" \/>\n<meta name=\"twitter:label1\" content=\"Est. reading time\" \/>\n\t<meta name=\"twitter:data1\" content=\"1 minute\" \/>\n<script type=\"application\/ld+json\" class=\"yoast-schema-graph\">{\"@context\":\"https:\/\/schema.org\",\"@graph\":[{\"@type\":\"WebPage\",\"@id\":\"https:\/\/proplate.se\/om-oss\/trycksaker\/\",\"url\":\"https:\/\/proplate.se\/om-oss\/trycksaker\/\",\"name\":\"Trycksaker | Proplate - Globala st\u00e5ll\u00f6sningar\",\"isPartOf\":{\"@id\":\"https:\/\/proplate.se\/#website\"},\"primaryImageOfPage\":{\"@id\":\"https:\/\/proplate.se\/om-oss\/trycksaker\/#primaryimage\"},\"image\":{\"@id\":\"https:\/\/proplate.se\/om-oss\/trycksaker\/#primaryimage\"},\"thumbnailUrl\":\"https:\/\/proplate.se\/wp-content\/uploads\/2025\/02\/josefine-lilja.jpg\",\"datePublished\":\"2025-02-26T10:28:23+00:00\",\"dateModified\":\"2025-04-22T20:02:02+00:00\",\"description\":\"Trycksaker | Vi tillverkar industriella komponenter i specialst\u00e5l till kunder \u00f6ver hela v\u00e4rlden | V\u00e4lj Proplate f\u00f6r skr\u00e4ddarsydd metallbearbetning\",\"breadcrumb\":{\"@id\":\"https:\/\/proplate.se\/om-oss\/trycksaker\/#breadcrumb\"},\"inLanguage\":\"en-US\",\"potentialAction\":[{\"@type\":\"ReadAction\",\"target\":[\"https:\/\/proplate.se\/om-oss\/trycksaker\/\"]}]},{\"@type\":\"ImageObject\",\"inLanguage\":\"en-US\",\"@id\":\"https:\/\/proplate.se\/om-oss\/trycksaker\/#primaryimage\",\"url\":\"https:\/\/proplate.se\/wp-content\/uploads\/2025\/02\/josefine-lilja.jpg\",\"contentUrl\":\"https:\/\/proplate.se\/wp-content\/uploads\/2025\/02\/josefine-lilja.jpg\"},{\"@type\":\"BreadcrumbList\",\"@id\":\"https:\/\/proplate.se\/om-oss\/trycksaker\/#breadcrumb\",\"itemListElement\":[{\"@type\":\"ListItem\",\"position\":1,\"name\":\"Hem\",\"item\":\"https:\/\/proplate.se\/\"},{\"@type\":\"ListItem\",\"position\":2,\"name\":\"Om oss\",\"item\":\"https:\/\/proplate.se\/om-oss\/\"},{\"@type\":\"ListItem\",\"position\":3,\"name\":\"Trycksaker\"}]},{\"@type\":\"WebSite\",\"@id\":\"https:\/\/proplate.se\/#website\",\"url\":\"https:\/\/proplate.se\/\",\"name\":\"Proplate\",\"description\":\"\",\"potentialAction\":[{\"@type\":\"SearchAction\",\"target\":{\"@type\":\"EntryPoint\",\"urlTemplate\":\"https:\/\/proplate.se\/?s={search_term_string}\"},\"query-input\":{\"@type\":\"PropertyValueSpecification\",\"valueRequired\":true,\"valueName\":\"search_term_string\"}}],\"inLanguage\":\"en-US\"}]}<\/script>\n<!-- \/ Yoast SEO plugin. -->","yoast_head_json":{"title":"Trycksaker | Proplate - Globala st\u00e5ll\u00f6sningar","description":"Trycksaker | Vi tillverkar industriella komponenter i specialst\u00e5l till kunder \u00f6ver hela v\u00e4rlden | V\u00e4lj Proplate f\u00f6r skr\u00e4ddarsydd metallbearbetning","robots":{"index":"index","follow":"follow","max-snippet":"max-snippet:-1","max-image-preview":"max-image-preview:large","max-video-preview":"max-video-preview:-1"},"canonical":"https:\/\/proplate.se\/en\/about-us\/trycksaker\/","og_locale":"en_US","og_type":"article","og_title":"Trycksaker | Proplate - Globala st\u00e5ll\u00f6sningar","og_description":"Trycksaker | Vi tillverkar industriella komponenter i specialst\u00e5l till kunder \u00f6ver hela v\u00e4rlden | V\u00e4lj Proplate f\u00f6r skr\u00e4ddarsydd metallbearbetning","og_url":"https:\/\/proplate.se\/en\/about-us\/trycksaker\/","og_site_name":"Proplate","article_modified_time":"2025-04-22T20:02:02+00:00","og_image":[{"width":400,"height":400,"url":"https:\/\/proplate.se\/wp-content\/uploads\/2025\/02\/josefine-lilja.jpg","type":"image\/jpeg"}],"twitter_card":"summary_large_image","twitter_misc":{"Est. reading time":"1 minute"},"schema":{"@context":"https:\/\/schema.org","@graph":[{"@type":"WebPage","@id":"https:\/\/proplate.se\/om-oss\/trycksaker\/","url":"https:\/\/proplate.se\/om-oss\/trycksaker\/","name":"Trycksaker | Proplate - Globala st\u00e5ll\u00f6sningar","isPartOf":{"@id":"https:\/\/proplate.se\/#website"},"primaryImageOfPage":{"@id":"https:\/\/proplate.se\/om-oss\/trycksaker\/#primaryimage"},"image":{"@id":"https:\/\/proplate.se\/om-oss\/trycksaker\/#primaryimage"},"thumbnailUrl":"https:\/\/proplate.se\/wp-content\/uploads\/2025\/02\/josefine-lilja.jpg","datePublished":"2025-02-26T10:28:23+00:00","dateModified":"2025-04-22T20:02:02+00:00","description":"Trycksaker | Vi tillverkar industriella komponenter i specialst\u00e5l till kunder \u00f6ver hela v\u00e4rlden | V\u00e4lj Proplate f\u00f6r skr\u00e4ddarsydd metallbearbetning","breadcrumb":{"@id":"https:\/\/proplate.se\/om-oss\/trycksaker\/#breadcrumb"},"inLanguage":"en-US","potentialAction":[{"@type":"ReadAction","target":["https:\/\/proplate.se\/om-oss\/trycksaker\/"]}]},{"@type":"ImageObject","inLanguage":"en-US","@id":"https:\/\/proplate.se\/om-oss\/trycksaker\/#primaryimage","url":"https:\/\/proplate.se\/wp-content\/uploads\/2025\/02\/josefine-lilja.jpg","contentUrl":"https:\/\/proplate.se\/wp-content\/uploads\/2025\/02\/josefine-lilja.jpg"},{"@type":"BreadcrumbList","@id":"https:\/\/proplate.se\/om-oss\/trycksaker\/#breadcrumb","itemListElement":[{"@type":"ListItem","position":1,"name":"Hem","item":"https:\/\/proplate.se\/"},{"@type":"ListItem","position":2,"name":"Om oss","item":"https:\/\/proplate.se\/om-oss\/"},{"@type":"ListItem","position":3,"name":"Trycksaker"}]},{"@type":"WebSite","@id":"https:\/\/proplate.se\/#website","url":"https:\/\/proplate.se\/","name":"Proplate","description":"","potentialAction":[{"@type":"SearchAction","target":{"@type":"EntryPoint","urlTemplate":"https:\/\/proplate.se\/?s={search_term_string}"},"query-input":{"@type":"PropertyValueSpecification","valueRequired":true,"valueName":"search_term_string"}}],"inLanguage":"en-US"}]}},"_links":{"self":[{"href":"https:\/\/proplate.se\/en\/wp-json\/wp\/v2\/pages\/1405","targetHints":{"allow":["GET"]}}],"collection":[{"href":"https:\/\/proplate.se\/en\/wp-json\/wp\/v2\/pages"}],"about":[{"href":"https:\/\/proplate.se\/en\/wp-json\/wp\/v2\/types\/page"}],"author":[{"embeddable":true,"href":"https:\/\/proplate.se\/en\/wp-json\/wp\/v2\/users\/1"}],"replies":[{"embeddable":true,"href":"https:\/\/proplate.se\/en\/wp-json\/wp\/v2\/comments?post=1405"}],"version-history":[{"count":19,"href":"https:\/\/proplate.se\/en\/wp-json\/wp\/v2\/pages\/1405\/revisions"}],"predecessor-version":[{"id":3147,"href":"https:\/\/proplate.se\/en\/wp-json\/wp\/v2\/pages\/1405\/revisions\/3147"}],"up":[{"embeddable":true,"href":"https:\/\/proplate.se\/en\/wp-json\/wp\/v2\/pages\/730"}],"wp:attachment":[{"href":"https:\/\/proplate.se\/en\/wp-json\/wp\/v2\/media?parent=1405"}],"curies":[{"name":"wp","href":"https:\/\/api.w.org\/{rel}","templated":true}]}}