{"id":1395,"date":"2025-02-26T11:24:00","date_gmt":"2025-02-26T10:24:00","guid":{"rendered":"https:\/\/proplate.se\/?page_id=1395"},"modified":"2026-03-11T10:23:21","modified_gmt":"2026-03-11T09:23:21","slug":"certifications","status":"publish","type":"page","link":"https:\/\/proplate.se\/en\/about-us\/certifications\/","title":{"rendered":"Certifications"},"content":{"rendered":"<div data-elementor-type=\"wp-page\" data-elementor-id=\"1395\" class=\"elementor elementor-1395\" data-elementor-post-type=\"page\">\n\t\t\t\t<div class=\"elementor-element elementor-element-bc839c7 e-flex e-con-boxed e-con e-parent\" data-id=\"bc839c7\" data-element_type=\"container\" data-settings=\"{&quot;background_background&quot;:&quot;classic&quot;}\">\n\t\t\t\t\t<div class=\"e-con-inner\">\n\t\t\t\t<div class=\"elementor-element elementor-element-7906320 elementor-widget__width-initial elementor-widget elementor-widget-heading\" data-id=\"7906320\" data-element_type=\"widget\" data-widget_type=\"heading.default\">\n\t\t\t\t<div class=\"elementor-widget-container\">\n\t\t\t\t\t<h1 class=\"elementor-heading-title elementor-size-default\">Certifications<\/h1>\t\t\t\t<\/div>\n\t\t\t\t<\/div>\n\t\t\t\t\t<\/div>\n\t\t\t\t<\/div>\n\t\t<div class=\"elementor-element elementor-element-01b89e0 e-flex e-con-boxed e-con e-parent\" data-id=\"01b89e0\" data-element_type=\"container\" data-settings=\"{&quot;background_background&quot;:&quot;classic&quot;}\">\n\t\t\t\t\t<div class=\"e-con-inner\">\n\t\t<div class=\"elementor-element elementor-element-f8ae817 e-con-full e-flex e-con e-child\" data-id=\"f8ae817\" data-element_type=\"container\">\n\t\t<div class=\"elementor-element elementor-element-6b31352 e-con-full e-flex e-con e-child\" data-id=\"6b31352\" data-element_type=\"container\">\n\t\t<div class=\"elementor-element elementor-element-594bcdb e-con-full e-flex e-con e-child\" data-id=\"594bcdb\" data-element_type=\"container\">\n\t\t<div class=\"elementor-element elementor-element-79c1e82 e-con-full e-flex e-con e-child\" data-id=\"79c1e82\" data-element_type=\"container\">\n\t\t\t\t<div class=\"elementor-element elementor-element-64fec8b elementor-widget__width-inherit elementor-widget elementor-widget-heading\" data-id=\"64fec8b\" data-element_type=\"widget\" data-widget_type=\"heading.default\">\n\t\t\t\t<div class=\"elementor-widget-container\">\n\t\t\t\t\t<h2 class=\"elementor-heading-title elementor-size-default\">Certified quality throughout the entire process<\/h2>\t\t\t\t<\/div>\n\t\t\t\t<\/div>\n\t\t\t\t<\/div>\n\t\t\t\t<div class=\"elementor-element elementor-element-aed8f4d elementor-widget elementor-widget-text-editor\" data-id=\"aed8f4d\" data-element_type=\"widget\" data-widget_type=\"text-editor.default\">\n\t\t\t\t<div class=\"elementor-widget-container\">\n\t\t\t\t\t\t\t\t\t<p>We are certified according to <strong>ISO 9001<\/strong> for quality management <strong>ISO 14001<\/strong> for environmental management <strong>ISO 3834-2<\/strong> and <strong>EN 1090-1 EXC3<\/strong> for welding and load-bearing steel structures. Together, these certifications ensure that we maintain a high and consistent level of quality throughout our entire production.<\/p><p>For our customers, this means that we operate according to established and internationally recognized standards, with clear processes, high competence, and carefully controlled manufacturing methods.<\/p><p>The certifications contribute to:<\/p><ul><li>quality-assured manufacturing processes<\/li><li>high traceability and documentation<\/li><li>reliable and safe structures<\/li><li>reduced environmental impact<\/li><li>efficient and predictable deliveries<\/li><\/ul><p>By working according to these standards, we can meet demanding technical requirements while also being a stable and long-term partner. For the customer, this means increased confidence and often a reduced need for their own supplier audits.<\/p><p>Certification is a natural part of our continuous improvement work and a prerequisite for delivering quality in every detail.<\/p><p>Here you can view and download our various certifications.\u00a0<\/p>\t\t\t\t\t\t\t\t<\/div>\n\t\t\t\t<\/div>\n\t\t<div class=\"elementor-element elementor-element-08fef9c e-con-full e-flex e-con e-child\" data-id=\"08fef9c\" data-element_type=\"container\">\n\t\t\t\t<div class=\"elementor-element elementor-element-48b32f7 elementor-widget elementor-widget-image\" data-id=\"48b32f7\" data-element_type=\"widget\" data-widget_type=\"image.default\">\n\t\t\t\t<div class=\"elementor-widget-container\">\n\t\t\t\t\t\t\t\t\t\t\t\t\t\t\t<img fetchpriority=\"high\" decoding=\"async\" width=\"300\" height=\"200\" src=\"https:\/\/proplate.se\/wp-content\/uploads\/2025\/03\/aaa-10901-1500x1000px-1-300x200.jpg\" class=\"attachment-medium size-medium wp-image-2267\" alt=\"Bild p\u00e5 certifikat\" srcset=\"https:\/\/proplate.se\/wp-content\/uploads\/2025\/03\/aaa-10901-1500x1000px-1-300x200.jpg 300w, https:\/\/proplate.se\/wp-content\/uploads\/2025\/03\/aaa-10901-1500x1000px-1-1024x683.jpg 1024w, https:\/\/proplate.se\/wp-content\/uploads\/2025\/03\/aaa-10901-1500x1000px-1-768x512.jpg 768w, https:\/\/proplate.se\/wp-content\/uploads\/2025\/03\/aaa-10901-1500x1000px-1-18x12.jpg 18w, https:\/\/proplate.se\/wp-content\/uploads\/2025\/03\/aaa-10901-1500x1000px-1.jpg 1500w\" sizes=\"(max-width: 300px) 100vw, 300px\" \/>\t\t\t\t\t\t\t\t\t\t\t\t\t\t\t<\/div>\n\t\t\t\t<\/div>\n\t\t\t\t<div class=\"elementor-element elementor-element-597bf61 elementor-widget__width-initial elementor-widget elementor-widget-heading\" data-id=\"597bf61\" data-element_type=\"widget\" data-widget_type=\"heading.default\">\n\t\t\t\t<div class=\"elementor-widget-container\">\n\t\t\t\t\t<p class=\"elementor-heading-title elementor-size-default\">EN 1090-1 EXC3\n\n<\/p>\t\t\t\t<\/div>\n\t\t\t\t<\/div>\n\t\t\t\t<div class=\"elementor-element elementor-element-b428532 elementor-view-default elementor-widget elementor-widget-icon\" data-id=\"b428532\" data-element_type=\"widget\" data-widget_type=\"icon.default\">\n\t\t\t\t<div class=\"elementor-widget-container\">\n\t\t\t\t\t\t\t<div class=\"elementor-icon-wrapper\">\n\t\t\t<a class=\"elementor-icon\" href=\"https:\/\/proplate.se\/wp-content\/uploads\/2025\/03\/Certifikat-2022-EN-1090-1.pdf\" target=\"_blank\">\n\t\t\t<svg xmlns=\"http:\/\/www.w3.org\/2000\/svg\" id=\"a\" viewbox=\"0 0 240 210\"><path id=\"b\" d=\"M180,0H60L0,105l60,105h120l60-105L180,0ZM138.745,150.255l-11.314-11.314,25.941-25.941H56v-16h97.373l-25.941-25.941,11.314-11.314,45.255,45.255-45.255,45.255Z\" fill=\"#292929\"><\/path><\/svg>\t\t\t<\/a>\n\t\t<\/div>\n\t\t\t\t\t\t<\/div>\n\t\t\t\t<\/div>\n\t\t\t\t<\/div>\n\t\t<div class=\"elementor-element elementor-element-a8bce61 e-con-full e-flex e-con e-child\" data-id=\"a8bce61\" data-element_type=\"container\">\n\t\t\t\t<div class=\"elementor-element elementor-element-8b2875f elementor-widget elementor-widget-image\" data-id=\"8b2875f\" data-element_type=\"widget\" data-widget_type=\"image.default\">\n\t\t\t\t<div class=\"elementor-widget-container\">\n\t\t\t\t\t\t\t\t\t\t\t\t\t\t\t<img decoding=\"async\" width=\"300\" height=\"200\" src=\"https:\/\/proplate.se\/wp-content\/uploads\/2025\/03\/aaa-38342-1500x1000px-2-300x200.jpg\" class=\"attachment-medium size-medium wp-image-2270\" alt=\"Bild p\u00e5 certifikat\" srcset=\"https:\/\/proplate.se\/wp-content\/uploads\/2025\/03\/aaa-38342-1500x1000px-2-300x200.jpg 300w, https:\/\/proplate.se\/wp-content\/uploads\/2025\/03\/aaa-38342-1500x1000px-2-1024x683.jpg 1024w, https:\/\/proplate.se\/wp-content\/uploads\/2025\/03\/aaa-38342-1500x1000px-2-768x512.jpg 768w, https:\/\/proplate.se\/wp-content\/uploads\/2025\/03\/aaa-38342-1500x1000px-2-18x12.jpg 18w, https:\/\/proplate.se\/wp-content\/uploads\/2025\/03\/aaa-38342-1500x1000px-2.jpg 1500w\" sizes=\"(max-width: 300px) 100vw, 300px\" \/>\t\t\t\t\t\t\t\t\t\t\t\t\t\t\t<\/div>\n\t\t\t\t<\/div>\n\t\t\t\t<div class=\"elementor-element elementor-element-3d5158a elementor-widget__width-initial elementor-widget elementor-widget-heading\" data-id=\"3d5158a\" data-element_type=\"widget\" data-widget_type=\"heading.default\">\n\t\t\t\t<div class=\"elementor-widget-container\">\n\t\t\t\t\t<p class=\"elementor-heading-title elementor-size-default\">ISO 3834-2<\/p>\t\t\t\t<\/div>\n\t\t\t\t<\/div>\n\t\t\t\t<div class=\"elementor-element elementor-element-7404fbc elementor-view-default elementor-widget elementor-widget-icon\" data-id=\"7404fbc\" data-element_type=\"widget\" data-widget_type=\"icon.default\">\n\t\t\t\t<div class=\"elementor-widget-container\">\n\t\t\t\t\t\t\t<div class=\"elementor-icon-wrapper\">\n\t\t\t<a class=\"elementor-icon\" href=\"https:\/\/proplate.se\/wp-content\/uploads\/2025\/03\/Certfikat-2022-ISO-3834.pdf\">\n\t\t\t<svg xmlns=\"http:\/\/www.w3.org\/2000\/svg\" id=\"a\" viewbox=\"0 0 240 210\"><path id=\"b\" d=\"M180,0H60L0,105l60,105h120l60-105L180,0ZM138.745,150.255l-11.314-11.314,25.941-25.941H56v-16h97.373l-25.941-25.941,11.314-11.314,45.255,45.255-45.255,45.255Z\" fill=\"#292929\"><\/path><\/svg>\t\t\t<\/a>\n\t\t<\/div>\n\t\t\t\t\t\t<\/div>\n\t\t\t\t<\/div>\n\t\t\t\t<\/div>\n\t\t<div class=\"elementor-element elementor-element-9789ef9 e-con-full e-flex e-con e-child\" data-id=\"9789ef9\" data-element_type=\"container\">\n\t\t\t\t<div class=\"elementor-element elementor-element-34dff62 elementor-widget elementor-widget-image\" data-id=\"34dff62\" data-element_type=\"widget\" data-widget_type=\"image.default\">\n\t\t\t\t<div class=\"elementor-widget-container\">\n\t\t\t\t\t\t\t\t\t\t\t\t\t\t\t<img decoding=\"async\" width=\"300\" height=\"200\" src=\"https:\/\/proplate.se\/wp-content\/uploads\/2025\/03\/dnv-gl-1-300x200.webp\" class=\"attachment-medium size-medium wp-image-2268\" alt=\"\" srcset=\"https:\/\/proplate.se\/wp-content\/uploads\/2025\/03\/dnv-gl-1-300x200.webp 300w, https:\/\/proplate.se\/wp-content\/uploads\/2025\/03\/dnv-gl-1-1024x683.webp 1024w, https:\/\/proplate.se\/wp-content\/uploads\/2025\/03\/dnv-gl-1-768x512.webp 768w, https:\/\/proplate.se\/wp-content\/uploads\/2025\/03\/dnv-gl-1-18x12.webp 18w, https:\/\/proplate.se\/wp-content\/uploads\/2025\/03\/dnv-gl-1.webp 1500w\" sizes=\"(max-width: 300px) 100vw, 300px\" \/>\t\t\t\t\t\t\t\t\t\t\t\t\t\t\t<\/div>\n\t\t\t\t<\/div>\n\t\t\t\t<div class=\"elementor-element elementor-element-3246da2 elementor-widget__width-initial elementor-widget elementor-widget-heading\" data-id=\"3246da2\" data-element_type=\"widget\" data-widget_type=\"heading.default\">\n\t\t\t\t<div class=\"elementor-widget-container\">\n\t\t\t\t\t<p class=\"elementor-heading-title elementor-size-default\">Certified by DNV: ISO 9001:2015 and ISO 14001:2015.<\/p>\t\t\t\t<\/div>\n\t\t\t\t<\/div>\n\t\t\t\t<div class=\"elementor-element elementor-element-ba1d423 elementor-view-default elementor-widget elementor-widget-icon\" data-id=\"ba1d423\" data-element_type=\"widget\" data-widget_type=\"icon.default\">\n\t\t\t\t<div class=\"elementor-widget-container\">\n\t\t\t\t\t\t\t<div class=\"elementor-icon-wrapper\">\n\t\t\t<a class=\"elementor-icon\" href=\"https:\/\/proplate.se\/wp-content\/uploads\/2025\/03\/ISO_14001-SWE-2024.pdf\">\n\t\t\t<svg xmlns=\"http:\/\/www.w3.org\/2000\/svg\" id=\"a\" viewbox=\"0 0 240 210\"><path id=\"b\" d=\"M180,0H60L0,105l60,105h120l60-105L180,0ZM138.745,150.255l-11.314-11.314,25.941-25.941H56v-16h97.373l-25.941-25.941,11.314-11.314,45.255,45.255-45.255,45.255Z\" fill=\"#292929\"><\/path><\/svg>\t\t\t<\/a>\n\t\t<\/div>\n\t\t\t\t\t\t<\/div>\n\t\t\t\t<\/div>\n\t\t\t\t<\/div>\n\t\t\t\t<\/div>\n\t\t\t\t<\/div>\n\t\t<div class=\"elementor-element elementor-element-c60b4b6 e-con-full e-flex e-con e-child\" data-id=\"c60b4b6\" data-element_type=\"container\">\n\t\t<div class=\"elementor-element elementor-element-edad604 e-con-full e-flex e-con e-child\" data-id=\"edad604\" data-element_type=\"container\">\n\t\t\t\t<div class=\"elementor-element elementor-element-1cfcb66 elementor-widget__width-initial elementor-widget elementor-widget-heading\" data-id=\"1cfcb66\" data-element_type=\"widget\" data-widget_type=\"heading.default\">\n\t\t\t\t<div class=\"elementor-widget-container\">\n\t\t\t\t\t<h3 class=\"elementor-heading-title elementor-size-default\">Contact<\/h3>\t\t\t\t<\/div>\n\t\t\t\t<\/div>\n\t\t\t\t<div class=\"elementor-element elementor-element-5a64ee1 elementor-widget__width-auto elementor-widget elementor-widget-heading\" data-id=\"5a64ee1\" data-element_type=\"widget\" data-widget_type=\"heading.default\">\n\t\t\t\t<div class=\"elementor-widget-container\">\n\t\t\t\t\t<h4 class=\"elementor-heading-title elementor-size-default\">Johan Gustafsson<\/h4>\t\t\t\t<\/div>\n\t\t\t\t<\/div>\n\t\t\t\t<div class=\"elementor-element elementor-element-a812537 elementor-widget elementor-widget-text-editor\" data-id=\"a812537\" data-element_type=\"widget\" data-widget_type=\"text-editor.default\">\n\t\t\t\t<div class=\"elementor-widget-container\">\n\t\t\t\t\t\t\t\t\t<p>Telefon: +46 (0)10-195 41 67<br \/>Mobile: +46 (0)<span class=\"cf0\">70-227 50 83<\/span><br \/><a href=\"mailto:johan.gustafsson@proplate.se\">johan.gustafsson@proplate.se<\/a><\/p>\t\t\t\t\t\t\t\t<\/div>\n\t\t\t\t<\/div>\n\t\t\t\t<\/div>\n\t\t\t\t<\/div>\n\t\t\t\t<\/div>\n\t\t\t\t\t<\/div>\n\t\t\t\t<\/div>\n\t\t<div class=\"elementor-element elementor-element-60675ef e-flex e-con-boxed e-con e-parent\" data-id=\"60675ef\" data-element_type=\"container\" data-settings=\"{&quot;background_background&quot;:&quot;classic&quot;}\">\n\t\t\t\t\t<div class=\"e-con-inner\">\n\t\t\t\t<div class=\"elementor-element elementor-element-ec6eab8 elementor-widget elementor-widget-heading\" data-id=\"ec6eab8\" data-element_type=\"widget\" data-widget_type=\"heading.default\">\n\t\t\t\t<div class=\"elementor-widget-container\">\n\t\t\t\t\t<h3 class=\"elementor-heading-title elementor-size-default\">Press Materials <\/h3>\t\t\t\t<\/div>\n\t\t\t\t<\/div>\n\t\t\t\t<div class=\"elementor-element elementor-element-a410ac5 elementor-align-justify elementor-widget__width-initial elementor-widget elementor-widget-button\" data-id=\"a410ac5\" data-element_type=\"widget\" data-widget_type=\"button.default\">\n\t\t\t\t<div class=\"elementor-widget-container\">\n\t\t\t\t\t\t\t\t\t<div class=\"elementor-button-wrapper\">\n\t\t\t\t\t<a class=\"elementor-button elementor-button-link elementor-size-sm\" href=\"\/en\/about-us\/pressmaterial\/\">\n\t\t\t\t\t\t<span class=\"elementor-button-content-wrapper\">\n\t\t\t\t\t\t<span class=\"elementor-button-icon\">\n\t\t\t\t<i aria-hidden=\"true\" class=\"fas fa-arrow-right\"><\/i>\t\t\t<\/span>\n\t\t\t\t\t\t\t\t\t<span class=\"elementor-button-text\">Ladda ner bilder<\/span>\n\t\t\t\t\t<\/span>\n\t\t\t\t\t<\/a>\n\t\t\t\t<\/div>\n\t\t\t\t\t\t\t\t<\/div>\n\t\t\t\t<\/div>\n\t\t\t\t\t<\/div>\n\t\t\t\t<\/div>\n\t\t\t\t<\/div>","protected":false},"excerpt":{"rendered":"<p>Certifieringar Certifierad kvalitet genom hela processen Proplate \u00e4r certifierade enligt ISO 9001 f\u00f6r kvalitetsledning, ISO 14001 f\u00f6r milj\u00f6ledning samt ISO 3834-2 och EN 1090-1 EXC3 f\u00f6r svetsning och b\u00e4rande st\u00e5lkonstruktioner. Tillsammans s\u00e4kerst\u00e4ller dessa certifieringar att vi har en h\u00f6g och j\u00e4mn kvalitetsniv\u00e5 i hela v\u00e5r produktion. F\u00f6r v\u00e5ra kunder inneb\u00e4r det att vi arbetar enligt [&hellip;]<\/p>","protected":false},"author":1,"featured_media":0,"parent":730,"menu_order":5,"comment_status":"closed","ping_status":"closed","template":"","meta":{"footnotes":""},"class_list":["post-1395","page","type-page","status-publish","hentry"],"yoast_head":"<!-- This site is optimized with the Yoast SEO plugin v25.1 - https:\/\/yoast.com\/wordpress\/plugins\/seo\/ -->\n<title>Certifieringar | Proplate - Globala st\u00e5ll\u00f6sningar<\/title>\n<meta name=\"description\" content=\"Certifieringar | Vi tillverkar industriella komponenter i specialst\u00e5l till kunder \u00f6ver hela v\u00e4rlden | V\u00e4lj Proplate f\u00f6r skr\u00e4ddarsydd metallbearbetning\" \/>\n<meta name=\"robots\" content=\"index, follow, max-snippet:-1, max-image-preview:large, max-video-preview:-1\" \/>\n<link rel=\"canonical\" href=\"https:\/\/proplate.se\/en\/about-us\/certifications\/\" \/>\n<meta property=\"og:locale\" content=\"en_US\" \/>\n<meta property=\"og:type\" content=\"article\" \/>\n<meta property=\"og:title\" content=\"Certifieringar | Proplate - Globala st\u00e5ll\u00f6sningar\" \/>\n<meta property=\"og:description\" content=\"Certifieringar | Vi tillverkar industriella komponenter i specialst\u00e5l till kunder \u00f6ver hela v\u00e4rlden | V\u00e4lj Proplate f\u00f6r skr\u00e4ddarsydd metallbearbetning\" \/>\n<meta property=\"og:url\" content=\"https:\/\/proplate.se\/en\/about-us\/certifications\/\" \/>\n<meta property=\"og:site_name\" content=\"Proplate\" \/>\n<meta property=\"article:modified_time\" content=\"2026-03-11T09:23:21+00:00\" \/>\n<meta property=\"og:image\" content=\"https:\/\/proplate.se\/wp-content\/uploads\/2025\/03\/aaa-10901-1500x1000px-1.jpg\" \/>\n\t<meta property=\"og:image:width\" content=\"1500\" \/>\n\t<meta property=\"og:image:height\" content=\"1000\" \/>\n\t<meta property=\"og:image:type\" content=\"image\/jpeg\" \/>\n<meta name=\"twitter:card\" content=\"summary_large_image\" \/>\n<meta name=\"twitter:label1\" content=\"Est. reading time\" \/>\n\t<meta name=\"twitter:data1\" content=\"2 minutes\" \/>\n<script type=\"application\/ld+json\" class=\"yoast-schema-graph\">{\"@context\":\"https:\/\/schema.org\",\"@graph\":[{\"@type\":\"WebPage\",\"@id\":\"https:\/\/proplate.se\/om-oss\/certifieringar\/\",\"url\":\"https:\/\/proplate.se\/om-oss\/certifieringar\/\",\"name\":\"Certifieringar | Proplate - Globala st\u00e5ll\u00f6sningar\",\"isPartOf\":{\"@id\":\"https:\/\/proplate.se\/#website\"},\"primaryImageOfPage\":{\"@id\":\"https:\/\/proplate.se\/om-oss\/certifieringar\/#primaryimage\"},\"image\":{\"@id\":\"https:\/\/proplate.se\/om-oss\/certifieringar\/#primaryimage\"},\"thumbnailUrl\":\"https:\/\/proplate.se\/wp-content\/uploads\/2025\/03\/aaa-10901-1500x1000px-1-300x200.jpg\",\"datePublished\":\"2025-02-26T10:24:00+00:00\",\"dateModified\":\"2026-03-11T09:23:21+00:00\",\"description\":\"Certifieringar | Vi tillverkar industriella komponenter i specialst\u00e5l till kunder \u00f6ver hela v\u00e4rlden | V\u00e4lj Proplate f\u00f6r skr\u00e4ddarsydd metallbearbetning\",\"breadcrumb\":{\"@id\":\"https:\/\/proplate.se\/om-oss\/certifieringar\/#breadcrumb\"},\"inLanguage\":\"en-US\",\"potentialAction\":[{\"@type\":\"ReadAction\",\"target\":[\"https:\/\/proplate.se\/om-oss\/certifieringar\/\"]}]},{\"@type\":\"ImageObject\",\"inLanguage\":\"en-US\",\"@id\":\"https:\/\/proplate.se\/om-oss\/certifieringar\/#primaryimage\",\"url\":\"https:\/\/proplate.se\/wp-content\/uploads\/2025\/03\/aaa-10901-1500x1000px-1-300x200.jpg\",\"contentUrl\":\"https:\/\/proplate.se\/wp-content\/uploads\/2025\/03\/aaa-10901-1500x1000px-1-300x200.jpg\"},{\"@type\":\"BreadcrumbList\",\"@id\":\"https:\/\/proplate.se\/om-oss\/certifieringar\/#breadcrumb\",\"itemListElement\":[{\"@type\":\"ListItem\",\"position\":1,\"name\":\"Hem\",\"item\":\"https:\/\/proplate.se\/\"},{\"@type\":\"ListItem\",\"position\":2,\"name\":\"Om oss\",\"item\":\"https:\/\/proplate.se\/om-oss\/\"},{\"@type\":\"ListItem\",\"position\":3,\"name\":\"Certifieringar\"}]},{\"@type\":\"WebSite\",\"@id\":\"https:\/\/proplate.se\/#website\",\"url\":\"https:\/\/proplate.se\/\",\"name\":\"Proplate\",\"description\":\"\",\"potentialAction\":[{\"@type\":\"SearchAction\",\"target\":{\"@type\":\"EntryPoint\",\"urlTemplate\":\"https:\/\/proplate.se\/?s={search_term_string}\"},\"query-input\":{\"@type\":\"PropertyValueSpecification\",\"valueRequired\":true,\"valueName\":\"search_term_string\"}}],\"inLanguage\":\"en-US\"}]}<\/script>\n<!-- \/ Yoast SEO plugin. -->","yoast_head_json":{"title":"Certifieringar | Proplate - Globala st\u00e5ll\u00f6sningar","description":"Certifieringar | Vi tillverkar industriella komponenter i specialst\u00e5l till kunder \u00f6ver hela v\u00e4rlden | V\u00e4lj Proplate f\u00f6r skr\u00e4ddarsydd metallbearbetning","robots":{"index":"index","follow":"follow","max-snippet":"max-snippet:-1","max-image-preview":"max-image-preview:large","max-video-preview":"max-video-preview:-1"},"canonical":"https:\/\/proplate.se\/en\/about-us\/certifications\/","og_locale":"en_US","og_type":"article","og_title":"Certifieringar | Proplate - Globala st\u00e5ll\u00f6sningar","og_description":"Certifieringar | Vi tillverkar industriella komponenter i specialst\u00e5l till kunder \u00f6ver hela v\u00e4rlden | V\u00e4lj Proplate f\u00f6r skr\u00e4ddarsydd metallbearbetning","og_url":"https:\/\/proplate.se\/en\/about-us\/certifications\/","og_site_name":"Proplate","article_modified_time":"2026-03-11T09:23:21+00:00","og_image":[{"width":1500,"height":1000,"url":"https:\/\/proplate.se\/wp-content\/uploads\/2025\/03\/aaa-10901-1500x1000px-1.jpg","type":"image\/jpeg"}],"twitter_card":"summary_large_image","twitter_misc":{"Est. reading time":"2 minutes"},"schema":{"@context":"https:\/\/schema.org","@graph":[{"@type":"WebPage","@id":"https:\/\/proplate.se\/om-oss\/certifieringar\/","url":"https:\/\/proplate.se\/om-oss\/certifieringar\/","name":"Certifieringar | Proplate - Globala st\u00e5ll\u00f6sningar","isPartOf":{"@id":"https:\/\/proplate.se\/#website"},"primaryImageOfPage":{"@id":"https:\/\/proplate.se\/om-oss\/certifieringar\/#primaryimage"},"image":{"@id":"https:\/\/proplate.se\/om-oss\/certifieringar\/#primaryimage"},"thumbnailUrl":"https:\/\/proplate.se\/wp-content\/uploads\/2025\/03\/aaa-10901-1500x1000px-1-300x200.jpg","datePublished":"2025-02-26T10:24:00+00:00","dateModified":"2026-03-11T09:23:21+00:00","description":"Certifieringar | Vi tillverkar industriella komponenter i specialst\u00e5l till kunder \u00f6ver hela v\u00e4rlden | V\u00e4lj Proplate f\u00f6r skr\u00e4ddarsydd metallbearbetning","breadcrumb":{"@id":"https:\/\/proplate.se\/om-oss\/certifieringar\/#breadcrumb"},"inLanguage":"en-US","potentialAction":[{"@type":"ReadAction","target":["https:\/\/proplate.se\/om-oss\/certifieringar\/"]}]},{"@type":"ImageObject","inLanguage":"en-US","@id":"https:\/\/proplate.se\/om-oss\/certifieringar\/#primaryimage","url":"https:\/\/proplate.se\/wp-content\/uploads\/2025\/03\/aaa-10901-1500x1000px-1-300x200.jpg","contentUrl":"https:\/\/proplate.se\/wp-content\/uploads\/2025\/03\/aaa-10901-1500x1000px-1-300x200.jpg"},{"@type":"BreadcrumbList","@id":"https:\/\/proplate.se\/om-oss\/certifieringar\/#breadcrumb","itemListElement":[{"@type":"ListItem","position":1,"name":"Hem","item":"https:\/\/proplate.se\/"},{"@type":"ListItem","position":2,"name":"Om oss","item":"https:\/\/proplate.se\/om-oss\/"},{"@type":"ListItem","position":3,"name":"Certifieringar"}]},{"@type":"WebSite","@id":"https:\/\/proplate.se\/#website","url":"https:\/\/proplate.se\/","name":"Proplate","description":"","potentialAction":[{"@type":"SearchAction","target":{"@type":"EntryPoint","urlTemplate":"https:\/\/proplate.se\/?s={search_term_string}"},"query-input":{"@type":"PropertyValueSpecification","valueRequired":true,"valueName":"search_term_string"}}],"inLanguage":"en-US"}]}},"_links":{"self":[{"href":"https:\/\/proplate.se\/en\/wp-json\/wp\/v2\/pages\/1395","targetHints":{"allow":["GET"]}}],"collection":[{"href":"https:\/\/proplate.se\/en\/wp-json\/wp\/v2\/pages"}],"about":[{"href":"https:\/\/proplate.se\/en\/wp-json\/wp\/v2\/types\/page"}],"author":[{"embeddable":true,"href":"https:\/\/proplate.se\/en\/wp-json\/wp\/v2\/users\/1"}],"replies":[{"embeddable":true,"href":"https:\/\/proplate.se\/en\/wp-json\/wp\/v2\/comments?post=1395"}],"version-history":[{"count":52,"href":"https:\/\/proplate.se\/en\/wp-json\/wp\/v2\/pages\/1395\/revisions"}],"predecessor-version":[{"id":4182,"href":"https:\/\/proplate.se\/en\/wp-json\/wp\/v2\/pages\/1395\/revisions\/4182"}],"up":[{"embeddable":true,"href":"https:\/\/proplate.se\/en\/wp-json\/wp\/v2\/pages\/730"}],"wp:attachment":[{"href":"https:\/\/proplate.se\/en\/wp-json\/wp\/v2\/media?parent=1395"}],"curies":[{"name":"wp","href":"https:\/\/api.w.org\/{rel}","templated":true}]}}