{"id":4029,"date":"2025-10-14T13:21:39","date_gmt":"2025-10-14T12:21:39","guid":{"rendered":"https:\/\/proplate.se\/?page_id=4029"},"modified":"2026-04-20T12:10:42","modified_gmt":"2026-04-20T11:10:42","slug":"lediga-tjanster","status":"publish","type":"page","link":"https:\/\/proplate.se\/de\/produkte\/lediga-tjanster\/","title":{"rendered":"Lediga tj\u00e4nster"},"content":{"rendered":"<div data-elementor-type=\"wp-page\" data-elementor-id=\"4029\" class=\"elementor elementor-4029\" data-elementor-post-type=\"page\">\n\t\t\t\t<div class=\"elementor-element elementor-element-9182d70 e-flex e-con-boxed e-con e-parent\" data-id=\"9182d70\" data-element_type=\"container\" data-settings=\"{&quot;background_background&quot;:&quot;classic&quot;}\">\n\t\t\t\t\t<div class=\"e-con-inner\">\n\t\t\t\t<div class=\"elementor-element elementor-element-c7de307 elementor-widget__width-initial elementor-widget elementor-widget-heading\" data-id=\"c7de307\" data-element_type=\"widget\" data-widget_type=\"heading.default\">\n\t\t\t\t<div class=\"elementor-widget-container\">\n\t\t\t\t\t<h1 class=\"elementor-heading-title elementor-size-default\">S\u00f6k jobb hos oss<\/h1>\t\t\t\t<\/div>\n\t\t\t\t<\/div>\n\t\t\t\t<div class=\"elementor-element elementor-element-4f309c5 elementor-widget elementor-widget-image\" data-id=\"4f309c5\" data-element_type=\"widget\" data-widget_type=\"image.default\">\n\t\t\t\t<div class=\"elementor-widget-container\">\n\t\t\t\t\t\t\t\t\t\t\t\t\t\t\t<img fetchpriority=\"high\" decoding=\"async\" width=\"768\" height=\"512\" src=\"https:\/\/proplate.se\/wp-content\/uploads\/2025\/03\/FJH2913-768x512.jpg\" class=\"attachment-medium_large size-medium_large wp-image-2249\" alt=\"\" srcset=\"https:\/\/proplate.se\/wp-content\/uploads\/2025\/03\/FJH2913-768x512.jpg 768w, https:\/\/proplate.se\/wp-content\/uploads\/2025\/03\/FJH2913-300x200.jpg 300w, https:\/\/proplate.se\/wp-content\/uploads\/2025\/03\/FJH2913-1024x683.jpg 1024w, https:\/\/proplate.se\/wp-content\/uploads\/2025\/03\/FJH2913-18x12.jpg 18w, https:\/\/proplate.se\/wp-content\/uploads\/2025\/03\/FJH2913.jpg 1200w\" sizes=\"(max-width: 768px) 100vw, 768px\" \/>\t\t\t\t\t\t\t\t\t\t\t\t\t\t\t<\/div>\n\t\t\t\t<\/div>\n\t\t\t\t\t<\/div>\n\t\t\t\t<\/div>\n\t\t<div class=\"elementor-element elementor-element-841a89e e-flex e-con-boxed e-con e-parent\" data-id=\"841a89e\" data-element_type=\"container\" data-settings=\"{&quot;background_background&quot;:&quot;classic&quot;}\">\n\t\t\t\t\t<div class=\"e-con-inner\">\n\t\t<div class=\"elementor-element elementor-element-e749546 e-con-full e-flex e-con e-child\" data-id=\"e749546\" data-element_type=\"container\">\n\t\t<div class=\"elementor-element elementor-element-b1d76ac e-con-full e-flex e-con e-child\" data-id=\"b1d76ac\" data-element_type=\"container\">\n\t\t\t\t<div class=\"elementor-element elementor-element-d9f0622 elementor-widget__width-inherit elementor-widget elementor-widget-text-editor\" data-id=\"d9f0622\" data-element_type=\"widget\" data-widget_type=\"text-editor.default\">\n\t\t\t\t<div class=\"elementor-widget-container\">\n\t\t\t\t\t\t\t\t\t<p class=\"p1\"><b>P\u00e5 Proplate tror vi p\u00e5 att skapa v\u00e4rde genom m\u00e4nniskor \u2013 d\u00e4rf\u00f6r s\u00f6ker vi dig som vill v\u00e4xa med oss.<\/b><b><\/b><\/p><p class=\"p2\">Vi tillverkar stora, komplexa st\u00e5ll\u00f6sningar \u00e5t kunder \u00f6ver hela v\u00e4rlden, och varje ny medarbetare blir en viktig pusselbit i v\u00e5r resa fram\u00e5t. H\u00e4r f\u00e5r du arbeta med teknik, kvalitet och utveckling.\u00a0<\/p><h3><b>Vi satsar p\u00e5 dig\u00a0<\/b><\/h3><p class=\"p3\">Vi tror att en organisations styrka ligger i m\u00e4nniskorna. D\u00e4rf\u00f6r g\u00f6r vi allt vi kan f\u00f6r att du som medarbetare ska kunna v\u00e4xa, m\u00e5 bra och prestera p\u00e5 riktigt.<\/p><p class=\"p3\">Hos oss f\u00e5r du:<\/p><ul><li><p class=\"p1\">M\u00f6jlighet att utvecklas i din roll \u2013 vi v\u00e4rderar vilja och potential h\u00f6gre \u00e4n erfarenhet.<\/p><\/li><li><p class=\"p1\">St\u00f6d och utbildning \u2013 tekniska kurser, interna kunskapsdelningar och mentorskap.<\/p><\/li><li><p class=\"p1\">Goda villkor f\u00f6r h\u00e4lsa \u2013 friskv\u00e5rdsbidrag, frukt i fikarummet, och en timmes tr\u00e4ning i veckan p\u00e5 arbetstid.<\/p><\/li><li><p class=\"p1\">En arbetsmilj\u00f6 d\u00e4r s\u00e4kerhet och kvalitet \u00e4r sj\u00e4lvklarheter \u2013 d\u00e4r ansvar och delaktighet delas \u00f6ver hela organisationen.<\/p><\/li><\/ul><p class=\"p3\">Vi s\u00f6ker inte bara kompetens \u2013 vi s\u00f6ker personer som vill utvecklas med oss och bli en del av v\u00e5r resa fram\u00e5t.<\/p><h2>V\u00e4lkommen att skicka din spontanans\u00f6kan!<\/h2><p>Vi \u00e4r alltid nyfikna p\u00e5 dem som \u00e4r nyfikna p\u00e5 oss &#8211; v\u00e4lkommen att <a href=\"mailto:jobb@proplate.se\">skicka en spontanans\u00f6kan<\/a>.\u00a0<\/p>\t\t\t\t\t\t\t\t<\/div>\n\t\t\t\t<\/div>\n\t\t\t\t<\/div>\n\t\t<div class=\"elementor-element elementor-element-458da3b e-con-full e-flex e-con e-child\" data-id=\"458da3b\" data-element_type=\"container\">\n\t\t<div class=\"elementor-element elementor-element-a3364d5 e-con-full e-flex e-con e-child\" data-id=\"a3364d5\" data-element_type=\"container\">\n\t\t\t\t<div class=\"elementor-element elementor-element-0afc2fc elementor-widget__width-initial elementor-widget elementor-widget-heading\" data-id=\"0afc2fc\" data-element_type=\"widget\" data-widget_type=\"heading.default\">\n\t\t\t\t<div class=\"elementor-widget-container\">\n\t\t\t\t\t<h3 class=\"elementor-heading-title elementor-size-default\">Kontakt<\/h3>\t\t\t\t<\/div>\n\t\t\t\t<\/div>\n\t\t\t\t<div class=\"elementor-element elementor-element-612ff88 elementor-widget elementor-widget-image\" data-id=\"612ff88\" data-element_type=\"widget\" data-widget_type=\"image.default\">\n\t\t\t\t<div class=\"elementor-widget-container\">\n\t\t\t\t\t\t\t\t\t\t\t\t\t\t\t<img decoding=\"async\" width=\"393\" height=\"426\" src=\"https:\/\/proplate.se\/wp-content\/uploads\/2025\/09\/annelie-thorn.jpg\" class=\"attachment-large size-large wp-image-3671\" alt=\"Annelie Th\u00f6rn\" srcset=\"https:\/\/proplate.se\/wp-content\/uploads\/2025\/09\/annelie-thorn.jpg 393w, https:\/\/proplate.se\/wp-content\/uploads\/2025\/09\/annelie-thorn-277x300.jpg 277w, https:\/\/proplate.se\/wp-content\/uploads\/2025\/09\/annelie-thorn-11x12.jpg 11w\" sizes=\"(max-width: 393px) 100vw, 393px\" \/>\t\t\t\t\t\t\t\t\t\t\t\t\t\t\t<\/div>\n\t\t\t\t<\/div>\n\t\t\t\t<div class=\"elementor-element elementor-element-5356728 elementor-widget__width-auto elementor-widget elementor-widget-heading\" data-id=\"5356728\" data-element_type=\"widget\" data-widget_type=\"heading.default\">\n\t\t\t\t<div class=\"elementor-widget-container\">\n\t\t\t\t\t<h4 class=\"elementor-heading-title elementor-size-default\">Annelie Th\u00f6rn<\/h4>\t\t\t\t<\/div>\n\t\t\t\t<\/div>\n\t\t\t\t<div class=\"elementor-element elementor-element-5ec9688 elementor-widget elementor-widget-text-editor\" data-id=\"5ec9688\" data-element_type=\"widget\" data-widget_type=\"text-editor.default\">\n\t\t\t\t<div class=\"elementor-widget-container\">\n\t\t\t\t\t\t\t\t\t<p>\u00a0Telefon: +46 (0)10-195 41 13<br \/><span class=\"icon_mobile\">\u00a0<\/span>Mobil: +46 (0)76-104 07 48<br \/><span class=\"icon_mail_alt\">\u00a0<\/span><a href=\"mailto:annelie.thorn@proplate.se\">annelie.thorn@proplate.se<\/a><\/p>\t\t\t\t\t\t\t\t<\/div>\n\t\t\t\t<\/div>\n\t\t\t\t<\/div>\n\t\t\t\t<\/div>\n\t\t\t\t<\/div>\n\t\t\t\t\t<\/div>\n\t\t\t\t<\/div>\n\t\t<div class=\"elementor-element elementor-element-3e29706 e-flex e-con-boxed e-con e-parent\" data-id=\"3e29706\" data-element_type=\"container\" data-settings=\"{&quot;background_background&quot;:&quot;classic&quot;}\">\n\t\t\t\t\t<div class=\"e-con-inner\">\n\t\t<div class=\"elementor-element elementor-element-cd06c08 e-con-full e-flex e-con e-child\" data-id=\"cd06c08\" data-element_type=\"container\">\n\t\t<div class=\"elementor-element elementor-element-5982c0c e-con-full e-flex e-con e-child\" data-id=\"5982c0c\" data-element_type=\"container\">\n\t\t\t\t<div class=\"elementor-element elementor-element-4d7572a elementor-widget__width-inherit elementor-widget elementor-widget-heading\" data-id=\"4d7572a\" data-element_type=\"widget\" data-widget_type=\"heading.default\">\n\t\t\t\t<div class=\"elementor-widget-container\">\n\t\t\t\t\t<h3 class=\"elementor-heading-title elementor-size-default\">Kontakt<\/h3>\t\t\t\t<\/div>\n\t\t\t\t<\/div>\n\t\t\t\t<div class=\"elementor-element elementor-element-0f7c435 elementor-widget__width-initial elementor-widget elementor-widget-text-editor\" data-id=\"0f7c435\" data-element_type=\"widget\" data-widget_type=\"text-editor.default\">\n\t\t\t\t<div class=\"elementor-widget-container\">\n\t\t\t\t\t\t\t\t\t<p>Kontaktieren Sie uns gerne, um zu sehen, ob wir gemeinsam innovative L\u00f6sungen finden k\u00f6nnen.<\/p>\t\t\t\t\t\t\t\t<\/div>\n\t\t\t\t<\/div>\n\t\t\t\t<\/div>\n\t\t<div class=\"elementor-element elementor-element-d983149 e-con-full e-flex e-con e-child\" data-id=\"d983149\" data-element_type=\"container\">\n\t\t\t\t<div class=\"elementor-element elementor-element-a076a21 elementor-button-align-stretch elementor-widget elementor-widget-form\" data-id=\"a076a21\" data-element_type=\"widget\" data-settings=\"{&quot;button_width&quot;:&quot;100&quot;,&quot;step_type&quot;:&quot;number_text&quot;,&quot;step_icon_shape&quot;:&quot;circle&quot;}\" data-widget_type=\"form.default\">\n\t\t\t\t<div class=\"elementor-widget-container\">\n\t\t\t\t\t\t\t<form class=\"elementor-form\" method=\"post\" name=\"Nytt formul\u00e4r\" action=\"\">\n\t\t\t<input type=\"hidden\" name=\"post_id\" value=\"4029\"\/>\n\t\t\t<input type=\"hidden\" name=\"form_id\" value=\"a076a21\"\/>\n\t\t\t<input type=\"hidden\" name=\"referer_title\" value=\"Proplate\" \/>\n\n\t\t\t\n\t\t\t<div class=\"elementor-form-fields-wrapper elementor-labels-\">\n\t\t\t\t\t\t\t\t<div class=\"elementor-field-type-text elementor-field-group elementor-column elementor-field-group-name elementor-col-100\">\n\t\t\t\t\t\t\t\t\t\t\t\t<label for=\"form-field-name\" class=\"elementor-field-label elementor-screen-only\">\n\t\t\t\t\t\t\t\tNamn\t\t\t\t\t\t\t<\/label>\n\t\t\t\t\t\t\t\t\t\t\t\t\t\t<input size=\"1\" type=\"text\" name=\"form_fields[name]\" id=\"form-field-name\" class=\"elementor-field elementor-size-sm  elementor-field-textual\" placeholder=\"Name*\">\n\t\t\t\t\t\t\t\t\t\t\t<\/div>\n\t\t\t\t\t\t\t\t<div class=\"elementor-field-type-email elementor-field-group elementor-column elementor-field-group-email elementor-col-100 elementor-field-required\">\n\t\t\t\t\t\t\t\t\t\t\t\t<label for=\"form-field-email\" class=\"elementor-field-label elementor-screen-only\">\n\t\t\t\t\t\t\t\tE-post\t\t\t\t\t\t\t<\/label>\n\t\t\t\t\t\t\t\t\t\t\t\t\t\t<input size=\"1\" type=\"email\" name=\"form_fields[email]\" id=\"form-field-email\" class=\"elementor-field elementor-size-sm  elementor-field-textual\" placeholder=\"E-Mail*\" required=\"required\">\n\t\t\t\t\t\t\t\t\t\t\t<\/div>\n\t\t\t\t\t\t\t\t<div class=\"elementor-field-type-text elementor-field-group elementor-column elementor-field-group-field_6527881 elementor-col-100 elementor-field-required\">\n\t\t\t\t\t\t\t\t\t\t\t\t<label for=\"form-field-field_6527881\" class=\"elementor-field-label elementor-screen-only\">\n\t\t\t\t\t\t\t\tF\u00f6retag\t\t\t\t\t\t\t<\/label>\n\t\t\t\t\t\t\t\t\t\t\t\t\t\t<input size=\"1\" type=\"text\" name=\"form_fields[field_6527881]\" id=\"form-field-field_6527881\" class=\"elementor-field elementor-size-sm  elementor-field-textual\" placeholder=\"Unternehmen*\" required=\"required\">\n\t\t\t\t\t\t\t\t\t\t\t<\/div>\n\t\t\t\t\t\t\t\t<div class=\"elementor-field-type-tel elementor-field-group elementor-column elementor-field-group-field_9d23489 elementor-col-100\">\n\t\t\t\t\t\t\t\t\t\t\t\t<label for=\"form-field-field_9d23489\" class=\"elementor-field-label elementor-screen-only\">\n\t\t\t\t\t\t\t\tTelefon\t\t\t\t\t\t\t<\/label>\n\t\t\t\t\t\t\t\t<input size=\"1\" type=\"tel\" name=\"form_fields[field_9d23489]\" id=\"form-field-field_9d23489\" class=\"elementor-field elementor-size-sm  elementor-field-textual\" placeholder=\"Telefon*\" pattern=\"[0-9()#&amp;+*-=.]+\" title=\"Nur Nummern oder Telefon-Zeichen (#, -, *, etc) werden akzeptiert.\">\n\n\t\t\t\t\t\t<\/div>\n\t\t\t\t\t\t\t\t<div class=\"elementor-field-type-textarea elementor-field-group elementor-column elementor-field-group-message elementor-col-100\">\n\t\t\t\t\t\t\t\t\t\t\t\t<label for=\"form-field-message\" class=\"elementor-field-label elementor-screen-only\">\n\t\t\t\t\t\t\t\tMeddelande\t\t\t\t\t\t\t<\/label>\n\t\t\t\t\t\t<textarea class=\"elementor-field-textual elementor-field  elementor-size-sm\" name=\"form_fields[message]\" id=\"form-field-message\" rows=\"4\" placeholder=\"Nachricht*\"><\/textarea>\t\t\t\t<\/div>\n\t\t\t\t\t\t\t\t<div class=\"elementor-field-group elementor-column elementor-field-type-submit elementor-col-100 e-form__buttons\">\n\t\t\t\t\t<button class=\"elementor-button elementor-size-sm\" type=\"submit\">\n\t\t\t\t\t\t<span class=\"elementor-button-content-wrapper\">\n\t\t\t\t\t\t\t\t\t\t\t\t\t\t\t<span class=\"elementor-button-icon\">\n\t\t\t\t\t\t\t\t\t<i aria-hidden=\"true\" class=\"fas fa-arrow-right\"><\/i>\t\t\t\t\t\t\t\t\t\t\t\t\t\t\t\t\t<\/span>\n\t\t\t\t\t\t\t\t\t\t\t\t\t\t\t\t\t\t\t\t\t\t<span class=\"elementor-button-text\">Anfrage senden<\/span>\n\t\t\t\t\t\t\t\t\t\t\t\t\t<\/span>\n\t\t\t\t\t<\/button>\n\t\t\t\t<\/div>\n\t\t\t<\/div>\n\t\t<input type=\"hidden\" name=\"trp-form-language\" value=\"de\"\/><\/form>\n\t\t\t\t\t\t<\/div>\n\t\t\t\t<\/div>\n\t\t\t\t<\/div>\n\t\t\t\t<\/div>\n\t\t\t\t\t<\/div>\n\t\t\t\t<\/div>\n\t\t\t\t<\/div>","protected":false},"excerpt":{"rendered":"<p>S\u00f6k jobb hos oss P\u00e5 Proplate tror vi p\u00e5 att skapa v\u00e4rde genom m\u00e4nniskor \u2013 d\u00e4rf\u00f6r s\u00f6ker vi dig som vill v\u00e4xa med oss. Vi tillverkar stora, komplexa st\u00e5ll\u00f6sningar \u00e5t kunder \u00f6ver hela v\u00e4rlden, och varje ny medarbetare blir en viktig pusselbit i v\u00e5r resa fram\u00e5t. H\u00e4r f\u00e5r du arbeta med teknik, kvalitet och utveckling.\u00a0 [&hellip;]<\/p>","protected":false},"author":5,"featured_media":0,"parent":308,"menu_order":0,"comment_status":"closed","ping_status":"closed","template":"","meta":{"footnotes":""},"class_list":["post-4029","page","type-page","status-publish","hentry"],"yoast_head":"<!-- This site is optimized with the Yoast SEO plugin v25.1 - https:\/\/yoast.com\/wordpress\/plugins\/seo\/ -->\n<title>Lediga tj\u00e4nster | Proplate - Globala st\u00e5ll\u00f6sningar<\/title>\n<meta name=\"description\" content=\"Lediga tj\u00e4nster | Vi tillverkar industriella komponenter i specialst\u00e5l till kunder \u00f6ver hela v\u00e4rlden | V\u00e4lj Proplate f\u00f6r skr\u00e4ddarsydd metallbearbetning\" \/>\n<meta name=\"robots\" content=\"index, follow, max-snippet:-1, max-image-preview:large, max-video-preview:-1\" \/>\n<link rel=\"canonical\" href=\"https:\/\/proplate.se\/de\/produkte\/lediga-tjanster\/\" \/>\n<meta property=\"og:locale\" content=\"de_DE\" \/>\n<meta property=\"og:type\" content=\"article\" \/>\n<meta property=\"og:title\" content=\"Lediga tj\u00e4nster | Proplate - Globala st\u00e5ll\u00f6sningar\" \/>\n<meta property=\"og:description\" content=\"Lediga tj\u00e4nster | Vi tillverkar industriella komponenter i specialst\u00e5l till kunder \u00f6ver hela v\u00e4rlden | V\u00e4lj Proplate f\u00f6r skr\u00e4ddarsydd metallbearbetning\" \/>\n<meta property=\"og:url\" content=\"https:\/\/proplate.se\/de\/produkte\/lediga-tjanster\/\" \/>\n<meta property=\"og:site_name\" content=\"Proplate\" \/>\n<meta property=\"article:modified_time\" content=\"2026-04-20T11:10:42+00:00\" \/>\n<meta property=\"og:image\" content=\"https:\/\/proplate.se\/wp-content\/uploads\/2025\/03\/FJH2913.jpg\" \/>\n\t<meta property=\"og:image:width\" content=\"1200\" \/>\n\t<meta property=\"og:image:height\" content=\"800\" \/>\n\t<meta property=\"og:image:type\" content=\"image\/jpeg\" \/>\n<meta name=\"twitter:card\" content=\"summary_large_image\" \/>\n<meta name=\"twitter:label1\" content=\"Gesch\u00e4tzte Lesezeit\" \/>\n\t<meta name=\"twitter:data1\" content=\"2\u00a0Minuten\" \/>\n<script type=\"application\/ld+json\" class=\"yoast-schema-graph\">{\"@context\":\"https:\/\/schema.org\",\"@graph\":[{\"@type\":\"WebPage\",\"@id\":\"https:\/\/proplate.se\/produkter\/lediga-tjanster\/\",\"url\":\"https:\/\/proplate.se\/produkter\/lediga-tjanster\/\",\"name\":\"Lediga tj\u00e4nster | Proplate - Globala st\u00e5ll\u00f6sningar\",\"isPartOf\":{\"@id\":\"https:\/\/proplate.se\/#website\"},\"primaryImageOfPage\":{\"@id\":\"https:\/\/proplate.se\/produkter\/lediga-tjanster\/#primaryimage\"},\"image\":{\"@id\":\"https:\/\/proplate.se\/produkter\/lediga-tjanster\/#primaryimage\"},\"thumbnailUrl\":\"https:\/\/proplate.se\/wp-content\/uploads\/2025\/03\/FJH2913-768x512.jpg\",\"datePublished\":\"2025-10-14T12:21:39+00:00\",\"dateModified\":\"2026-04-20T11:10:42+00:00\",\"description\":\"Lediga tj\u00e4nster | Vi tillverkar industriella komponenter i specialst\u00e5l till kunder \u00f6ver hela v\u00e4rlden | V\u00e4lj Proplate f\u00f6r skr\u00e4ddarsydd metallbearbetning\",\"breadcrumb\":{\"@id\":\"https:\/\/proplate.se\/produkter\/lediga-tjanster\/#breadcrumb\"},\"inLanguage\":\"de\",\"potentialAction\":[{\"@type\":\"ReadAction\",\"target\":[\"https:\/\/proplate.se\/produkter\/lediga-tjanster\/\"]}]},{\"@type\":\"ImageObject\",\"inLanguage\":\"de\",\"@id\":\"https:\/\/proplate.se\/produkter\/lediga-tjanster\/#primaryimage\",\"url\":\"https:\/\/proplate.se\/wp-content\/uploads\/2025\/03\/FJH2913-768x512.jpg\",\"contentUrl\":\"https:\/\/proplate.se\/wp-content\/uploads\/2025\/03\/FJH2913-768x512.jpg\"},{\"@type\":\"BreadcrumbList\",\"@id\":\"https:\/\/proplate.se\/produkter\/lediga-tjanster\/#breadcrumb\",\"itemListElement\":[{\"@type\":\"ListItem\",\"position\":1,\"name\":\"Hem\",\"item\":\"https:\/\/proplate.se\/\"},{\"@type\":\"ListItem\",\"position\":2,\"name\":\"Produkter\",\"item\":\"https:\/\/proplate.se\/produkter\/\"},{\"@type\":\"ListItem\",\"position\":3,\"name\":\"Lediga tj\u00e4nster\"}]},{\"@type\":\"WebSite\",\"@id\":\"https:\/\/proplate.se\/#website\",\"url\":\"https:\/\/proplate.se\/\",\"name\":\"Proplate\",\"description\":\"\",\"potentialAction\":[{\"@type\":\"SearchAction\",\"target\":{\"@type\":\"EntryPoint\",\"urlTemplate\":\"https:\/\/proplate.se\/?s={search_term_string}\"},\"query-input\":{\"@type\":\"PropertyValueSpecification\",\"valueRequired\":true,\"valueName\":\"search_term_string\"}}],\"inLanguage\":\"de\"}]}<\/script>\n<!-- \/ Yoast SEO plugin. -->","yoast_head_json":{"title":"Lediga tj\u00e4nster | Proplate - Globala st\u00e5ll\u00f6sningar","description":"Lediga tj\u00e4nster | Vi tillverkar industriella komponenter i specialst\u00e5l till kunder \u00f6ver hela v\u00e4rlden | V\u00e4lj Proplate f\u00f6r skr\u00e4ddarsydd metallbearbetning","robots":{"index":"index","follow":"follow","max-snippet":"max-snippet:-1","max-image-preview":"max-image-preview:large","max-video-preview":"max-video-preview:-1"},"canonical":"https:\/\/proplate.se\/de\/produkte\/lediga-tjanster\/","og_locale":"de_DE","og_type":"article","og_title":"Lediga tj\u00e4nster | Proplate - Globala st\u00e5ll\u00f6sningar","og_description":"Lediga tj\u00e4nster | Vi tillverkar industriella komponenter i specialst\u00e5l till kunder \u00f6ver hela v\u00e4rlden | V\u00e4lj Proplate f\u00f6r skr\u00e4ddarsydd metallbearbetning","og_url":"https:\/\/proplate.se\/de\/produkte\/lediga-tjanster\/","og_site_name":"Proplate","article_modified_time":"2026-04-20T11:10:42+00:00","og_image":[{"width":1200,"height":800,"url":"https:\/\/proplate.se\/wp-content\/uploads\/2025\/03\/FJH2913.jpg","type":"image\/jpeg"}],"twitter_card":"summary_large_image","twitter_misc":{"Gesch\u00e4tzte Lesezeit":"2\u00a0Minuten"},"schema":{"@context":"https:\/\/schema.org","@graph":[{"@type":"WebPage","@id":"https:\/\/proplate.se\/produkter\/lediga-tjanster\/","url":"https:\/\/proplate.se\/produkter\/lediga-tjanster\/","name":"Lediga tj\u00e4nster | Proplate - Globala st\u00e5ll\u00f6sningar","isPartOf":{"@id":"https:\/\/proplate.se\/#website"},"primaryImageOfPage":{"@id":"https:\/\/proplate.se\/produkter\/lediga-tjanster\/#primaryimage"},"image":{"@id":"https:\/\/proplate.se\/produkter\/lediga-tjanster\/#primaryimage"},"thumbnailUrl":"https:\/\/proplate.se\/wp-content\/uploads\/2025\/03\/FJH2913-768x512.jpg","datePublished":"2025-10-14T12:21:39+00:00","dateModified":"2026-04-20T11:10:42+00:00","description":"Lediga tj\u00e4nster | Vi tillverkar industriella komponenter i specialst\u00e5l till kunder \u00f6ver hela v\u00e4rlden | V\u00e4lj Proplate f\u00f6r skr\u00e4ddarsydd metallbearbetning","breadcrumb":{"@id":"https:\/\/proplate.se\/produkter\/lediga-tjanster\/#breadcrumb"},"inLanguage":"de","potentialAction":[{"@type":"ReadAction","target":["https:\/\/proplate.se\/produkter\/lediga-tjanster\/"]}]},{"@type":"ImageObject","inLanguage":"de","@id":"https:\/\/proplate.se\/produkter\/lediga-tjanster\/#primaryimage","url":"https:\/\/proplate.se\/wp-content\/uploads\/2025\/03\/FJH2913-768x512.jpg","contentUrl":"https:\/\/proplate.se\/wp-content\/uploads\/2025\/03\/FJH2913-768x512.jpg"},{"@type":"BreadcrumbList","@id":"https:\/\/proplate.se\/produkter\/lediga-tjanster\/#breadcrumb","itemListElement":[{"@type":"ListItem","position":1,"name":"Hem","item":"https:\/\/proplate.se\/"},{"@type":"ListItem","position":2,"name":"Produkter","item":"https:\/\/proplate.se\/produkter\/"},{"@type":"ListItem","position":3,"name":"Lediga tj\u00e4nster"}]},{"@type":"WebSite","@id":"https:\/\/proplate.se\/#website","url":"https:\/\/proplate.se\/","name":"Proplate","description":"","potentialAction":[{"@type":"SearchAction","target":{"@type":"EntryPoint","urlTemplate":"https:\/\/proplate.se\/?s={search_term_string}"},"query-input":{"@type":"PropertyValueSpecification","valueRequired":true,"valueName":"search_term_string"}}],"inLanguage":"de"}]}},"_links":{"self":[{"href":"https:\/\/proplate.se\/de\/wp-json\/wp\/v2\/pages\/4029","targetHints":{"allow":["GET"]}}],"collection":[{"href":"https:\/\/proplate.se\/de\/wp-json\/wp\/v2\/pages"}],"about":[{"href":"https:\/\/proplate.se\/de\/wp-json\/wp\/v2\/types\/page"}],"author":[{"embeddable":true,"href":"https:\/\/proplate.se\/de\/wp-json\/wp\/v2\/users\/5"}],"replies":[{"embeddable":true,"href":"https:\/\/proplate.se\/de\/wp-json\/wp\/v2\/comments?post=4029"}],"version-history":[{"count":31,"href":"https:\/\/proplate.se\/de\/wp-json\/wp\/v2\/pages\/4029\/revisions"}],"predecessor-version":[{"id":4208,"href":"https:\/\/proplate.se\/de\/wp-json\/wp\/v2\/pages\/4029\/revisions\/4208"}],"up":[{"embeddable":true,"href":"https:\/\/proplate.se\/de\/wp-json\/wp\/v2\/pages\/308"}],"wp:attachment":[{"href":"https:\/\/proplate.se\/de\/wp-json\/wp\/v2\/media?parent=4029"}],"curies":[{"name":"wp","href":"https:\/\/api.w.org\/{rel}","templated":true}]}}