{"id":3929,"date":"2025-10-02T12:50:53","date_gmt":"2025-10-02T11:50:53","guid":{"rendered":"https:\/\/proplate.se\/?page_id=3929"},"modified":"2025-10-13T12:11:49","modified_gmt":"2025-10-13T11:11:49","slug":"medarbetarportratt-mensur-duric","status":"publish","type":"page","link":"https:\/\/proplate.se\/de\/produkte\/medarbetarportratt-mensur-duric\/","title":{"rendered":"Medarbetarportr\u00e4tt &#8211; Mensur Duric"},"content":{"rendered":"<div data-elementor-type=\"wp-page\" data-elementor-id=\"3929\" class=\"elementor elementor-3929\" data-elementor-post-type=\"page\">\n\t\t\t\t<div class=\"elementor-element elementor-element-9182d70 e-flex e-con-boxed e-con e-parent\" data-id=\"9182d70\" data-element_type=\"container\" data-settings=\"{&quot;background_background&quot;:&quot;classic&quot;}\">\n\t\t\t\t\t<div class=\"e-con-inner\">\n\t\t\t\t<div class=\"elementor-element elementor-element-c7de307 elementor-widget__width-initial elementor-widget elementor-widget-heading\" data-id=\"c7de307\" data-element_type=\"widget\" data-widget_type=\"heading.default\">\n\t\t\t\t<div class=\"elementor-widget-container\">\n\t\t\t\t\t<h1 class=\"elementor-heading-title elementor-size-default\">Mensur Duric<\/h1>\t\t\t\t<\/div>\n\t\t\t\t<\/div>\n\t\t\t\t<div class=\"elementor-element elementor-element-4f309c5 elementor-widget elementor-widget-image\" data-id=\"4f309c5\" data-element_type=\"widget\" data-widget_type=\"image.default\">\n\t\t\t\t<div class=\"elementor-widget-container\">\n\t\t\t\t\t\t\t\t\t\t\t\t\t\t\t<img fetchpriority=\"high\" decoding=\"async\" width=\"768\" height=\"1069\" src=\"https:\/\/proplate.se\/wp-content\/uploads\/2025\/09\/mensur-2-768x1069.jpg\" class=\"attachment-medium_large size-medium_large wp-image-3904\" alt=\"Mensur Duric\" srcset=\"https:\/\/proplate.se\/wp-content\/uploads\/2025\/09\/mensur-2-768x1069.jpg 768w, https:\/\/proplate.se\/wp-content\/uploads\/2025\/09\/mensur-2-215x300.jpg 215w, https:\/\/proplate.se\/wp-content\/uploads\/2025\/09\/mensur-2-736x1024.jpg 736w, https:\/\/proplate.se\/wp-content\/uploads\/2025\/09\/mensur-2-9x12.jpg 9w, https:\/\/proplate.se\/wp-content\/uploads\/2025\/09\/mensur-2.jpg 1104w\" sizes=\"(max-width: 768px) 100vw, 768px\" \/>\t\t\t\t\t\t\t\t\t\t\t\t\t\t\t<\/div>\n\t\t\t\t<\/div>\n\t\t\t\t\t<\/div>\n\t\t\t\t<\/div>\n\t\t<div class=\"elementor-element elementor-element-841a89e e-flex e-con-boxed e-con e-parent\" data-id=\"841a89e\" data-element_type=\"container\" data-settings=\"{&quot;background_background&quot;:&quot;classic&quot;}\">\n\t\t\t\t\t<div class=\"e-con-inner\">\n\t\t<div class=\"elementor-element elementor-element-e749546 e-con-full e-flex e-con e-child\" data-id=\"e749546\" data-element_type=\"container\">\n\t\t<div class=\"elementor-element elementor-element-b1d76ac e-con-full e-flex e-con e-child\" data-id=\"b1d76ac\" data-element_type=\"container\">\n\t\t\t\t<div class=\"elementor-element elementor-element-d9f0622 elementor-widget__width-inherit elementor-widget elementor-widget-text-editor\" data-id=\"d9f0622\" data-element_type=\"widget\" data-widget_type=\"text-editor.default\">\n\t\t\t\t<div class=\"elementor-widget-container\">\n\t\t\t\t\t\t\t\t\t<div class=\"xdj266r x14z9mp xat24cr x1lziwak x1vvkbs x126k92a\"><div dir=\"auto\"><p><strong>Mensur Duric \u00e4r en av tre omr\u00e5deschefer p\u00e5 Proplate, med ansvar f\u00f6r cirka 30 medarbetare. Han har l\u00e5ng erfarenhet av ledarskap och en bakgrund inom b\u00e5de service och industri. F\u00f6r honom \u00e4r gemenskap, s\u00e4kerhet och utveckling centrala delar av jobbet.<\/strong><\/p><p>\u201cJag tycker att alla m\u00e4nniskor borde ber\u00f6mma varandra oftare. Oftast lyfter vi bara saker som kan bli b\u00e4ttre, men vi borde ocks\u00e5 bli b\u00e4ttre p\u00e5 att uppm\u00e4rksamma det som andra g\u00f6r riktigt bra. Det g\u00f6r stor skillnad och p\u00e5 det s\u00e4ttet vill jag g\u00f6ra skillnad\u201d.<\/p><p>Mensur har ett stort engagemang f\u00f6r b\u00e5de jobbet och kollegorna. Han vill b\u00e5de bidra till resultatet och se till att alla m\u00e5r bra l\u00e4ngs v\u00e4gen.<\/p><h2><strong>Kan du beskriva vad du g\u00f6r p\u00e5 jobbet?<\/strong><\/h2><p>Jag \u00e4r omr\u00e5deschef och ansvarar f\u00f6r sk\u00e4rning, m\u00e4rkning, fluxning, slipning, bl\u00e4string, montering och svetsning, det som kallas Omr\u00e5de 1. Jag ska se till att allt flyter p\u00e5, att vi har r\u00e4tt bemanning och att vi levererar i tid. Vi har nyligen gjort en omorganisation, s\u00e5 jag har f\u00e5tt ansvar f\u00f6r nya delar av verksamheten och har l\u00e4rt k\u00e4nna fler kollegor. Det har varit b\u00e5de roligt och l\u00e4rorikt.<\/p><h2><strong>Vad var det som gjorde att du s\u00f6kte dig till Proplate?<\/strong><\/h2><p>Det var 2021. Jag k\u00e4nde att jag ville prova p\u00e5 fler arbetsplatser inom industrin. N\u00e4r tj\u00e4nsten d\u00f6k upp tyckte jag att det l\u00e4t intressant. Och det har jag verkligen inte \u00e5ngrat.<\/p><h2><strong>Vad \u00e4r det b\u00e4sta med jobbet?<\/strong><\/h2><p>Nummer ett \u00e4r gemenskapen. H\u00e4r jobbar m\u00e4nniskor med olika bakgrunder och erfarenheter, b\u00e5de yngre och \u00e4ldre. Vi l\u00e4r oss mycket av varandra. Och sedan \u00e4r det att vi hanterar s\u00e5 m\u00e5nga olika processer, fr\u00e5n sk\u00e4rning till f\u00e4rdig produkt. Det \u00e4r sp\u00e4nnande att f\u00f6lja hela kedjan.<\/p><h2><strong>Finns det n\u00e5got du \u00e4r s\u00e4rskilt stolt \u00f6ver?<\/strong><\/h2><p>Ja, bland annat att vi lyckas h\u00e5lla en s\u00e5 h\u00f6g niv\u00e5 p\u00e5 s\u00e4kerheten. Det betyder mycket f\u00f6r mig, att alla ska komma hem fr\u00e5n jobbet friska och hela. Jag tjatar ofta om s\u00e4kerhet, men det \u00e4r f\u00f6r att det \u00e4r s\u00e5 viktigt. Och vi p\u00e5minner varandra hela tiden och lyfter saker som kan f\u00f6rb\u00e4ttras. Alla k\u00e4nner verkligen att det \u00e4r ett gemensamt ansvar, inte bara chefernas. Jag tror att det \u00e4r d\u00e4rf\u00f6r det fungerar s\u00e5 bra.<\/p><h2><strong>Vad g\u00f6r du n\u00e4r du inte jobbar?<\/strong><\/h2><p>Jag umg\u00e5s mycket med familjen. P\u00e5 somrarna semestrar vi ofta med bil p\u00e5 Balkan. F\u00f6rr d\u00f6mde jag fotboll p\u00e5 h\u00f6g niv\u00e5, s\u00e5 det tog mycket tid, men nu blir det mest lite d\u00e5 och d\u00e5. Jag gillar ocks\u00e5 att promenera och laga mat.<\/p><h2><strong>Ber\u00e4tta lite om din bakgrund.<\/strong><\/h2><p>Jag kom fr\u00e5n Bosnien till Sverige som 16-\u00e5ring och bodde f\u00f6rst i v\u00e4rml\u00e4ndska Hagfors. Sedan 1994 har jag bott i Oxel\u00f6sund. H\u00e4r gick jag ocks\u00e5 gymnasiet och l\u00e4ste handel och administration.<\/p><h2><strong>Varf\u00f6r tycker du att andra borde s\u00f6ka jobb p\u00e5 Proplate?<\/strong><\/h2><p>Jag skulle s\u00e4ga att det \u00e4r en arbetsplats med stark gemenskap och d\u00e4r det finns mycket att l\u00e4ra sig. H\u00e4r utvecklas man b\u00e5de som m\u00e4nniska och i sitt yrke. Det \u00e4r roligt att f\u00e5 vara del av en kedja d\u00e4r vi levererar en f\u00e4rdig produkt till kunden.<\/p><\/div><\/div>\t\t\t\t\t\t\t\t<\/div>\n\t\t\t\t<\/div>\n\t\t\t\t<\/div>\n\t\t<div class=\"elementor-element elementor-element-458da3b e-con-full e-flex e-con e-child\" data-id=\"458da3b\" data-element_type=\"container\">\n\t\t<div class=\"elementor-element elementor-element-a3364d5 e-con-full e-flex e-con e-child\" data-id=\"a3364d5\" data-element_type=\"container\">\n\t\t\t\t<div class=\"elementor-element elementor-element-0afc2fc elementor-widget__width-initial elementor-widget elementor-widget-heading\" data-id=\"0afc2fc\" data-element_type=\"widget\" data-widget_type=\"heading.default\">\n\t\t\t\t<div class=\"elementor-widget-container\">\n\t\t\t\t\t<h3 class=\"elementor-heading-title elementor-size-default\">Kontakt<\/h3>\t\t\t\t<\/div>\n\t\t\t\t<\/div>\n\t\t\t\t<div class=\"elementor-element elementor-element-612ff88 elementor-widget elementor-widget-image\" data-id=\"612ff88\" data-element_type=\"widget\" data-widget_type=\"image.default\">\n\t\t\t\t<div class=\"elementor-widget-container\">\n\t\t\t\t\t\t\t\t\t\t\t\t\t\t\t<img decoding=\"async\" width=\"393\" height=\"426\" src=\"https:\/\/proplate.se\/wp-content\/uploads\/2025\/09\/annelie-thorn.jpg\" class=\"attachment-large size-large wp-image-3671\" alt=\"Annelie Th\u00f6rn\" srcset=\"https:\/\/proplate.se\/wp-content\/uploads\/2025\/09\/annelie-thorn.jpg 393w, https:\/\/proplate.se\/wp-content\/uploads\/2025\/09\/annelie-thorn-277x300.jpg 277w, https:\/\/proplate.se\/wp-content\/uploads\/2025\/09\/annelie-thorn-11x12.jpg 11w\" sizes=\"(max-width: 393px) 100vw, 393px\" \/>\t\t\t\t\t\t\t\t\t\t\t\t\t\t\t<\/div>\n\t\t\t\t<\/div>\n\t\t\t\t<div class=\"elementor-element elementor-element-5356728 elementor-widget__width-auto elementor-widget elementor-widget-heading\" data-id=\"5356728\" data-element_type=\"widget\" data-widget_type=\"heading.default\">\n\t\t\t\t<div class=\"elementor-widget-container\">\n\t\t\t\t\t<h4 class=\"elementor-heading-title elementor-size-default\">Annelie Th\u00f6rn<\/h4>\t\t\t\t<\/div>\n\t\t\t\t<\/div>\n\t\t\t\t<div class=\"elementor-element elementor-element-5ec9688 elementor-widget elementor-widget-text-editor\" data-id=\"5ec9688\" data-element_type=\"widget\" data-widget_type=\"text-editor.default\">\n\t\t\t\t<div class=\"elementor-widget-container\">\n\t\t\t\t\t\t\t\t\t<p>\u00a0Telefon: +46 (0)10-195 41 13<br \/><span class=\"icon_mobile\">\u00a0<\/span>Mobil: +46 (0)76-104 07 48<br \/><span class=\"icon_mail_alt\">\u00a0<\/span><a href=\"mailto:annelie.thorn@proplate.se\">annelie.thorn@proplate.se<\/a><\/p>\t\t\t\t\t\t\t\t<\/div>\n\t\t\t\t<\/div>\n\t\t\t\t<\/div>\n\t\t\t\t<\/div>\n\t\t\t\t<\/div>\n\t\t\t\t\t<\/div>\n\t\t\t\t<\/div>\n\t\t<div class=\"elementor-element elementor-element-3e29706 e-flex e-con-boxed e-con e-parent\" data-id=\"3e29706\" data-element_type=\"container\" data-settings=\"{&quot;background_background&quot;:&quot;classic&quot;}\">\n\t\t\t\t\t<div class=\"e-con-inner\">\n\t\t<div class=\"elementor-element elementor-element-cd06c08 e-con-full e-flex e-con e-child\" data-id=\"cd06c08\" data-element_type=\"container\">\n\t\t<div class=\"elementor-element elementor-element-5982c0c e-con-full e-flex e-con e-child\" data-id=\"5982c0c\" data-element_type=\"container\">\n\t\t\t\t<div class=\"elementor-element elementor-element-4d7572a elementor-widget__width-inherit elementor-widget elementor-widget-heading\" data-id=\"4d7572a\" data-element_type=\"widget\" data-widget_type=\"heading.default\">\n\t\t\t\t<div class=\"elementor-widget-container\">\n\t\t\t\t\t<h3 class=\"elementor-heading-title elementor-size-default\">Kontakt<\/h3>\t\t\t\t<\/div>\n\t\t\t\t<\/div>\n\t\t\t\t<div class=\"elementor-element elementor-element-0f7c435 elementor-widget__width-initial elementor-widget elementor-widget-text-editor\" data-id=\"0f7c435\" data-element_type=\"widget\" data-widget_type=\"text-editor.default\">\n\t\t\t\t<div class=\"elementor-widget-container\">\n\t\t\t\t\t\t\t\t\t<p>Kontaktieren Sie uns gerne, um zu sehen, ob wir gemeinsam innovative L\u00f6sungen finden k\u00f6nnen.<\/p>\t\t\t\t\t\t\t\t<\/div>\n\t\t\t\t<\/div>\n\t\t\t\t<\/div>\n\t\t<div class=\"elementor-element elementor-element-d983149 e-con-full e-flex e-con e-child\" data-id=\"d983149\" data-element_type=\"container\">\n\t\t\t\t<div class=\"elementor-element elementor-element-a076a21 elementor-button-align-stretch elementor-widget elementor-widget-form\" data-id=\"a076a21\" data-element_type=\"widget\" data-settings=\"{&quot;button_width&quot;:&quot;100&quot;,&quot;step_type&quot;:&quot;number_text&quot;,&quot;step_icon_shape&quot;:&quot;circle&quot;}\" data-widget_type=\"form.default\">\n\t\t\t\t<div class=\"elementor-widget-container\">\n\t\t\t\t\t\t\t<form class=\"elementor-form\" method=\"post\" name=\"Nytt formul\u00e4r\" action=\"\">\n\t\t\t<input type=\"hidden\" name=\"post_id\" value=\"3929\"\/>\n\t\t\t<input type=\"hidden\" name=\"form_id\" value=\"a076a21\"\/>\n\t\t\t<input type=\"hidden\" name=\"referer_title\" value=\"Proplate\" \/>\n\n\t\t\t\n\t\t\t<div class=\"elementor-form-fields-wrapper elementor-labels-\">\n\t\t\t\t\t\t\t\t<div class=\"elementor-field-type-text elementor-field-group elementor-column elementor-field-group-name elementor-col-100\">\n\t\t\t\t\t\t\t\t\t\t\t\t<label for=\"form-field-name\" class=\"elementor-field-label elementor-screen-only\">\n\t\t\t\t\t\t\t\tNamn\t\t\t\t\t\t\t<\/label>\n\t\t\t\t\t\t\t\t\t\t\t\t\t\t<input size=\"1\" type=\"text\" name=\"form_fields[name]\" id=\"form-field-name\" class=\"elementor-field elementor-size-sm  elementor-field-textual\" placeholder=\"Name*\">\n\t\t\t\t\t\t\t\t\t\t\t<\/div>\n\t\t\t\t\t\t\t\t<div class=\"elementor-field-type-email elementor-field-group elementor-column elementor-field-group-email elementor-col-100 elementor-field-required\">\n\t\t\t\t\t\t\t\t\t\t\t\t<label for=\"form-field-email\" class=\"elementor-field-label elementor-screen-only\">\n\t\t\t\t\t\t\t\tE-post\t\t\t\t\t\t\t<\/label>\n\t\t\t\t\t\t\t\t\t\t\t\t\t\t<input size=\"1\" type=\"email\" name=\"form_fields[email]\" id=\"form-field-email\" class=\"elementor-field elementor-size-sm  elementor-field-textual\" placeholder=\"E-Mail*\" required=\"required\">\n\t\t\t\t\t\t\t\t\t\t\t<\/div>\n\t\t\t\t\t\t\t\t<div class=\"elementor-field-type-text elementor-field-group elementor-column elementor-field-group-field_6527881 elementor-col-100 elementor-field-required\">\n\t\t\t\t\t\t\t\t\t\t\t\t<label for=\"form-field-field_6527881\" class=\"elementor-field-label elementor-screen-only\">\n\t\t\t\t\t\t\t\tF\u00f6retag\t\t\t\t\t\t\t<\/label>\n\t\t\t\t\t\t\t\t\t\t\t\t\t\t<input size=\"1\" type=\"text\" name=\"form_fields[field_6527881]\" id=\"form-field-field_6527881\" class=\"elementor-field elementor-size-sm  elementor-field-textual\" placeholder=\"Unternehmen*\" required=\"required\">\n\t\t\t\t\t\t\t\t\t\t\t<\/div>\n\t\t\t\t\t\t\t\t<div class=\"elementor-field-type-tel elementor-field-group elementor-column elementor-field-group-field_9d23489 elementor-col-100\">\n\t\t\t\t\t\t\t\t\t\t\t\t<label for=\"form-field-field_9d23489\" class=\"elementor-field-label elementor-screen-only\">\n\t\t\t\t\t\t\t\tTelefon\t\t\t\t\t\t\t<\/label>\n\t\t\t\t\t\t\t\t<input size=\"1\" type=\"tel\" name=\"form_fields[field_9d23489]\" id=\"form-field-field_9d23489\" class=\"elementor-field elementor-size-sm  elementor-field-textual\" placeholder=\"Telefon*\" pattern=\"[0-9()#&amp;+*-=.]+\" title=\"Nur Nummern oder Telefon-Zeichen (#, -, *, etc) werden akzeptiert.\">\n\n\t\t\t\t\t\t<\/div>\n\t\t\t\t\t\t\t\t<div class=\"elementor-field-type-textarea elementor-field-group elementor-column elementor-field-group-message elementor-col-100\">\n\t\t\t\t\t\t\t\t\t\t\t\t<label for=\"form-field-message\" class=\"elementor-field-label elementor-screen-only\">\n\t\t\t\t\t\t\t\tMeddelande\t\t\t\t\t\t\t<\/label>\n\t\t\t\t\t\t<textarea class=\"elementor-field-textual elementor-field  elementor-size-sm\" name=\"form_fields[message]\" id=\"form-field-message\" rows=\"4\" placeholder=\"Nachricht*\"><\/textarea>\t\t\t\t<\/div>\n\t\t\t\t\t\t\t\t<div class=\"elementor-field-group elementor-column elementor-field-type-submit elementor-col-100 e-form__buttons\">\n\t\t\t\t\t<button class=\"elementor-button elementor-size-sm\" type=\"submit\">\n\t\t\t\t\t\t<span class=\"elementor-button-content-wrapper\">\n\t\t\t\t\t\t\t\t\t\t\t\t\t\t\t<span class=\"elementor-button-icon\">\n\t\t\t\t\t\t\t\t\t<i aria-hidden=\"true\" class=\"fas fa-arrow-right\"><\/i>\t\t\t\t\t\t\t\t\t\t\t\t\t\t\t\t\t<\/span>\n\t\t\t\t\t\t\t\t\t\t\t\t\t\t\t\t\t\t\t\t\t\t<span class=\"elementor-button-text\">Anfrage senden<\/span>\n\t\t\t\t\t\t\t\t\t\t\t\t\t<\/span>\n\t\t\t\t\t<\/button>\n\t\t\t\t<\/div>\n\t\t\t<\/div>\n\t\t<input type=\"hidden\" name=\"trp-form-language\" value=\"de\"\/><\/form>\n\t\t\t\t\t\t<\/div>\n\t\t\t\t<\/div>\n\t\t\t\t<\/div>\n\t\t\t\t<\/div>\n\t\t\t\t\t<\/div>\n\t\t\t\t<\/div>\n\t\t\t\t<\/div>","protected":false},"excerpt":{"rendered":"<p>Mensur Duric Mensur Duric \u00e4r en av tre omr\u00e5deschefer p\u00e5 Proplate, med ansvar f\u00f6r cirka 30 medarbetare. Han har l\u00e5ng erfarenhet av ledarskap och en bakgrund inom b\u00e5de service och industri. F\u00f6r honom \u00e4r gemenskap, s\u00e4kerhet och utveckling centrala delar av jobbet. \u201cJag tycker att alla m\u00e4nniskor borde ber\u00f6mma varandra oftare. Oftast lyfter vi bara [&hellip;]<\/p>","protected":false},"author":5,"featured_media":0,"parent":308,"menu_order":0,"comment_status":"closed","ping_status":"closed","template":"","meta":{"footnotes":""},"class_list":["post-3929","page","type-page","status-publish","hentry"],"yoast_head":"<!-- This site is optimized with the Yoast SEO plugin v25.1 - https:\/\/yoast.com\/wordpress\/plugins\/seo\/ -->\n<title>Medarbetarportr\u00e4tt - Mensur Duric | Proplate - Globala st\u00e5ll\u00f6sningar<\/title>\n<meta name=\"description\" content=\"Medarbetarportr\u00e4tt - Mensur Duric | Vi tillverkar industriella komponenter i specialst\u00e5l till kunder \u00f6ver hela v\u00e4rlden | V\u00e4lj Proplate f\u00f6r skr\u00e4ddarsydd metallbearbetning\" \/>\n<meta name=\"robots\" content=\"index, follow, max-snippet:-1, max-image-preview:large, max-video-preview:-1\" \/>\n<link rel=\"canonical\" href=\"https:\/\/proplate.se\/de\/produkte\/medarbetarportratt-mensur-duric\/\" \/>\n<meta property=\"og:locale\" content=\"de_DE\" \/>\n<meta property=\"og:type\" content=\"article\" \/>\n<meta property=\"og:title\" content=\"Medarbetarportr\u00e4tt - Mensur Duric | Proplate - Globala st\u00e5ll\u00f6sningar\" \/>\n<meta property=\"og:description\" content=\"Medarbetarportr\u00e4tt - Mensur Duric | Vi tillverkar industriella komponenter i specialst\u00e5l till kunder \u00f6ver hela v\u00e4rlden | V\u00e4lj Proplate f\u00f6r skr\u00e4ddarsydd metallbearbetning\" \/>\n<meta property=\"og:url\" content=\"https:\/\/proplate.se\/de\/produkte\/medarbetarportratt-mensur-duric\/\" \/>\n<meta property=\"og:site_name\" content=\"Proplate\" \/>\n<meta property=\"article:modified_time\" content=\"2025-10-13T11:11:49+00:00\" \/>\n<meta property=\"og:image\" content=\"https:\/\/proplate.se\/wp-content\/uploads\/2025\/09\/mensur-2.jpg\" \/>\n\t<meta property=\"og:image:width\" content=\"1104\" \/>\n\t<meta property=\"og:image:height\" content=\"1537\" \/>\n\t<meta property=\"og:image:type\" content=\"image\/jpeg\" \/>\n<meta name=\"twitter:card\" content=\"summary_large_image\" \/>\n<meta name=\"twitter:label1\" content=\"Gesch\u00e4tzte Lesezeit\" \/>\n\t<meta name=\"twitter:data1\" content=\"4\u00a0Minuten\" \/>\n<script type=\"application\/ld+json\" class=\"yoast-schema-graph\">{\"@context\":\"https:\/\/schema.org\",\"@graph\":[{\"@type\":\"WebPage\",\"@id\":\"https:\/\/proplate.se\/produkter\/medarbetarportratt-mensur-duric\/\",\"url\":\"https:\/\/proplate.se\/produkter\/medarbetarportratt-mensur-duric\/\",\"name\":\"Medarbetarportr\u00e4tt - Mensur Duric | Proplate - Globala st\u00e5ll\u00f6sningar\",\"isPartOf\":{\"@id\":\"https:\/\/proplate.se\/#website\"},\"primaryImageOfPage\":{\"@id\":\"https:\/\/proplate.se\/produkter\/medarbetarportratt-mensur-duric\/#primaryimage\"},\"image\":{\"@id\":\"https:\/\/proplate.se\/produkter\/medarbetarportratt-mensur-duric\/#primaryimage\"},\"thumbnailUrl\":\"https:\/\/proplate.se\/wp-content\/uploads\/2025\/09\/mensur-2-768x1069.jpg\",\"datePublished\":\"2025-10-02T11:50:53+00:00\",\"dateModified\":\"2025-10-13T11:11:49+00:00\",\"description\":\"Medarbetarportr\u00e4tt - Mensur Duric | Vi tillverkar industriella komponenter i specialst\u00e5l till kunder \u00f6ver hela v\u00e4rlden | V\u00e4lj Proplate f\u00f6r skr\u00e4ddarsydd metallbearbetning\",\"breadcrumb\":{\"@id\":\"https:\/\/proplate.se\/produkter\/medarbetarportratt-mensur-duric\/#breadcrumb\"},\"inLanguage\":\"de\",\"potentialAction\":[{\"@type\":\"ReadAction\",\"target\":[\"https:\/\/proplate.se\/produkter\/medarbetarportratt-mensur-duric\/\"]}]},{\"@type\":\"ImageObject\",\"inLanguage\":\"de\",\"@id\":\"https:\/\/proplate.se\/produkter\/medarbetarportratt-mensur-duric\/#primaryimage\",\"url\":\"https:\/\/proplate.se\/wp-content\/uploads\/2025\/09\/mensur-2-768x1069.jpg\",\"contentUrl\":\"https:\/\/proplate.se\/wp-content\/uploads\/2025\/09\/mensur-2-768x1069.jpg\"},{\"@type\":\"BreadcrumbList\",\"@id\":\"https:\/\/proplate.se\/produkter\/medarbetarportratt-mensur-duric\/#breadcrumb\",\"itemListElement\":[{\"@type\":\"ListItem\",\"position\":1,\"name\":\"Hem\",\"item\":\"https:\/\/proplate.se\/\"},{\"@type\":\"ListItem\",\"position\":2,\"name\":\"Produkter\",\"item\":\"https:\/\/proplate.se\/produkter\/\"},{\"@type\":\"ListItem\",\"position\":3,\"name\":\"Medarbetarportr\u00e4tt &#8211; Mensur Duric\"}]},{\"@type\":\"WebSite\",\"@id\":\"https:\/\/proplate.se\/#website\",\"url\":\"https:\/\/proplate.se\/\",\"name\":\"Proplate\",\"description\":\"\",\"potentialAction\":[{\"@type\":\"SearchAction\",\"target\":{\"@type\":\"EntryPoint\",\"urlTemplate\":\"https:\/\/proplate.se\/?s={search_term_string}\"},\"query-input\":{\"@type\":\"PropertyValueSpecification\",\"valueRequired\":true,\"valueName\":\"search_term_string\"}}],\"inLanguage\":\"de\"}]}<\/script>\n<!-- \/ Yoast SEO plugin. -->","yoast_head_json":{"title":"Medarbetarportr\u00e4tt - Mensur Duric | Proplate - Globala st\u00e5ll\u00f6sningar","description":"Medarbetarportr\u00e4tt - Mensur Duric | Vi tillverkar industriella komponenter i specialst\u00e5l till kunder \u00f6ver hela v\u00e4rlden | V\u00e4lj Proplate f\u00f6r skr\u00e4ddarsydd metallbearbetning","robots":{"index":"index","follow":"follow","max-snippet":"max-snippet:-1","max-image-preview":"max-image-preview:large","max-video-preview":"max-video-preview:-1"},"canonical":"https:\/\/proplate.se\/de\/produkte\/medarbetarportratt-mensur-duric\/","og_locale":"de_DE","og_type":"article","og_title":"Medarbetarportr\u00e4tt - Mensur Duric | Proplate - Globala st\u00e5ll\u00f6sningar","og_description":"Medarbetarportr\u00e4tt - Mensur Duric | Vi tillverkar industriella komponenter i specialst\u00e5l till kunder \u00f6ver hela v\u00e4rlden | V\u00e4lj Proplate f\u00f6r skr\u00e4ddarsydd metallbearbetning","og_url":"https:\/\/proplate.se\/de\/produkte\/medarbetarportratt-mensur-duric\/","og_site_name":"Proplate","article_modified_time":"2025-10-13T11:11:49+00:00","og_image":[{"width":1104,"height":1537,"url":"https:\/\/proplate.se\/wp-content\/uploads\/2025\/09\/mensur-2.jpg","type":"image\/jpeg"}],"twitter_card":"summary_large_image","twitter_misc":{"Gesch\u00e4tzte Lesezeit":"4\u00a0Minuten"},"schema":{"@context":"https:\/\/schema.org","@graph":[{"@type":"WebPage","@id":"https:\/\/proplate.se\/produkter\/medarbetarportratt-mensur-duric\/","url":"https:\/\/proplate.se\/produkter\/medarbetarportratt-mensur-duric\/","name":"Medarbetarportr\u00e4tt - Mensur Duric | Proplate - Globala st\u00e5ll\u00f6sningar","isPartOf":{"@id":"https:\/\/proplate.se\/#website"},"primaryImageOfPage":{"@id":"https:\/\/proplate.se\/produkter\/medarbetarportratt-mensur-duric\/#primaryimage"},"image":{"@id":"https:\/\/proplate.se\/produkter\/medarbetarportratt-mensur-duric\/#primaryimage"},"thumbnailUrl":"https:\/\/proplate.se\/wp-content\/uploads\/2025\/09\/mensur-2-768x1069.jpg","datePublished":"2025-10-02T11:50:53+00:00","dateModified":"2025-10-13T11:11:49+00:00","description":"Medarbetarportr\u00e4tt - Mensur Duric | Vi tillverkar industriella komponenter i specialst\u00e5l till kunder \u00f6ver hela v\u00e4rlden | V\u00e4lj Proplate f\u00f6r skr\u00e4ddarsydd metallbearbetning","breadcrumb":{"@id":"https:\/\/proplate.se\/produkter\/medarbetarportratt-mensur-duric\/#breadcrumb"},"inLanguage":"de","potentialAction":[{"@type":"ReadAction","target":["https:\/\/proplate.se\/produkter\/medarbetarportratt-mensur-duric\/"]}]},{"@type":"ImageObject","inLanguage":"de","@id":"https:\/\/proplate.se\/produkter\/medarbetarportratt-mensur-duric\/#primaryimage","url":"https:\/\/proplate.se\/wp-content\/uploads\/2025\/09\/mensur-2-768x1069.jpg","contentUrl":"https:\/\/proplate.se\/wp-content\/uploads\/2025\/09\/mensur-2-768x1069.jpg"},{"@type":"BreadcrumbList","@id":"https:\/\/proplate.se\/produkter\/medarbetarportratt-mensur-duric\/#breadcrumb","itemListElement":[{"@type":"ListItem","position":1,"name":"Hem","item":"https:\/\/proplate.se\/"},{"@type":"ListItem","position":2,"name":"Produkter","item":"https:\/\/proplate.se\/produkter\/"},{"@type":"ListItem","position":3,"name":"Medarbetarportr\u00e4tt &#8211; Mensur Duric"}]},{"@type":"WebSite","@id":"https:\/\/proplate.se\/#website","url":"https:\/\/proplate.se\/","name":"Proplate","description":"","potentialAction":[{"@type":"SearchAction","target":{"@type":"EntryPoint","urlTemplate":"https:\/\/proplate.se\/?s={search_term_string}"},"query-input":{"@type":"PropertyValueSpecification","valueRequired":true,"valueName":"search_term_string"}}],"inLanguage":"de"}]}},"_links":{"self":[{"href":"https:\/\/proplate.se\/de\/wp-json\/wp\/v2\/pages\/3929","targetHints":{"allow":["GET"]}}],"collection":[{"href":"https:\/\/proplate.se\/de\/wp-json\/wp\/v2\/pages"}],"about":[{"href":"https:\/\/proplate.se\/de\/wp-json\/wp\/v2\/types\/page"}],"author":[{"embeddable":true,"href":"https:\/\/proplate.se\/de\/wp-json\/wp\/v2\/users\/5"}],"replies":[{"embeddable":true,"href":"https:\/\/proplate.se\/de\/wp-json\/wp\/v2\/comments?post=3929"}],"version-history":[{"count":7,"href":"https:\/\/proplate.se\/de\/wp-json\/wp\/v2\/pages\/3929\/revisions"}],"predecessor-version":[{"id":3993,"href":"https:\/\/proplate.se\/de\/wp-json\/wp\/v2\/pages\/3929\/revisions\/3993"}],"up":[{"embeddable":true,"href":"https:\/\/proplate.se\/de\/wp-json\/wp\/v2\/pages\/308"}],"wp:attachment":[{"href":"https:\/\/proplate.se\/de\/wp-json\/wp\/v2\/media?parent=3929"}],"curies":[{"name":"wp","href":"https:\/\/api.w.org\/{rel}","templated":true}]}}