{"id":3892,"date":"2025-09-26T07:46:36","date_gmt":"2025-09-26T06:46:36","guid":{"rendered":"https:\/\/proplate.se\/?page_id=3892"},"modified":"2025-10-16T10:07:31","modified_gmt":"2025-10-16T09:07:31","slug":"vi-soker-malningstekniker","status":"publish","type":"page","link":"https:\/\/proplate.se\/de\/ueber-uns\/vi-soker-malningstekniker\/","title":{"rendered":"Vi s\u00f6ker m\u00e5lningstekniker"},"content":{"rendered":"<div data-elementor-type=\"wp-page\" data-elementor-id=\"3892\" class=\"elementor elementor-3892\" data-elementor-post-type=\"page\">\n\t\t\t\t<div class=\"elementor-element elementor-element-609a1f2 e-flex e-con-boxed e-con e-parent\" data-id=\"609a1f2\" data-element_type=\"container\" data-settings=\"{&quot;background_background&quot;:&quot;classic&quot;}\">\n\t\t\t\t\t<div class=\"e-con-inner\">\n\t\t<div class=\"elementor-element elementor-element-388de7b e-con-full e-flex e-con e-child\" data-id=\"388de7b\" data-element_type=\"container\">\n\t\t\t\t<div class=\"elementor-element elementor-element-a80665e elementor-widget__width-inherit elementor-widget-tablet__width-initial elementor-widget elementor-widget-heading\" data-id=\"a80665e\" data-element_type=\"widget\" data-widget_type=\"heading.default\">\n\t\t\t\t<div class=\"elementor-widget-container\">\n\t\t\t\t\t<h1 class=\"elementor-heading-title elementor-size-default\">Vi s\u00f6ker m\u00e5lningstekniker<\/h1>\t\t\t\t<\/div>\n\t\t\t\t<\/div>\n\t\t\t\t<\/div>\n\t\t\t\t\t<\/div>\n\t\t\t\t<\/div>\n\t\t<div class=\"elementor-element elementor-element-00b3e17 e-flex e-con-boxed e-con e-parent\" data-id=\"00b3e17\" data-element_type=\"container\" data-settings=\"{&quot;background_background&quot;:&quot;classic&quot;}\">\n\t\t\t\t\t<div class=\"e-con-inner\">\n\t\t<div class=\"elementor-element elementor-element-694bf82 e-con-full e-flex e-con e-child\" data-id=\"694bf82\" data-element_type=\"container\">\n\t\t<div class=\"elementor-element elementor-element-07878cd e-con-full e-flex e-con e-child\" data-id=\"07878cd\" data-element_type=\"container\">\n\t\t\t\t<div class=\"elementor-element elementor-element-3bfe8f4 elementor-widget__width-inherit elementor-widget elementor-widget-text-editor\" data-id=\"3bfe8f4\" data-element_type=\"widget\" data-widget_type=\"text-editor.default\">\n\t\t\t\t<div class=\"elementor-widget-container\">\n\t\t\t\t\t\t\t\t\t<p>Vill du arbeta i en varierande roll d\u00e4r du kombinerar teknik, kvalitet och utveckling? Vi p\u00e5 Proplate s\u00f6ker nu en m\u00e5lningstekniker som vill bidra till att v\u00e5ra produkter h\u00e5ller h\u00f6gsta standard. Du blir en viktig del av v\u00e5rt produktionsteam och rapporterar till omr\u00e5deschefen.<\/p><h2><strong>Om rollen<\/strong><\/h2><p>Som m\u00e5lningstekniker f\u00e5r du en central roll i v\u00e5r produktion. Du kommer arbeta b\u00e5de operativt och utvecklingsinriktat med v\u00e5ra m\u00e5lningsprocesser. Ditt arbete bidrar direkt till v\u00e5r kvalitetss\u00e4kring, kundn\u00f6jdhet och st\u00e4ndiga f\u00f6rb\u00e4ttring.<\/p><h2><strong>Dina arbetsuppgifter<\/strong><\/h2><p>I din vardag kommer du bland annat att:<\/p><ul><li>Arbeta med f\u00f6rb\u00e4ttringar och utveckla v\u00e5ra m\u00e5lningsprocesser.<\/li><li>F\u00f6lja upp och hantera avvikelser i produktionen.<\/li><li>Genomf\u00f6ra visuella kontroller och stickprovsm\u00e4tningar.<\/li><li>Medverka vid utfallsprov och underh\u00e5ll.<\/li><li>Arbeta med kostnadseffektivisering.<\/li><li>Ansvara f\u00f6r utbildning av personal och st\u00f6tta kollegor vid behov.<\/li><li>Ink\u00f6p av f\u00f6rbrukningsmaterial.<\/li><li>Bidra till en s\u00e4ker, effektiv och kvalitetsdriven arbetsmilj\u00f6.<\/li><\/ul><h2><strong>Vem \u00e4r du?<\/strong><\/h2><p>Vi s\u00f6ker dig som har:<\/p><ul><li>Erfarenhet av arbete inom produktion och ytbehandling.<\/li><li>God f\u00f6rst\u00e5else f\u00f6r kvalitetss\u00e4kring och avvikelsehantering.<\/li><li>Ett \u00f6ga f\u00f6r detaljer och \u00e4r noggrann.<\/li><li>F\u00f6rm\u00e5gan att utbilda och st\u00f6tta kollegor.<\/li><li>Initiativf\u00f6rm\u00e5ga och vilja att bidra till f\u00f6rb\u00e4ttringar.<\/li><\/ul><p>Som person \u00e4r du ansvarstagande, l\u00f6sningsorienterad och har l\u00e4tt f\u00f6r att samarbeta. Du trivs i en milj\u00f6 d\u00e4r du f\u00e5r ta ansvar och p\u00e5verka processer.<\/p><h2><strong>Vi erbjuder<\/strong><\/h2><ul><li>En viktig roll i ett fram\u00e5tlutat industrif\u00f6retag.<\/li><li>M\u00f6jlighet att p\u00e5verka och utveckla processer.<\/li><li>St\u00f6ttande kollegor och en arbetsmilj\u00f6 med fokus p\u00e5 kvalitet och f\u00f6rb\u00e4ttringar.<\/li><li>Trygg anst\u00e4llning med kollektivavtal och flera f\u00f6rm\u00e5ner.<\/li><\/ul><p>L\u00e5ter det intressant? D\u00e5 \u00e4r vi nyfikna p\u00e5 dig. V\u00e4lkommen att skicka in din ans\u00f6kan redan idag till <a href=\"mailto:jobb@proplate.se\">jobb@proplate.se<\/a><\/p><h3><strong>Kontakt<\/strong><\/h3><p>Fredrik D\u00f6ring, produktionschef. <br \/><a href=\"mailto:fredrik.doring@proplate.se\">fredrik.doring@proplate.se<\/a>, 076-116 67 11.<\/p><p>Urval sker l\u00f6pande.<\/p><h2>Om Proplate<\/h2><p>Proplate sk\u00e4r, maskinbearbetar, svetsar och m\u00e5lar monteringsf\u00e4rdiga komponenter i grovpl\u00e5t \u00e5t kunder \u00f6ver hela v\u00e4rlden. Vi \u00e4r nyt\u00e4nkare. Vi \u00e4lskar utmaningar, att l\u00f6sa problem och testa gr\u00e4nser. \u2028Det \u00e4r s\u00e5 vi kan forts\u00e4tta ligga i framkant \u2013 On The Cutting Edge.<\/p><p>Vi vill ge v\u00e5ra medarbetare goda f\u00f6ruts\u00e4ttningar till en bra h\u00e4lsa. D\u00e4rf\u00f6r erbjuder vi f\u00f6rm\u00e5ner som friskv\u00e5rdsbidrag, frukt till fikarasten och en timmes tr\u00e4ning i veckan p\u00e5 betald arbetstid.<\/p><p><a href=\"https:\/\/proplate.se\/de\/ueber-uns\/\">L\u00e4s mer om Proplate<\/a>.<\/p>\t\t\t\t\t\t\t\t<\/div>\n\t\t\t\t<\/div>\n\t\t\t\t<\/div>\n\t\t<div class=\"elementor-element elementor-element-939d94b e-con-full e-flex e-con e-child\" data-id=\"939d94b\" data-element_type=\"container\">\n\t\t<div class=\"elementor-element elementor-element-9b08148 e-con-full e-flex e-con e-child\" data-id=\"9b08148\" data-element_type=\"container\">\n\t\t\t\t<div class=\"elementor-element elementor-element-1e36642 elementor-widget__width-initial elementor-widget elementor-widget-heading\" data-id=\"1e36642\" data-element_type=\"widget\" data-widget_type=\"heading.default\">\n\t\t\t\t<div class=\"elementor-widget-container\">\n\t\t\t\t\t<h3 class=\"elementor-heading-title elementor-size-default\">Kontakt<\/h3>\t\t\t\t<\/div>\n\t\t\t\t<\/div>\n\t\t\t\t<div class=\"elementor-element elementor-element-c344068 elementor-widget elementor-widget-image\" data-id=\"c344068\" data-element_type=\"widget\" data-widget_type=\"image.default\">\n\t\t\t\t<div class=\"elementor-widget-container\">\n\t\t\t\t\t\t\t\t\t\t\t\t\t\t\t<img fetchpriority=\"high\" decoding=\"async\" width=\"400\" height=\"400\" src=\"https:\/\/proplate.se\/wp-content\/uploads\/2025\/02\/fredrik-doring.jpg\" class=\"attachment-large size-large wp-image-412\" alt=\"\" srcset=\"https:\/\/proplate.se\/wp-content\/uploads\/2025\/02\/fredrik-doring.jpg 400w, https:\/\/proplate.se\/wp-content\/uploads\/2025\/02\/fredrik-doring-300x300.jpg 300w, https:\/\/proplate.se\/wp-content\/uploads\/2025\/02\/fredrik-doring-150x150.jpg 150w\" sizes=\"(max-width: 400px) 100vw, 400px\" \/>\t\t\t\t\t\t\t\t\t\t\t\t\t\t\t<\/div>\n\t\t\t\t<\/div>\n\t\t\t\t<div class=\"elementor-element elementor-element-cff8922 elementor-widget__width-auto elementor-widget elementor-widget-heading\" data-id=\"cff8922\" data-element_type=\"widget\" data-widget_type=\"heading.default\">\n\t\t\t\t<div class=\"elementor-widget-container\">\n\t\t\t\t\t<h4 class=\"elementor-heading-title elementor-size-default\">Fredrik D\u00f6ring<\/h4>\t\t\t\t<\/div>\n\t\t\t\t<\/div>\n\t\t\t\t<div class=\"elementor-element elementor-element-9eae1b2 elementor-widget elementor-widget-text-editor\" data-id=\"9eae1b2\" data-element_type=\"widget\" data-widget_type=\"text-editor.default\">\n\t\t\t\t<div class=\"elementor-widget-container\">\n\t\t\t\t\t\t\t\t\t<p>Production Manager<br \/>Telefon: +46 (0)76 \u2013 116 67 11<br \/><a href=\"mailto:fredrik.doring@proplate.se\">fredrik.doring@proplate.se<\/a><\/p>\t\t\t\t\t\t\t\t<\/div>\n\t\t\t\t<\/div>\n\t\t\t\t<div class=\"elementor-element elementor-element-6a1dd67 elementor-widget__width-initial elementor-widget elementor-widget-heading\" data-id=\"6a1dd67\" data-element_type=\"widget\" data-widget_type=\"heading.default\">\n\t\t\t\t<div class=\"elementor-widget-container\">\n\t\t\t\t\t<h5 class=\"elementor-heading-title elementor-size-default\">\u00dcber uns<\/h5>\t\t\t\t<\/div>\n\t\t\t\t<\/div>\n\t\t\t\t<div class=\"elementor-element elementor-element-2b5a37b elementor-widget-divider--view-line elementor-widget elementor-widget-divider\" data-id=\"2b5a37b\" data-element_type=\"widget\" data-widget_type=\"divider.default\">\n\t\t\t\t<div class=\"elementor-widget-container\">\n\t\t\t\t\t\t\t<div class=\"elementor-divider\">\n\t\t\t<span class=\"elementor-divider-separator\">\n\t\t\t\t\t\t<\/span>\n\t\t<\/div>\n\t\t\t\t\t\t<\/div>\n\t\t\t\t<\/div>\n\t\t\t\t<div class=\"elementor-element elementor-element-2e49a8d elementor-align-justify elementor-widget__width-inherit elementor-tablet-align-justify elementor-widget elementor-widget-button\" data-id=\"2e49a8d\" data-element_type=\"widget\" data-widget_type=\"button.default\">\n\t\t\t\t<div class=\"elementor-widget-container\">\n\t\t\t\t\t\t\t\t\t<div class=\"elementor-button-wrapper\">\n\t\t\t\t\t<a class=\"elementor-button elementor-button-link elementor-size-sm\" href=\"\/de\/ueber-uns\/foretagsfakta\/\">\n\t\t\t\t\t\t<span class=\"elementor-button-content-wrapper\">\n\t\t\t\t\t\t<span class=\"elementor-button-icon\">\n\t\t\t\t<i aria-hidden=\"true\" class=\"fas fa-arrow-right\"><\/i>\t\t\t<\/span>\n\t\t\t\t\t\t\t\t\t<span class=\"elementor-button-text\">F\u00f6retagsfakta<\/span>\n\t\t\t\t\t<\/span>\n\t\t\t\t\t<\/a>\n\t\t\t\t<\/div>\n\t\t\t\t\t\t\t\t<\/div>\n\t\t\t\t<\/div>\n\t\t\t\t<div class=\"elementor-element elementor-element-837b790 elementor-widget-divider--view-line elementor-widget elementor-widget-divider\" data-id=\"837b790\" data-element_type=\"widget\" data-widget_type=\"divider.default\">\n\t\t\t\t<div class=\"elementor-widget-container\">\n\t\t\t\t\t\t\t<div class=\"elementor-divider\">\n\t\t\t<span class=\"elementor-divider-separator\">\n\t\t\t\t\t\t<\/span>\n\t\t<\/div>\n\t\t\t\t\t\t<\/div>\n\t\t\t\t<\/div>\n\t\t\t\t<div class=\"elementor-element elementor-element-4acf7fc elementor-align-justify elementor-widget__width-inherit elementor-tablet-align-justify elementor-widget elementor-widget-button\" data-id=\"4acf7fc\" data-element_type=\"widget\" data-widget_type=\"button.default\">\n\t\t\t\t<div class=\"elementor-widget-container\">\n\t\t\t\t\t\t\t\t\t<div class=\"elementor-button-wrapper\">\n\t\t\t\t\t<a class=\"elementor-button elementor-button-link elementor-size-sm\" href=\"\/de\/ueber-uns\/maschinenpark\/\">\n\t\t\t\t\t\t<span class=\"elementor-button-content-wrapper\">\n\t\t\t\t\t\t<span class=\"elementor-button-icon\">\n\t\t\t\t<i aria-hidden=\"true\" class=\"fas fa-arrow-right\"><\/i>\t\t\t<\/span>\n\t\t\t\t\t\t\t\t\t<span class=\"elementor-button-text\">Maschinenpark<\/span>\n\t\t\t\t\t<\/span>\n\t\t\t\t\t<\/a>\n\t\t\t\t<\/div>\n\t\t\t\t\t\t\t\t<\/div>\n\t\t\t\t<\/div>\n\t\t\t\t<div class=\"elementor-element elementor-element-6077535 elementor-widget-divider--view-line elementor-widget elementor-widget-divider\" data-id=\"6077535\" data-element_type=\"widget\" data-widget_type=\"divider.default\">\n\t\t\t\t<div class=\"elementor-widget-container\">\n\t\t\t\t\t\t\t<div class=\"elementor-divider\">\n\t\t\t<span class=\"elementor-divider-separator\">\n\t\t\t\t\t\t<\/span>\n\t\t<\/div>\n\t\t\t\t\t\t<\/div>\n\t\t\t\t<\/div>\n\t\t\t\t<div class=\"elementor-element elementor-element-0269ec5 elementor-align-justify elementor-widget__width-inherit elementor-tablet-align-justify elementor-widget elementor-widget-button\" data-id=\"0269ec5\" data-element_type=\"widget\" data-widget_type=\"button.default\">\n\t\t\t\t<div class=\"elementor-widget-container\">\n\t\t\t\t\t\t\t\t\t<div class=\"elementor-button-wrapper\">\n\t\t\t\t\t<a class=\"elementor-button elementor-button-link elementor-size-sm\" href=\"\/de\/ueber-uns\/zertifizierungen\/\">\n\t\t\t\t\t\t<span class=\"elementor-button-content-wrapper\">\n\t\t\t\t\t\t<span class=\"elementor-button-icon\">\n\t\t\t\t<i aria-hidden=\"true\" class=\"fas fa-arrow-right\"><\/i>\t\t\t<\/span>\n\t\t\t\t\t\t\t\t\t<span class=\"elementor-button-text\">Zertifizierungen<\/span>\n\t\t\t\t\t<\/span>\n\t\t\t\t\t<\/a>\n\t\t\t\t<\/div>\n\t\t\t\t\t\t\t\t<\/div>\n\t\t\t\t<\/div>\n\t\t\t\t<div class=\"elementor-element elementor-element-7616942 elementor-widget-divider--view-line elementor-widget elementor-widget-divider\" data-id=\"7616942\" data-element_type=\"widget\" data-widget_type=\"divider.default\">\n\t\t\t\t<div class=\"elementor-widget-container\">\n\t\t\t\t\t\t\t<div class=\"elementor-divider\">\n\t\t\t<span class=\"elementor-divider-separator\">\n\t\t\t\t\t\t<\/span>\n\t\t<\/div>\n\t\t\t\t\t\t<\/div>\n\t\t\t\t<\/div>\n\t\t\t\t<div class=\"elementor-element elementor-element-bfccc99 elementor-align-justify elementor-widget__width-inherit elementor-tablet-align-justify elementor-widget elementor-widget-button\" data-id=\"bfccc99\" data-element_type=\"widget\" data-widget_type=\"button.default\">\n\t\t\t\t<div class=\"elementor-widget-container\">\n\t\t\t\t\t\t\t\t\t<div class=\"elementor-button-wrapper\">\n\t\t\t\t\t<a class=\"elementor-button elementor-button-link elementor-size-sm\" href=\"\/de\/ueber-uns\/csr-und-nachhaltigkeit\/\">\n\t\t\t\t\t\t<span class=\"elementor-button-content-wrapper\">\n\t\t\t\t\t\t<span class=\"elementor-button-icon\">\n\t\t\t\t<i aria-hidden=\"true\" class=\"fas fa-arrow-right\"><\/i>\t\t\t<\/span>\n\t\t\t\t\t\t\t\t\t<span class=\"elementor-button-text\">CSR und Nachhaltigkeit<\/span>\n\t\t\t\t\t<\/span>\n\t\t\t\t\t<\/a>\n\t\t\t\t<\/div>\n\t\t\t\t\t\t\t\t<\/div>\n\t\t\t\t<\/div>\n\t\t\t\t<div class=\"elementor-element elementor-element-a9f9aec elementor-widget-divider--view-line elementor-widget elementor-widget-divider\" data-id=\"a9f9aec\" data-element_type=\"widget\" data-widget_type=\"divider.default\">\n\t\t\t\t<div class=\"elementor-widget-container\">\n\t\t\t\t\t\t\t<div class=\"elementor-divider\">\n\t\t\t<span class=\"elementor-divider-separator\">\n\t\t\t\t\t\t<\/span>\n\t\t<\/div>\n\t\t\t\t\t\t<\/div>\n\t\t\t\t<\/div>\n\t\t\t\t<div class=\"elementor-element elementor-element-338c4e7 elementor-align-justify elementor-widget__width-inherit elementor-tablet-align-justify elementor-widget elementor-widget-button\" data-id=\"338c4e7\" data-element_type=\"widget\" data-widget_type=\"button.default\">\n\t\t\t\t<div class=\"elementor-widget-container\">\n\t\t\t\t\t\t\t\t\t<div class=\"elementor-button-wrapper\">\n\t\t\t\t\t<a class=\"elementor-button elementor-button-link elementor-size-sm\" href=\"\/de\/presse\/\">\n\t\t\t\t\t\t<span class=\"elementor-button-content-wrapper\">\n\t\t\t\t\t\t<span class=\"elementor-button-icon\">\n\t\t\t\t<i aria-hidden=\"true\" class=\"fas fa-arrow-right\"><\/i>\t\t\t<\/span>\n\t\t\t\t\t\t\t\t\t<span class=\"elementor-button-text\">Pressematerial<\/span>\n\t\t\t\t\t<\/span>\n\t\t\t\t\t<\/a>\n\t\t\t\t<\/div>\n\t\t\t\t\t\t\t\t<\/div>\n\t\t\t\t<\/div>\n\t\t\t\t<div class=\"elementor-element elementor-element-8110d03 elementor-widget-divider--view-line elementor-widget elementor-widget-divider\" data-id=\"8110d03\" data-element_type=\"widget\" data-widget_type=\"divider.default\">\n\t\t\t\t<div class=\"elementor-widget-container\">\n\t\t\t\t\t\t\t<div class=\"elementor-divider\">\n\t\t\t<span class=\"elementor-divider-separator\">\n\t\t\t\t\t\t<\/span>\n\t\t<\/div>\n\t\t\t\t\t\t<\/div>\n\t\t\t\t<\/div>\n\t\t\t\t<\/div>\n\t\t\t\t<\/div>\n\t\t\t\t<\/div>\n\t\t\t\t\t<\/div>\n\t\t\t\t<\/div>\n\t\t<div class=\"elementor-element elementor-element-b2ba74c e-flex e-con-boxed e-con e-parent\" data-id=\"b2ba74c\" data-element_type=\"container\" data-settings=\"{&quot;background_background&quot;:&quot;classic&quot;}\">\n\t\t\t\t\t<div class=\"e-con-inner\">\n\t\t\t\t<div class=\"elementor-element elementor-element-9d71ccd elementor-widget elementor-widget-heading\" data-id=\"9d71ccd\" data-element_type=\"widget\" data-widget_type=\"heading.default\">\n\t\t\t\t<div class=\"elementor-widget-container\">\n\t\t\t\t\t<h3 class=\"elementor-heading-title elementor-size-default\">Vill du jobba hos oss?<\/h3>\t\t\t\t<\/div>\n\t\t\t\t<\/div>\n\t\t<div class=\"elementor-element elementor-element-38e6571 e-con-full e-flex e-con e-child\" data-id=\"38e6571\" data-element_type=\"container\">\n\t\t\t\t<div class=\"elementor-element elementor-element-1a823bf elementor-widget elementor-widget-text-editor\" data-id=\"1a823bf\" data-element_type=\"widget\" data-widget_type=\"text-editor.default\">\n\t\t\t\t<div class=\"elementor-widget-container\">\n\t\t\t\t\t\t\t\t\t<p>\u00c4r du nyfiken p\u00e5 Proplate som arbetsgivare? Vi \u00e4r alltid nyfikna. V\u00e4lkommen att h\u00f6ra av dig med en spontanans\u00f6kan!<\/p>\t\t\t\t\t\t\t\t<\/div>\n\t\t\t\t<\/div>\n\t\t\t\t<\/div>\n\t\t\t\t<div class=\"elementor-element elementor-element-a73d551 elementor-align-justify elementor-widget__width-initial elementor-widget elementor-widget-button\" data-id=\"a73d551\" data-element_type=\"widget\" data-widget_type=\"button.default\">\n\t\t\t\t<div class=\"elementor-widget-container\">\n\t\t\t\t\t\t\t\t\t<div class=\"elementor-button-wrapper\">\n\t\t\t\t\t<a class=\"elementor-button elementor-button-link elementor-size-sm\" href=\"mailto:jobb@proplate.se\">\n\t\t\t\t\t\t<span class=\"elementor-button-content-wrapper\">\n\t\t\t\t\t\t<span class=\"elementor-button-icon\">\n\t\t\t\t<i aria-hidden=\"true\" class=\"fas fa-arrow-right\"><\/i>\t\t\t<\/span>\n\t\t\t\t\t\t\t\t\t<span class=\"elementor-button-text\">Skicka in en spontanans\u00f6kan h\u00e4r<\/span>\n\t\t\t\t\t<\/span>\n\t\t\t\t\t<\/a>\n\t\t\t\t<\/div>\n\t\t\t\t\t\t\t\t<\/div>\n\t\t\t\t<\/div>\n\t\t\t\t\t<\/div>\n\t\t\t\t<\/div>\n\t\t\t\t<\/div>","protected":false},"excerpt":{"rendered":"<p>Vi s\u00f6ker m\u00e5lningstekniker Vill du arbeta i en varierande roll d\u00e4r du kombinerar teknik, kvalitet och utveckling? Vi p\u00e5 Proplate s\u00f6ker nu en m\u00e5lningstekniker som vill bidra till att v\u00e5ra produkter h\u00e5ller h\u00f6gsta standard. Du blir en viktig del av v\u00e5rt produktionsteam och rapporterar till omr\u00e5deschefen. Om rollen Som m\u00e5lningstekniker f\u00e5r du en central roll [&hellip;]<\/p>","protected":false},"author":5,"featured_media":0,"parent":730,"menu_order":3,"comment_status":"closed","ping_status":"closed","template":"","meta":{"footnotes":""},"class_list":["post-3892","page","type-page","status-publish","hentry"],"yoast_head":"<!-- This site is optimized with the Yoast SEO plugin v25.1 - https:\/\/yoast.com\/wordpress\/plugins\/seo\/ -->\n<title>Vi s\u00f6ker m\u00e5lningstekniker | Proplate - Globala st\u00e5ll\u00f6sningar<\/title>\n<meta name=\"description\" content=\"Vi s\u00f6ker m\u00e5lningstekniker | Vi tillverkar industriella komponenter i specialst\u00e5l till kunder \u00f6ver hela v\u00e4rlden | V\u00e4lj Proplate f\u00f6r skr\u00e4ddarsydd metallbearbetning\" \/>\n<meta name=\"robots\" content=\"index, follow, max-snippet:-1, max-image-preview:large, max-video-preview:-1\" \/>\n<link rel=\"canonical\" href=\"https:\/\/proplate.se\/de\/ueber-uns\/vi-soker-malningstekniker\/\" \/>\n<meta property=\"og:locale\" content=\"de_DE\" \/>\n<meta property=\"og:type\" content=\"article\" \/>\n<meta property=\"og:title\" content=\"Vi s\u00f6ker m\u00e5lningstekniker | Proplate - Globala st\u00e5ll\u00f6sningar\" \/>\n<meta property=\"og:description\" content=\"Vi s\u00f6ker m\u00e5lningstekniker | Vi tillverkar industriella komponenter i specialst\u00e5l till kunder \u00f6ver hela v\u00e4rlden | V\u00e4lj Proplate f\u00f6r skr\u00e4ddarsydd metallbearbetning\" \/>\n<meta property=\"og:url\" content=\"https:\/\/proplate.se\/de\/ueber-uns\/vi-soker-malningstekniker\/\" \/>\n<meta property=\"og:site_name\" content=\"Proplate\" \/>\n<meta property=\"article:modified_time\" content=\"2025-10-16T09:07:31+00:00\" \/>\n<meta property=\"og:image\" content=\"https:\/\/proplate.se\/wp-content\/uploads\/2025\/02\/fredrik-doring.jpg\" \/>\n\t<meta property=\"og:image:width\" content=\"400\" \/>\n\t<meta property=\"og:image:height\" content=\"400\" \/>\n\t<meta property=\"og:image:type\" content=\"image\/jpeg\" \/>\n<meta name=\"twitter:card\" content=\"summary_large_image\" \/>\n<meta name=\"twitter:label1\" content=\"Gesch\u00e4tzte Lesezeit\" \/>\n\t<meta name=\"twitter:data1\" content=\"3\u00a0Minuten\" \/>\n<script type=\"application\/ld+json\" class=\"yoast-schema-graph\">{\"@context\":\"https:\/\/schema.org\",\"@graph\":[{\"@type\":\"WebPage\",\"@id\":\"https:\/\/proplate.se\/om-oss\/vi-soker-malningstekniker\/\",\"url\":\"https:\/\/proplate.se\/om-oss\/vi-soker-malningstekniker\/\",\"name\":\"Vi s\u00f6ker m\u00e5lningstekniker | Proplate - Globala st\u00e5ll\u00f6sningar\",\"isPartOf\":{\"@id\":\"https:\/\/proplate.se\/#website\"},\"primaryImageOfPage\":{\"@id\":\"https:\/\/proplate.se\/om-oss\/vi-soker-malningstekniker\/#primaryimage\"},\"image\":{\"@id\":\"https:\/\/proplate.se\/om-oss\/vi-soker-malningstekniker\/#primaryimage\"},\"thumbnailUrl\":\"https:\/\/proplate.se\/wp-content\/uploads\/2025\/02\/fredrik-doring.jpg\",\"datePublished\":\"2025-09-26T06:46:36+00:00\",\"dateModified\":\"2025-10-16T09:07:31+00:00\",\"description\":\"Vi s\u00f6ker m\u00e5lningstekniker | Vi tillverkar industriella komponenter i specialst\u00e5l till kunder \u00f6ver hela v\u00e4rlden | V\u00e4lj Proplate f\u00f6r skr\u00e4ddarsydd metallbearbetning\",\"breadcrumb\":{\"@id\":\"https:\/\/proplate.se\/om-oss\/vi-soker-malningstekniker\/#breadcrumb\"},\"inLanguage\":\"de\",\"potentialAction\":[{\"@type\":\"ReadAction\",\"target\":[\"https:\/\/proplate.se\/om-oss\/vi-soker-malningstekniker\/\"]}]},{\"@type\":\"ImageObject\",\"inLanguage\":\"de\",\"@id\":\"https:\/\/proplate.se\/om-oss\/vi-soker-malningstekniker\/#primaryimage\",\"url\":\"https:\/\/proplate.se\/wp-content\/uploads\/2025\/02\/fredrik-doring.jpg\",\"contentUrl\":\"https:\/\/proplate.se\/wp-content\/uploads\/2025\/02\/fredrik-doring.jpg\"},{\"@type\":\"BreadcrumbList\",\"@id\":\"https:\/\/proplate.se\/om-oss\/vi-soker-malningstekniker\/#breadcrumb\",\"itemListElement\":[{\"@type\":\"ListItem\",\"position\":1,\"name\":\"Hem\",\"item\":\"https:\/\/proplate.se\/\"},{\"@type\":\"ListItem\",\"position\":2,\"name\":\"Om oss\",\"item\":\"https:\/\/proplate.se\/om-oss\/\"},{\"@type\":\"ListItem\",\"position\":3,\"name\":\"Vi s\u00f6ker m\u00e5lningstekniker\"}]},{\"@type\":\"WebSite\",\"@id\":\"https:\/\/proplate.se\/#website\",\"url\":\"https:\/\/proplate.se\/\",\"name\":\"Proplate\",\"description\":\"\",\"potentialAction\":[{\"@type\":\"SearchAction\",\"target\":{\"@type\":\"EntryPoint\",\"urlTemplate\":\"https:\/\/proplate.se\/?s={search_term_string}\"},\"query-input\":{\"@type\":\"PropertyValueSpecification\",\"valueRequired\":true,\"valueName\":\"search_term_string\"}}],\"inLanguage\":\"de\"}]}<\/script>\n<!-- \/ Yoast SEO plugin. -->","yoast_head_json":{"title":"Vi s\u00f6ker m\u00e5lningstekniker | Proplate - Globala st\u00e5ll\u00f6sningar","description":"Vi s\u00f6ker m\u00e5lningstekniker | Vi tillverkar industriella komponenter i specialst\u00e5l till kunder \u00f6ver hela v\u00e4rlden | V\u00e4lj Proplate f\u00f6r skr\u00e4ddarsydd metallbearbetning","robots":{"index":"index","follow":"follow","max-snippet":"max-snippet:-1","max-image-preview":"max-image-preview:large","max-video-preview":"max-video-preview:-1"},"canonical":"https:\/\/proplate.se\/de\/ueber-uns\/vi-soker-malningstekniker\/","og_locale":"de_DE","og_type":"article","og_title":"Vi s\u00f6ker m\u00e5lningstekniker | Proplate - Globala st\u00e5ll\u00f6sningar","og_description":"Vi s\u00f6ker m\u00e5lningstekniker | Vi tillverkar industriella komponenter i specialst\u00e5l till kunder \u00f6ver hela v\u00e4rlden | V\u00e4lj Proplate f\u00f6r skr\u00e4ddarsydd metallbearbetning","og_url":"https:\/\/proplate.se\/de\/ueber-uns\/vi-soker-malningstekniker\/","og_site_name":"Proplate","article_modified_time":"2025-10-16T09:07:31+00:00","og_image":[{"width":400,"height":400,"url":"https:\/\/proplate.se\/wp-content\/uploads\/2025\/02\/fredrik-doring.jpg","type":"image\/jpeg"}],"twitter_card":"summary_large_image","twitter_misc":{"Gesch\u00e4tzte Lesezeit":"3\u00a0Minuten"},"schema":{"@context":"https:\/\/schema.org","@graph":[{"@type":"WebPage","@id":"https:\/\/proplate.se\/om-oss\/vi-soker-malningstekniker\/","url":"https:\/\/proplate.se\/om-oss\/vi-soker-malningstekniker\/","name":"Vi s\u00f6ker m\u00e5lningstekniker | Proplate - Globala st\u00e5ll\u00f6sningar","isPartOf":{"@id":"https:\/\/proplate.se\/#website"},"primaryImageOfPage":{"@id":"https:\/\/proplate.se\/om-oss\/vi-soker-malningstekniker\/#primaryimage"},"image":{"@id":"https:\/\/proplate.se\/om-oss\/vi-soker-malningstekniker\/#primaryimage"},"thumbnailUrl":"https:\/\/proplate.se\/wp-content\/uploads\/2025\/02\/fredrik-doring.jpg","datePublished":"2025-09-26T06:46:36+00:00","dateModified":"2025-10-16T09:07:31+00:00","description":"Vi s\u00f6ker m\u00e5lningstekniker | Vi tillverkar industriella komponenter i specialst\u00e5l till kunder \u00f6ver hela v\u00e4rlden | V\u00e4lj Proplate f\u00f6r skr\u00e4ddarsydd metallbearbetning","breadcrumb":{"@id":"https:\/\/proplate.se\/om-oss\/vi-soker-malningstekniker\/#breadcrumb"},"inLanguage":"de","potentialAction":[{"@type":"ReadAction","target":["https:\/\/proplate.se\/om-oss\/vi-soker-malningstekniker\/"]}]},{"@type":"ImageObject","inLanguage":"de","@id":"https:\/\/proplate.se\/om-oss\/vi-soker-malningstekniker\/#primaryimage","url":"https:\/\/proplate.se\/wp-content\/uploads\/2025\/02\/fredrik-doring.jpg","contentUrl":"https:\/\/proplate.se\/wp-content\/uploads\/2025\/02\/fredrik-doring.jpg"},{"@type":"BreadcrumbList","@id":"https:\/\/proplate.se\/om-oss\/vi-soker-malningstekniker\/#breadcrumb","itemListElement":[{"@type":"ListItem","position":1,"name":"Hem","item":"https:\/\/proplate.se\/"},{"@type":"ListItem","position":2,"name":"Om oss","item":"https:\/\/proplate.se\/om-oss\/"},{"@type":"ListItem","position":3,"name":"Vi s\u00f6ker m\u00e5lningstekniker"}]},{"@type":"WebSite","@id":"https:\/\/proplate.se\/#website","url":"https:\/\/proplate.se\/","name":"Proplate","description":"","potentialAction":[{"@type":"SearchAction","target":{"@type":"EntryPoint","urlTemplate":"https:\/\/proplate.se\/?s={search_term_string}"},"query-input":{"@type":"PropertyValueSpecification","valueRequired":true,"valueName":"search_term_string"}}],"inLanguage":"de"}]}},"_links":{"self":[{"href":"https:\/\/proplate.se\/de\/wp-json\/wp\/v2\/pages\/3892","targetHints":{"allow":["GET"]}}],"collection":[{"href":"https:\/\/proplate.se\/de\/wp-json\/wp\/v2\/pages"}],"about":[{"href":"https:\/\/proplate.se\/de\/wp-json\/wp\/v2\/types\/page"}],"author":[{"embeddable":true,"href":"https:\/\/proplate.se\/de\/wp-json\/wp\/v2\/users\/5"}],"replies":[{"embeddable":true,"href":"https:\/\/proplate.se\/de\/wp-json\/wp\/v2\/comments?post=3892"}],"version-history":[{"count":19,"href":"https:\/\/proplate.se\/de\/wp-json\/wp\/v2\/pages\/3892\/revisions"}],"predecessor-version":[{"id":4047,"href":"https:\/\/proplate.se\/de\/wp-json\/wp\/v2\/pages\/3892\/revisions\/4047"}],"up":[{"embeddable":true,"href":"https:\/\/proplate.se\/de\/wp-json\/wp\/v2\/pages\/730"}],"wp:attachment":[{"href":"https:\/\/proplate.se\/de\/wp-json\/wp\/v2\/media?parent=3892"}],"curies":[{"name":"wp","href":"https:\/\/api.w.org\/{rel}","templated":true}]}}