{"id":3847,"date":"2025-09-24T13:38:25","date_gmt":"2025-09-24T12:38:25","guid":{"rendered":"https:\/\/proplate.se\/?page_id=3847"},"modified":"2025-09-24T13:44:49","modified_gmt":"2025-09-24T12:44:49","slug":"proplates-visselblasarkanal-copy","status":"publish","type":"page","link":"https:\/\/proplate.se\/de\/produkte\/proplates-visselblasarkanal-copy\/","title":{"rendered":"Medarbetarportr\u00e4tt &#8211; Johan Karlsson"},"content":{"rendered":"<div data-elementor-type=\"wp-page\" data-elementor-id=\"3847\" class=\"elementor elementor-3847\" data-elementor-post-type=\"page\">\n\t\t\t\t<div class=\"elementor-element elementor-element-9182d70 e-flex e-con-boxed e-con e-parent\" data-id=\"9182d70\" data-element_type=\"container\" data-settings=\"{&quot;background_background&quot;:&quot;classic&quot;}\">\n\t\t\t\t\t<div class=\"e-con-inner\">\n\t\t\t\t<div class=\"elementor-element elementor-element-c7de307 elementor-widget__width-initial elementor-widget elementor-widget-heading\" data-id=\"c7de307\" data-element_type=\"widget\" data-widget_type=\"heading.default\">\n\t\t\t\t<div class=\"elementor-widget-container\">\n\t\t\t\t\t<h1 class=\"elementor-heading-title elementor-size-default\">Johan Karlsson<\/h1>\t\t\t\t<\/div>\n\t\t\t\t<\/div>\n\t\t\t\t<div class=\"elementor-element elementor-element-4f309c5 elementor-widget elementor-widget-image\" data-id=\"4f309c5\" data-element_type=\"widget\" data-widget_type=\"image.default\">\n\t\t\t\t<div class=\"elementor-widget-container\">\n\t\t\t\t\t\t\t\t\t\t\t\t\t\t\t<img fetchpriority=\"high\" decoding=\"async\" width=\"768\" height=\"1152\" src=\"https:\/\/proplate.se\/wp-content\/uploads\/2025\/09\/johan-karlsson-768x1152.jpg\" class=\"attachment-medium_large size-medium_large wp-image-3723\" alt=\"Johan Karlsson\" srcset=\"https:\/\/proplate.se\/wp-content\/uploads\/2025\/09\/johan-karlsson-768x1152.jpg 768w, https:\/\/proplate.se\/wp-content\/uploads\/2025\/09\/johan-karlsson-200x300.jpg 200w, https:\/\/proplate.se\/wp-content\/uploads\/2025\/09\/johan-karlsson-683x1024.jpg 683w, https:\/\/proplate.se\/wp-content\/uploads\/2025\/09\/johan-karlsson-8x12.jpg 8w, https:\/\/proplate.se\/wp-content\/uploads\/2025\/09\/johan-karlsson.jpg 800w\" sizes=\"(max-width: 768px) 100vw, 768px\" \/>\t\t\t\t\t\t\t\t\t\t\t\t\t\t\t<\/div>\n\t\t\t\t<\/div>\n\t\t\t\t\t<\/div>\n\t\t\t\t<\/div>\n\t\t<div class=\"elementor-element elementor-element-841a89e e-flex e-con-boxed e-con e-parent\" data-id=\"841a89e\" data-element_type=\"container\" data-settings=\"{&quot;background_background&quot;:&quot;classic&quot;}\">\n\t\t\t\t\t<div class=\"e-con-inner\">\n\t\t<div class=\"elementor-element elementor-element-e749546 e-con-full e-flex e-con e-child\" data-id=\"e749546\" data-element_type=\"container\">\n\t\t<div class=\"elementor-element elementor-element-b1d76ac e-con-full e-flex e-con e-child\" data-id=\"b1d76ac\" data-element_type=\"container\">\n\t\t\t\t<div class=\"elementor-element elementor-element-d9f0622 elementor-widget__width-inherit elementor-widget elementor-widget-text-editor\" data-id=\"d9f0622\" data-element_type=\"widget\" data-widget_type=\"text-editor.default\">\n\t\t\t\t<div class=\"elementor-widget-container\">\n\t\t\t\t\t\t\t\t\t<div class=\"xdj266r x14z9mp xat24cr x1lziwak x1vvkbs x126k92a\"><div dir=\"auto\"><strong>Johan Karlsson \u00e4r svetsansvarig hos oss och fokuserar bland annat p\u00e5 att effektivisera svetsningen. D\u00e5 komponenterna best\u00e5r av m\u00e5nga detaljer med m\u00e5nga liknande str\u00e4ngar kan vi spara mycket tid om en operat\u00f6r inte beh\u00f6ver svetsa alla dessa detaljer.<\/strong>\u00a0<\/div><\/div><div class=\"x14z9mp xat24cr x1lziwak x1vvkbs xtlvy1s x126k92a\"><div dir=\"auto\">\u00a0<\/div><h3 dir=\"auto\">Hur ser en typisk arbetsdag ut f\u00f6r dig?<\/h3><div dir=\"auto\">&#8221;Mina dagar best\u00e5r av att g\u00f6ra of\u00f6rst\u00f6rande provning p\u00e5 m\u00e5nga av v\u00e5ra detaljer, ge tekniska r\u00e5d till svetsarna, skapa olika svetsprocedurer och genomf\u00f6ra f\u00f6rb\u00e4ttringar, som till exempel utveckling av v\u00e5ra svetsrobotar&#8221;.<\/div><div dir=\"auto\">\u00a0<\/div><\/div><div class=\"x14z9mp xat24cr x1lziwak x1vvkbs xtlvy1s x126k92a\"><h3 dir=\"auto\">Vad tycker du \u00e4r det b\u00e4sta med att jobba p\u00e5 Proplate?<\/h3><div dir=\"auto\">\u201cDet b\u00e4sta m\u00e5ste nog vara utvecklingsm\u00f6jligheterna! Proplate \u00e4r inte r\u00e4dda f\u00f6r att satsa p\u00e5 n\u00e5got nytt och utveckla sina medarbetares kunskaper\u201d.\u00a0<\/div><div dir=\"auto\">\u00a0<\/div><\/div><div class=\"x14z9mp xat24cr x1lziwak x1vvkbs xtlvy1s x126k92a\"><h3 dir=\"auto\">Och n\u00e4r du inte jobbar, vad g\u00f6r du d\u00e5?<\/h3><div dir=\"auto\">&#8221;Jag tr\u00e4nar mycket fotboll och gym och kollar p\u00e5 fotboll p\u00e5 tv eller p\u00e5 plats i Stockholm. Ocks\u00e5 umg\u00e5s jag en hel del med mina v\u00e4nner&#8221;.\u00a0<\/div><\/div>\t\t\t\t\t\t\t\t<\/div>\n\t\t\t\t<\/div>\n\t\t\t\t<\/div>\n\t\t<div class=\"elementor-element elementor-element-458da3b e-con-full e-flex e-con e-child\" data-id=\"458da3b\" data-element_type=\"container\">\n\t\t<div class=\"elementor-element elementor-element-a3364d5 e-con-full e-flex e-con e-child\" data-id=\"a3364d5\" data-element_type=\"container\">\n\t\t\t\t<div class=\"elementor-element elementor-element-0afc2fc elementor-widget__width-initial elementor-widget elementor-widget-heading\" data-id=\"0afc2fc\" data-element_type=\"widget\" data-widget_type=\"heading.default\">\n\t\t\t\t<div class=\"elementor-widget-container\">\n\t\t\t\t\t<h3 class=\"elementor-heading-title elementor-size-default\">Kontakt<\/h3>\t\t\t\t<\/div>\n\t\t\t\t<\/div>\n\t\t\t\t<div class=\"elementor-element elementor-element-612ff88 elementor-widget elementor-widget-image\" data-id=\"612ff88\" data-element_type=\"widget\" data-widget_type=\"image.default\">\n\t\t\t\t<div class=\"elementor-widget-container\">\n\t\t\t\t\t\t\t\t\t\t\t\t\t\t\t<img decoding=\"async\" width=\"393\" height=\"426\" src=\"https:\/\/proplate.se\/wp-content\/uploads\/2025\/09\/annelie-thorn.jpg\" class=\"attachment-large size-large wp-image-3671\" alt=\"Annelie Th\u00f6rn\" srcset=\"https:\/\/proplate.se\/wp-content\/uploads\/2025\/09\/annelie-thorn.jpg 393w, https:\/\/proplate.se\/wp-content\/uploads\/2025\/09\/annelie-thorn-277x300.jpg 277w, https:\/\/proplate.se\/wp-content\/uploads\/2025\/09\/annelie-thorn-11x12.jpg 11w\" sizes=\"(max-width: 393px) 100vw, 393px\" \/>\t\t\t\t\t\t\t\t\t\t\t\t\t\t\t<\/div>\n\t\t\t\t<\/div>\n\t\t\t\t<div class=\"elementor-element elementor-element-5356728 elementor-widget__width-auto elementor-widget elementor-widget-heading\" data-id=\"5356728\" data-element_type=\"widget\" data-widget_type=\"heading.default\">\n\t\t\t\t<div class=\"elementor-widget-container\">\n\t\t\t\t\t<h4 class=\"elementor-heading-title elementor-size-default\">Annelie Th\u00f6rn<\/h4>\t\t\t\t<\/div>\n\t\t\t\t<\/div>\n\t\t\t\t<div class=\"elementor-element elementor-element-5ec9688 elementor-widget elementor-widget-text-editor\" data-id=\"5ec9688\" data-element_type=\"widget\" data-widget_type=\"text-editor.default\">\n\t\t\t\t<div class=\"elementor-widget-container\">\n\t\t\t\t\t\t\t\t\t<p>\u00a0Telefon: +46 (0)10-195 41 13<br \/><span class=\"icon_mobile\">\u00a0<\/span>Mobil: +46 (0)76-104 07 48<br \/><span class=\"icon_mail_alt\">\u00a0<\/span><a href=\"mailto:annelie.thorn@proplate.se\">annelie.thorn@proplate.se<\/a><\/p>\t\t\t\t\t\t\t\t<\/div>\n\t\t\t\t<\/div>\n\t\t\t\t<\/div>\n\t\t\t\t<\/div>\n\t\t\t\t<\/div>\n\t\t\t\t\t<\/div>\n\t\t\t\t<\/div>\n\t\t<div class=\"elementor-element elementor-element-3e29706 e-flex e-con-boxed e-con e-parent\" data-id=\"3e29706\" data-element_type=\"container\" data-settings=\"{&quot;background_background&quot;:&quot;classic&quot;}\">\n\t\t\t\t\t<div class=\"e-con-inner\">\n\t\t<div class=\"elementor-element elementor-element-cd06c08 e-con-full e-flex e-con e-child\" data-id=\"cd06c08\" data-element_type=\"container\">\n\t\t<div class=\"elementor-element elementor-element-5982c0c e-con-full e-flex e-con e-child\" data-id=\"5982c0c\" data-element_type=\"container\">\n\t\t\t\t<div class=\"elementor-element elementor-element-4d7572a elementor-widget__width-inherit elementor-widget elementor-widget-heading\" data-id=\"4d7572a\" data-element_type=\"widget\" data-widget_type=\"heading.default\">\n\t\t\t\t<div class=\"elementor-widget-container\">\n\t\t\t\t\t<h3 class=\"elementor-heading-title elementor-size-default\">Kontakt<\/h3>\t\t\t\t<\/div>\n\t\t\t\t<\/div>\n\t\t\t\t<div class=\"elementor-element elementor-element-0f7c435 elementor-widget__width-initial elementor-widget elementor-widget-text-editor\" data-id=\"0f7c435\" data-element_type=\"widget\" data-widget_type=\"text-editor.default\">\n\t\t\t\t<div class=\"elementor-widget-container\">\n\t\t\t\t\t\t\t\t\t<p>Kontaktieren Sie uns gerne, um zu sehen, ob wir gemeinsam innovative L\u00f6sungen finden k\u00f6nnen.<\/p>\t\t\t\t\t\t\t\t<\/div>\n\t\t\t\t<\/div>\n\t\t\t\t<\/div>\n\t\t<div class=\"elementor-element elementor-element-d983149 e-con-full e-flex e-con e-child\" data-id=\"d983149\" data-element_type=\"container\">\n\t\t\t\t<div class=\"elementor-element elementor-element-a076a21 elementor-button-align-stretch elementor-widget elementor-widget-form\" data-id=\"a076a21\" data-element_type=\"widget\" data-settings=\"{&quot;button_width&quot;:&quot;100&quot;,&quot;step_type&quot;:&quot;number_text&quot;,&quot;step_icon_shape&quot;:&quot;circle&quot;}\" data-widget_type=\"form.default\">\n\t\t\t\t<div class=\"elementor-widget-container\">\n\t\t\t\t\t\t\t<form class=\"elementor-form\" method=\"post\" name=\"Nytt formul\u00e4r\" action=\"\">\n\t\t\t<input type=\"hidden\" name=\"post_id\" value=\"3847\"\/>\n\t\t\t<input type=\"hidden\" name=\"form_id\" value=\"a076a21\"\/>\n\t\t\t<input type=\"hidden\" name=\"referer_title\" value=\"Proplate\" \/>\n\n\t\t\t\n\t\t\t<div class=\"elementor-form-fields-wrapper elementor-labels-\">\n\t\t\t\t\t\t\t\t<div class=\"elementor-field-type-text elementor-field-group elementor-column elementor-field-group-name elementor-col-100\">\n\t\t\t\t\t\t\t\t\t\t\t\t<label for=\"form-field-name\" class=\"elementor-field-label elementor-screen-only\">\n\t\t\t\t\t\t\t\tNamn\t\t\t\t\t\t\t<\/label>\n\t\t\t\t\t\t\t\t\t\t\t\t\t\t<input size=\"1\" type=\"text\" name=\"form_fields[name]\" id=\"form-field-name\" class=\"elementor-field elementor-size-sm  elementor-field-textual\" placeholder=\"Name*\">\n\t\t\t\t\t\t\t\t\t\t\t<\/div>\n\t\t\t\t\t\t\t\t<div class=\"elementor-field-type-email elementor-field-group elementor-column elementor-field-group-email elementor-col-100 elementor-field-required\">\n\t\t\t\t\t\t\t\t\t\t\t\t<label for=\"form-field-email\" class=\"elementor-field-label elementor-screen-only\">\n\t\t\t\t\t\t\t\tE-post\t\t\t\t\t\t\t<\/label>\n\t\t\t\t\t\t\t\t\t\t\t\t\t\t<input size=\"1\" type=\"email\" name=\"form_fields[email]\" id=\"form-field-email\" class=\"elementor-field elementor-size-sm  elementor-field-textual\" placeholder=\"E-Mail*\" required=\"required\">\n\t\t\t\t\t\t\t\t\t\t\t<\/div>\n\t\t\t\t\t\t\t\t<div class=\"elementor-field-type-text elementor-field-group elementor-column elementor-field-group-field_6527881 elementor-col-100 elementor-field-required\">\n\t\t\t\t\t\t\t\t\t\t\t\t<label for=\"form-field-field_6527881\" class=\"elementor-field-label elementor-screen-only\">\n\t\t\t\t\t\t\t\tF\u00f6retag\t\t\t\t\t\t\t<\/label>\n\t\t\t\t\t\t\t\t\t\t\t\t\t\t<input size=\"1\" type=\"text\" name=\"form_fields[field_6527881]\" id=\"form-field-field_6527881\" class=\"elementor-field elementor-size-sm  elementor-field-textual\" placeholder=\"Unternehmen*\" required=\"required\">\n\t\t\t\t\t\t\t\t\t\t\t<\/div>\n\t\t\t\t\t\t\t\t<div class=\"elementor-field-type-tel elementor-field-group elementor-column elementor-field-group-field_9d23489 elementor-col-100\">\n\t\t\t\t\t\t\t\t\t\t\t\t<label for=\"form-field-field_9d23489\" class=\"elementor-field-label elementor-screen-only\">\n\t\t\t\t\t\t\t\tTelefon\t\t\t\t\t\t\t<\/label>\n\t\t\t\t\t\t\t\t<input size=\"1\" type=\"tel\" name=\"form_fields[field_9d23489]\" id=\"form-field-field_9d23489\" class=\"elementor-field elementor-size-sm  elementor-field-textual\" placeholder=\"Telefon*\" pattern=\"[0-9()#&amp;+*-=.]+\" title=\"Nur Nummern oder Telefon-Zeichen (#, -, *, etc) werden akzeptiert.\">\n\n\t\t\t\t\t\t<\/div>\n\t\t\t\t\t\t\t\t<div class=\"elementor-field-type-textarea elementor-field-group elementor-column elementor-field-group-message elementor-col-100\">\n\t\t\t\t\t\t\t\t\t\t\t\t<label for=\"form-field-message\" class=\"elementor-field-label elementor-screen-only\">\n\t\t\t\t\t\t\t\tMeddelande\t\t\t\t\t\t\t<\/label>\n\t\t\t\t\t\t<textarea class=\"elementor-field-textual elementor-field  elementor-size-sm\" name=\"form_fields[message]\" id=\"form-field-message\" rows=\"4\" placeholder=\"Nachricht*\"><\/textarea>\t\t\t\t<\/div>\n\t\t\t\t\t\t\t\t<div class=\"elementor-field-group elementor-column elementor-field-type-submit elementor-col-100 e-form__buttons\">\n\t\t\t\t\t<button class=\"elementor-button elementor-size-sm\" type=\"submit\">\n\t\t\t\t\t\t<span class=\"elementor-button-content-wrapper\">\n\t\t\t\t\t\t\t\t\t\t\t\t\t\t\t<span class=\"elementor-button-icon\">\n\t\t\t\t\t\t\t\t\t<i aria-hidden=\"true\" class=\"fas fa-arrow-right\"><\/i>\t\t\t\t\t\t\t\t\t\t\t\t\t\t\t\t\t<\/span>\n\t\t\t\t\t\t\t\t\t\t\t\t\t\t\t\t\t\t\t\t\t\t<span class=\"elementor-button-text\">Anfrage senden<\/span>\n\t\t\t\t\t\t\t\t\t\t\t\t\t<\/span>\n\t\t\t\t\t<\/button>\n\t\t\t\t<\/div>\n\t\t\t<\/div>\n\t\t<input type=\"hidden\" name=\"trp-form-language\" value=\"de\"\/><\/form>\n\t\t\t\t\t\t<\/div>\n\t\t\t\t<\/div>\n\t\t\t\t<\/div>\n\t\t\t\t<\/div>\n\t\t\t\t\t<\/div>\n\t\t\t\t<\/div>\n\t\t\t\t<\/div>","protected":false},"excerpt":{"rendered":"<p>Johan Karlsson Johan Karlsson \u00e4r svetsansvarig hos oss och fokuserar bland annat p\u00e5 att effektivisera svetsningen. D\u00e5 komponenterna best\u00e5r av m\u00e5nga detaljer med m\u00e5nga liknande str\u00e4ngar kan vi spara mycket tid om en operat\u00f6r inte beh\u00f6ver svetsa alla dessa detaljer.\u00a0\u00a0 Hur ser en typisk arbetsdag ut f\u00f6r dig? &#8221;Mina dagar best\u00e5r av att g\u00f6ra of\u00f6rst\u00f6rande [&hellip;]<\/p>","protected":false},"author":5,"featured_media":0,"parent":308,"menu_order":0,"comment_status":"closed","ping_status":"closed","template":"","meta":{"footnotes":""},"class_list":["post-3847","page","type-page","status-publish","hentry"],"yoast_head":"<!-- This site is optimized with the Yoast SEO plugin v25.1 - https:\/\/yoast.com\/wordpress\/plugins\/seo\/ -->\n<title>Medarbetarportr\u00e4tt - Johan Karlsson | Proplate - Globala st\u00e5ll\u00f6sningar<\/title>\n<meta name=\"description\" content=\"Medarbetarportr\u00e4tt - Johan Karlsson | Vi tillverkar industriella komponenter i specialst\u00e5l till kunder \u00f6ver hela v\u00e4rlden | V\u00e4lj Proplate f\u00f6r skr\u00e4ddarsydd metallbearbetning\" \/>\n<meta name=\"robots\" content=\"index, follow, max-snippet:-1, max-image-preview:large, max-video-preview:-1\" \/>\n<link rel=\"canonical\" href=\"https:\/\/proplate.se\/de\/produkte\/proplates-visselblasarkanal-copy\/\" \/>\n<meta property=\"og:locale\" content=\"de_DE\" \/>\n<meta property=\"og:type\" content=\"article\" \/>\n<meta property=\"og:title\" content=\"Medarbetarportr\u00e4tt - Johan Karlsson | Proplate - Globala st\u00e5ll\u00f6sningar\" \/>\n<meta property=\"og:description\" content=\"Medarbetarportr\u00e4tt - Johan Karlsson | Vi tillverkar industriella komponenter i specialst\u00e5l till kunder \u00f6ver hela v\u00e4rlden | V\u00e4lj Proplate f\u00f6r skr\u00e4ddarsydd metallbearbetning\" \/>\n<meta property=\"og:url\" content=\"https:\/\/proplate.se\/de\/produkte\/proplates-visselblasarkanal-copy\/\" \/>\n<meta property=\"og:site_name\" content=\"Proplate\" \/>\n<meta property=\"article:modified_time\" content=\"2025-09-24T12:44:49+00:00\" \/>\n<meta property=\"og:image\" content=\"https:\/\/proplate.se\/wp-content\/uploads\/2025\/09\/johan-karlsson.jpg\" \/>\n\t<meta property=\"og:image:width\" content=\"800\" \/>\n\t<meta property=\"og:image:height\" content=\"1200\" \/>\n\t<meta property=\"og:image:type\" content=\"image\/jpeg\" \/>\n<meta name=\"twitter:card\" content=\"summary_large_image\" \/>\n<meta name=\"twitter:label1\" content=\"Gesch\u00e4tzte Lesezeit\" \/>\n\t<meta name=\"twitter:data1\" content=\"2\u00a0Minuten\" \/>\n<script type=\"application\/ld+json\" class=\"yoast-schema-graph\">{\"@context\":\"https:\/\/schema.org\",\"@graph\":[{\"@type\":\"WebPage\",\"@id\":\"https:\/\/proplate.se\/produkter\/proplates-visselblasarkanal-copy\/\",\"url\":\"https:\/\/proplate.se\/produkter\/proplates-visselblasarkanal-copy\/\",\"name\":\"Medarbetarportr\u00e4tt - Johan Karlsson | Proplate - Globala st\u00e5ll\u00f6sningar\",\"isPartOf\":{\"@id\":\"https:\/\/proplate.se\/#website\"},\"primaryImageOfPage\":{\"@id\":\"https:\/\/proplate.se\/produkter\/proplates-visselblasarkanal-copy\/#primaryimage\"},\"image\":{\"@id\":\"https:\/\/proplate.se\/produkter\/proplates-visselblasarkanal-copy\/#primaryimage\"},\"thumbnailUrl\":\"https:\/\/proplate.se\/wp-content\/uploads\/2025\/09\/johan-karlsson-768x1152.jpg\",\"datePublished\":\"2025-09-24T12:38:25+00:00\",\"dateModified\":\"2025-09-24T12:44:49+00:00\",\"description\":\"Medarbetarportr\u00e4tt - Johan Karlsson | Vi tillverkar industriella komponenter i specialst\u00e5l till kunder \u00f6ver hela v\u00e4rlden | V\u00e4lj Proplate f\u00f6r skr\u00e4ddarsydd metallbearbetning\",\"breadcrumb\":{\"@id\":\"https:\/\/proplate.se\/produkter\/proplates-visselblasarkanal-copy\/#breadcrumb\"},\"inLanguage\":\"de\",\"potentialAction\":[{\"@type\":\"ReadAction\",\"target\":[\"https:\/\/proplate.se\/produkter\/proplates-visselblasarkanal-copy\/\"]}]},{\"@type\":\"ImageObject\",\"inLanguage\":\"de\",\"@id\":\"https:\/\/proplate.se\/produkter\/proplates-visselblasarkanal-copy\/#primaryimage\",\"url\":\"https:\/\/proplate.se\/wp-content\/uploads\/2025\/09\/johan-karlsson-768x1152.jpg\",\"contentUrl\":\"https:\/\/proplate.se\/wp-content\/uploads\/2025\/09\/johan-karlsson-768x1152.jpg\"},{\"@type\":\"BreadcrumbList\",\"@id\":\"https:\/\/proplate.se\/produkter\/proplates-visselblasarkanal-copy\/#breadcrumb\",\"itemListElement\":[{\"@type\":\"ListItem\",\"position\":1,\"name\":\"Hem\",\"item\":\"https:\/\/proplate.se\/\"},{\"@type\":\"ListItem\",\"position\":2,\"name\":\"Produkter\",\"item\":\"https:\/\/proplate.se\/produkter\/\"},{\"@type\":\"ListItem\",\"position\":3,\"name\":\"Medarbetarportr\u00e4tt &#8211; Johan Karlsson\"}]},{\"@type\":\"WebSite\",\"@id\":\"https:\/\/proplate.se\/#website\",\"url\":\"https:\/\/proplate.se\/\",\"name\":\"Proplate\",\"description\":\"\",\"potentialAction\":[{\"@type\":\"SearchAction\",\"target\":{\"@type\":\"EntryPoint\",\"urlTemplate\":\"https:\/\/proplate.se\/?s={search_term_string}\"},\"query-input\":{\"@type\":\"PropertyValueSpecification\",\"valueRequired\":true,\"valueName\":\"search_term_string\"}}],\"inLanguage\":\"de\"}]}<\/script>\n<!-- \/ Yoast SEO plugin. -->","yoast_head_json":{"title":"Medarbetarportr\u00e4tt - Johan Karlsson | Proplate - Globala st\u00e5ll\u00f6sningar","description":"Medarbetarportr\u00e4tt - Johan Karlsson | Vi tillverkar industriella komponenter i specialst\u00e5l till kunder \u00f6ver hela v\u00e4rlden | V\u00e4lj Proplate f\u00f6r skr\u00e4ddarsydd metallbearbetning","robots":{"index":"index","follow":"follow","max-snippet":"max-snippet:-1","max-image-preview":"max-image-preview:large","max-video-preview":"max-video-preview:-1"},"canonical":"https:\/\/proplate.se\/de\/produkte\/proplates-visselblasarkanal-copy\/","og_locale":"de_DE","og_type":"article","og_title":"Medarbetarportr\u00e4tt - Johan Karlsson | Proplate - Globala st\u00e5ll\u00f6sningar","og_description":"Medarbetarportr\u00e4tt - Johan Karlsson | Vi tillverkar industriella komponenter i specialst\u00e5l till kunder \u00f6ver hela v\u00e4rlden | V\u00e4lj Proplate f\u00f6r skr\u00e4ddarsydd metallbearbetning","og_url":"https:\/\/proplate.se\/de\/produkte\/proplates-visselblasarkanal-copy\/","og_site_name":"Proplate","article_modified_time":"2025-09-24T12:44:49+00:00","og_image":[{"width":800,"height":1200,"url":"https:\/\/proplate.se\/wp-content\/uploads\/2025\/09\/johan-karlsson.jpg","type":"image\/jpeg"}],"twitter_card":"summary_large_image","twitter_misc":{"Gesch\u00e4tzte Lesezeit":"2\u00a0Minuten"},"schema":{"@context":"https:\/\/schema.org","@graph":[{"@type":"WebPage","@id":"https:\/\/proplate.se\/produkter\/proplates-visselblasarkanal-copy\/","url":"https:\/\/proplate.se\/produkter\/proplates-visselblasarkanal-copy\/","name":"Medarbetarportr\u00e4tt - Johan Karlsson | Proplate - Globala st\u00e5ll\u00f6sningar","isPartOf":{"@id":"https:\/\/proplate.se\/#website"},"primaryImageOfPage":{"@id":"https:\/\/proplate.se\/produkter\/proplates-visselblasarkanal-copy\/#primaryimage"},"image":{"@id":"https:\/\/proplate.se\/produkter\/proplates-visselblasarkanal-copy\/#primaryimage"},"thumbnailUrl":"https:\/\/proplate.se\/wp-content\/uploads\/2025\/09\/johan-karlsson-768x1152.jpg","datePublished":"2025-09-24T12:38:25+00:00","dateModified":"2025-09-24T12:44:49+00:00","description":"Medarbetarportr\u00e4tt - Johan Karlsson | Vi tillverkar industriella komponenter i specialst\u00e5l till kunder \u00f6ver hela v\u00e4rlden | V\u00e4lj Proplate f\u00f6r skr\u00e4ddarsydd metallbearbetning","breadcrumb":{"@id":"https:\/\/proplate.se\/produkter\/proplates-visselblasarkanal-copy\/#breadcrumb"},"inLanguage":"de","potentialAction":[{"@type":"ReadAction","target":["https:\/\/proplate.se\/produkter\/proplates-visselblasarkanal-copy\/"]}]},{"@type":"ImageObject","inLanguage":"de","@id":"https:\/\/proplate.se\/produkter\/proplates-visselblasarkanal-copy\/#primaryimage","url":"https:\/\/proplate.se\/wp-content\/uploads\/2025\/09\/johan-karlsson-768x1152.jpg","contentUrl":"https:\/\/proplate.se\/wp-content\/uploads\/2025\/09\/johan-karlsson-768x1152.jpg"},{"@type":"BreadcrumbList","@id":"https:\/\/proplate.se\/produkter\/proplates-visselblasarkanal-copy\/#breadcrumb","itemListElement":[{"@type":"ListItem","position":1,"name":"Hem","item":"https:\/\/proplate.se\/"},{"@type":"ListItem","position":2,"name":"Produkter","item":"https:\/\/proplate.se\/produkter\/"},{"@type":"ListItem","position":3,"name":"Medarbetarportr\u00e4tt &#8211; Johan Karlsson"}]},{"@type":"WebSite","@id":"https:\/\/proplate.se\/#website","url":"https:\/\/proplate.se\/","name":"Proplate","description":"","potentialAction":[{"@type":"SearchAction","target":{"@type":"EntryPoint","urlTemplate":"https:\/\/proplate.se\/?s={search_term_string}"},"query-input":{"@type":"PropertyValueSpecification","valueRequired":true,"valueName":"search_term_string"}}],"inLanguage":"de"}]}},"_links":{"self":[{"href":"https:\/\/proplate.se\/de\/wp-json\/wp\/v2\/pages\/3847","targetHints":{"allow":["GET"]}}],"collection":[{"href":"https:\/\/proplate.se\/de\/wp-json\/wp\/v2\/pages"}],"about":[{"href":"https:\/\/proplate.se\/de\/wp-json\/wp\/v2\/types\/page"}],"author":[{"embeddable":true,"href":"https:\/\/proplate.se\/de\/wp-json\/wp\/v2\/users\/5"}],"replies":[{"embeddable":true,"href":"https:\/\/proplate.se\/de\/wp-json\/wp\/v2\/comments?post=3847"}],"version-history":[{"count":10,"href":"https:\/\/proplate.se\/de\/wp-json\/wp\/v2\/pages\/3847\/revisions"}],"predecessor-version":[{"id":3860,"href":"https:\/\/proplate.se\/de\/wp-json\/wp\/v2\/pages\/3847\/revisions\/3860"}],"up":[{"embeddable":true,"href":"https:\/\/proplate.se\/de\/wp-json\/wp\/v2\/pages\/308"}],"wp:attachment":[{"href":"https:\/\/proplate.se\/de\/wp-json\/wp\/v2\/media?parent=3847"}],"curies":[{"name":"wp","href":"https:\/\/api.w.org\/{rel}","templated":true}]}}