{"id":1756,"date":"2025-03-04T14:34:47","date_gmt":"2025-03-04T13:34:47","guid":{"rendered":"https:\/\/proplate.se\/?page_id=1756"},"modified":"2025-04-22T19:22:49","modified_gmt":"2025-04-22T18:22:49","slug":"gasschneiden","status":"publish","type":"page","link":"https:\/\/proplate.se\/de\/produkte\/gasschneiden\/","title":{"rendered":"Gasschneiden"},"content":{"rendered":"<div data-elementor-type=\"wp-page\" data-elementor-id=\"1756\" class=\"elementor elementor-1756\" data-elementor-post-type=\"page\">\n\t\t\t\t<div class=\"elementor-element elementor-element-9182d70 e-flex e-con-boxed e-con e-parent\" data-id=\"9182d70\" data-element_type=\"container\" data-settings=\"{&quot;background_background&quot;:&quot;classic&quot;}\">\n\t\t\t\t\t<div class=\"e-con-inner\">\n\t\t\t\t<div class=\"elementor-element elementor-element-c7de307 elementor-widget__width-initial elementor-widget elementor-widget-heading\" data-id=\"c7de307\" data-element_type=\"widget\" data-widget_type=\"heading.default\">\n\t\t\t\t<div class=\"elementor-widget-container\">\n\t\t\t\t\t<h1 class=\"elementor-heading-title elementor-size-default\">Gasschneiden<\/h1>\t\t\t\t<\/div>\n\t\t\t\t<\/div>\n\t\t\t\t\t<\/div>\n\t\t\t\t<\/div>\n\t\t<div class=\"elementor-element elementor-element-841a89e e-flex e-con-boxed e-con e-parent\" data-id=\"841a89e\" data-element_type=\"container\" data-settings=\"{&quot;background_background&quot;:&quot;classic&quot;}\">\n\t\t\t\t\t<div class=\"e-con-inner\">\n\t\t<div class=\"elementor-element elementor-element-e749546 e-con-full e-flex e-con e-child\" data-id=\"e749546\" data-element_type=\"container\">\n\t\t<div class=\"elementor-element elementor-element-b1d76ac e-con-full e-flex e-con e-child\" data-id=\"b1d76ac\" data-element_type=\"container\">\n\t\t\t\t<div class=\"elementor-element elementor-element-949ee33 elementor-widget__width-inherit elementor-widget elementor-widget-heading\" data-id=\"949ee33\" data-element_type=\"widget\" data-widget_type=\"heading.default\">\n\t\t\t\t<div class=\"elementor-widget-container\">\n\t\t\t\t\t<h2 class=\"elementor-heading-title elementor-size-default\">Gasschneiden - eine \u00fcberlegene Methode f\u00fcr dickes Grobblech<\/h2>\t\t\t\t<\/div>\n\t\t\t\t<\/div>\n\t\t\t\t<div class=\"elementor-element elementor-element-b24406d elementor-widget__width-inherit elementor-widget elementor-widget-text-editor\" data-id=\"b24406d\" data-element_type=\"widget\" data-widget_type=\"text-editor.default\">\n\t\t\t\t<div class=\"elementor-widget-container\">\n\t\t\t\t\t\t\t\t\t<p>Unsere Gasbrenner k\u00f6nnen Stahl mit einer Dicke von bis zu 300 mm schneiden. Alle sieben Schneidmaschinen sind f\u00fcr das Schneiden gro\u00dfer Komponenten ausgelegt. Die gr\u00f6\u00dfte Maschine verf\u00fcgt \u00fcber einen 42 Meter langen Schneidtisch, der eine effizientere Produktion erm\u00f6glicht. So k\u00f6nnen wir ein Blech schneiden und die Maschine gleichzeitig f\u00fcr das n\u00e4chste Blech vorbereiten. Alle unsere Maschinen sind mit mehreren Gas- und Plasmabrennern ausgestattet \u2013 f\u00fcr optimale Produktion und k\u00fcrzere Durchlaufzeiten.<\/p><p>Das Gasschneidverfahren eignet sich hervorragend zum Schneiden extrem dicker, schwerer Bleche ab ca. 50 mm.<\/p>\t\t\t\t\t\t\t\t<\/div>\n\t\t\t\t<\/div>\n\t\t\t\t<div class=\"elementor-element elementor-element-fdddb37 elementor-widget elementor-widget-image\" data-id=\"fdddb37\" data-element_type=\"widget\" data-widget_type=\"image.default\">\n\t\t\t\t<div class=\"elementor-widget-container\">\n\t\t\t\t\t\t\t\t\t\t\t\t\t\t\t<img fetchpriority=\"high\" decoding=\"async\" width=\"800\" height=\"534\" src=\"https:\/\/proplate.se\/wp-content\/uploads\/2025\/02\/proplate-skarning-1024x683.jpeg\" class=\"attachment-large size-large wp-image-562\" alt=\"proplate-skarning\" srcset=\"https:\/\/proplate.se\/wp-content\/uploads\/2025\/02\/proplate-skarning-1024x683.jpeg 1024w, https:\/\/proplate.se\/wp-content\/uploads\/2025\/02\/proplate-skarning-300x200.jpeg 300w, https:\/\/proplate.se\/wp-content\/uploads\/2025\/02\/proplate-skarning-768x512.jpeg 768w, https:\/\/proplate.se\/wp-content\/uploads\/2025\/02\/proplate-skarning.jpeg 1200w\" sizes=\"(max-width: 800px) 100vw, 800px\" \/>\t\t\t\t\t\t\t\t\t\t\t\t\t\t\t<\/div>\n\t\t\t\t<\/div>\n\t\t\t\t<div class=\"elementor-element elementor-element-00ce2d0 elementor-widget__width-inherit elementor-widget elementor-widget-heading\" data-id=\"00ce2d0\" data-element_type=\"widget\" data-widget_type=\"heading.default\">\n\t\t\t\t<div class=\"elementor-widget-container\">\n\t\t\t\t\t<h3 class=\"elementor-heading-title elementor-size-default\">Gasschneiden unter Wasser<\/h3>\t\t\t\t<\/div>\n\t\t\t\t<\/div>\n\t\t\t\t<div class=\"elementor-element elementor-element-c96d93c elementor-widget__width-inherit elementor-widget elementor-widget-text-editor\" data-id=\"c96d93c\" data-element_type=\"widget\" data-widget_type=\"text-editor.default\">\n\t\t\t\t<div class=\"elementor-widget-container\">\n\t\t\t\t\t\t\t\t\t<p>Beim Schneiden mit Gas wird der Stahl \u00fcber einen l\u00e4ngeren Zeitraum hohen Temperaturen ausgesetzt, was die W\u00e4rmeeinflusszone (HAZ) und Eigenschaften des Stahls beeinflussen kann. Um dies zu vermeiden, schneiden wir w\u00e4rmeempfindliche Komponenten unter Wasser.<\/p>\t\t\t\t\t\t\t\t<\/div>\n\t\t\t\t<\/div>\n\t\t\t\t<div class=\"elementor-element elementor-element-32e0453 elementor-widget__width-inherit elementor-widget elementor-widget-heading\" data-id=\"32e0453\" data-element_type=\"widget\" data-widget_type=\"heading.default\">\n\t\t\t\t<div class=\"elementor-widget-container\">\n\t\t\t\t\t<h3 class=\"elementor-heading-title elementor-size-default\">Schwei\u00dfvorbereitendes Schneiden<\/h3>\t\t\t\t<\/div>\n\t\t\t\t<\/div>\n\t\t\t\t<div class=\"elementor-element elementor-element-67a4219 elementor-widget__width-inherit elementor-widget elementor-widget-text-editor\" data-id=\"67a4219\" data-element_type=\"widget\" data-widget_type=\"text-editor.default\">\n\t\t\t\t<div class=\"elementor-widget-container\">\n\t\t\t\t\t\t\t\t\t<p>Komponenten, die geschwei\u00dft werden sollen, werden direkt in der Schneidmaschine mit Gas oder Plasma angefast.<\/p>\t\t\t\t\t\t\t\t<\/div>\n\t\t\t\t<\/div>\n\t\t\t\t<div class=\"elementor-element elementor-element-8020878 elementor-widget__width-inherit elementor-widget elementor-widget-heading\" data-id=\"8020878\" data-element_type=\"widget\" data-widget_type=\"heading.default\">\n\t\t\t\t<div class=\"elementor-widget-container\">\n\t\t\t\t\t<h3 class=\"elementor-heading-title elementor-size-default\">Gasschneiden auf bis zu 42 Meter langen Schneidtischen<\/h3>\t\t\t\t<\/div>\n\t\t\t\t<\/div>\n\t\t\t\t<div class=\"elementor-element elementor-element-7ec9f37 elementor-widget__width-inherit elementor-widget elementor-widget-text-editor\" data-id=\"7ec9f37\" data-element_type=\"widget\" data-widget_type=\"text-editor.default\">\n\t\t\t\t<div class=\"elementor-widget-container\">\n\t\t\t\t\t\t\t\t\t<p>Unsere Anlage ist mit sieben gro\u00dfen, modernen Schneidmaschinen ausgestattet, deren Schneidtische bis zu 42 Meter lang sind. Alle Maschinen sind mit mehreren Gas- und Plasmabrennern zum Schneiden von Grobblech ausger\u00fcstet. Unsere Anlage bietet die M\u00f6glichkeit, unter Wasser zu schneiden, um die W\u00e4rmeeinflusszone zu minimieren und so die Arbeitsbedingungen unserer Schneidekr\u00e4fte zu verbessern.<\/p>\t\t\t\t\t\t\t\t<\/div>\n\t\t\t\t<\/div>\n\t\t\t\t<\/div>\n\t\t<div class=\"elementor-element elementor-element-458da3b e-con-full e-flex e-con e-child\" data-id=\"458da3b\" data-element_type=\"container\">\n\t\t<div class=\"elementor-element elementor-element-a3364d5 e-con-full e-flex e-con e-child\" data-id=\"a3364d5\" data-element_type=\"container\">\n\t\t\t\t<div class=\"elementor-element elementor-element-0afc2fc elementor-widget__width-initial elementor-widget elementor-widget-heading\" data-id=\"0afc2fc\" data-element_type=\"widget\" data-widget_type=\"heading.default\">\n\t\t\t\t<div class=\"elementor-widget-container\">\n\t\t\t\t\t<h3 class=\"elementor-heading-title elementor-size-default\">Kontakt<\/h3>\t\t\t\t<\/div>\n\t\t\t\t<\/div>\n\t\t\t\t<div class=\"elementor-element elementor-element-612ff88 elementor-widget elementor-widget-image\" data-id=\"612ff88\" data-element_type=\"widget\" data-widget_type=\"image.default\">\n\t\t\t\t<div class=\"elementor-widget-container\">\n\t\t\t\t\t\t\t\t\t\t\t\t\t\t\t<img decoding=\"async\" width=\"160\" height=\"120\" src=\"https:\/\/proplate.se\/wp-content\/uploads\/2025\/04\/1749.jpg\" class=\"attachment-large size-large wp-image-2412\" alt=\"Johan Svensson\" srcset=\"https:\/\/proplate.se\/wp-content\/uploads\/2025\/04\/1749.jpg 160w, https:\/\/proplate.se\/wp-content\/uploads\/2025\/04\/1749-16x12.jpg 16w\" sizes=\"(max-width: 160px) 100vw, 160px\" \/>\t\t\t\t\t\t\t\t\t\t\t\t\t\t\t<\/div>\n\t\t\t\t<\/div>\n\t\t\t\t<div class=\"elementor-element elementor-element-5356728 elementor-widget__width-auto elementor-widget elementor-widget-heading\" data-id=\"5356728\" data-element_type=\"widget\" data-widget_type=\"heading.default\">\n\t\t\t\t<div class=\"elementor-widget-container\">\n\t\t\t\t\t<h4 class=\"elementor-heading-title elementor-size-default\">Johan Svensson<\/h4>\t\t\t\t<\/div>\n\t\t\t\t<\/div>\n\t\t\t\t<div class=\"elementor-element elementor-element-5ec9688 elementor-widget elementor-widget-text-editor\" data-id=\"5ec9688\" data-element_type=\"widget\" data-widget_type=\"text-editor.default\">\n\t\t\t\t<div class=\"elementor-widget-container\">\n\t\t\t\t\t\t\t\t\t<p>Telefon: +46 (0)10-195 41 52<br \/>Mobil: +46 (0)<span class=\"cf0\">70-333 57 24<\/span><br \/>johan.svensson@proplate.se<\/p>\t\t\t\t\t\t\t\t<\/div>\n\t\t\t\t<\/div>\n\t\t\t\t<div class=\"elementor-element elementor-element-41635d8 elementor-widget__width-initial elementor-widget elementor-widget-heading\" data-id=\"41635d8\" data-element_type=\"widget\" data-widget_type=\"heading.default\">\n\t\t\t\t<div class=\"elementor-widget-container\">\n\t\t\t\t\t<h5 class=\"elementor-heading-title elementor-size-default\">Links<\/h5>\t\t\t\t<\/div>\n\t\t\t\t<\/div>\n\t\t\t\t<div class=\"elementor-element elementor-element-5505105 elementor-widget-divider--view-line elementor-widget elementor-widget-divider\" data-id=\"5505105\" data-element_type=\"widget\" data-widget_type=\"divider.default\">\n\t\t\t\t<div class=\"elementor-widget-container\">\n\t\t\t\t\t\t\t<div class=\"elementor-divider\">\n\t\t\t<span class=\"elementor-divider-separator\">\n\t\t\t\t\t\t<\/span>\n\t\t<\/div>\n\t\t\t\t\t\t<\/div>\n\t\t\t\t<\/div>\n\t\t\t\t<div class=\"elementor-element elementor-element-220a41f elementor-align-justify elementor-widget__width-inherit elementor-tablet-align-justify elementor-widget elementor-widget-button\" data-id=\"220a41f\" data-element_type=\"widget\" data-widget_type=\"button.default\">\n\t\t\t\t<div class=\"elementor-widget-container\">\n\t\t\t\t\t\t\t\t\t<div class=\"elementor-button-wrapper\">\n\t\t\t\t\t<a class=\"elementor-button elementor-button-link elementor-size-sm\" href=\"\/de\/produkte\/plasmaskneiden\/\">\n\t\t\t\t\t\t<span class=\"elementor-button-content-wrapper\">\n\t\t\t\t\t\t<span class=\"elementor-button-icon\">\n\t\t\t\t<i aria-hidden=\"true\" class=\"fas fa-arrow-right\"><\/i>\t\t\t<\/span>\n\t\t\t\t\t\t\t\t\t<span class=\"elementor-button-text\">Plasmaschneiden<\/span>\n\t\t\t\t\t<\/span>\n\t\t\t\t\t<\/a>\n\t\t\t\t<\/div>\n\t\t\t\t\t\t\t\t<\/div>\n\t\t\t\t<\/div>\n\t\t\t\t<div class=\"elementor-element elementor-element-ac53054 elementor-widget-divider--view-line elementor-widget elementor-widget-divider\" data-id=\"ac53054\" data-element_type=\"widget\" data-widget_type=\"divider.default\">\n\t\t\t\t<div class=\"elementor-widget-container\">\n\t\t\t\t\t\t\t<div class=\"elementor-divider\">\n\t\t\t<span class=\"elementor-divider-separator\">\n\t\t\t\t\t\t<\/span>\n\t\t<\/div>\n\t\t\t\t\t\t<\/div>\n\t\t\t\t<\/div>\n\t\t\t\t<\/div>\n\t\t\t\t<\/div>\n\t\t\t\t<\/div>\n\t\t\t\t\t<\/div>\n\t\t\t\t<\/div>\n\t\t<div class=\"elementor-element elementor-element-3e29706 e-flex e-con-boxed e-con e-parent\" data-id=\"3e29706\" data-element_type=\"container\" data-settings=\"{&quot;background_background&quot;:&quot;classic&quot;}\">\n\t\t\t\t\t<div class=\"e-con-inner\">\n\t\t<div class=\"elementor-element elementor-element-cd06c08 e-con-full e-flex e-con e-child\" data-id=\"cd06c08\" data-element_type=\"container\">\n\t\t<div class=\"elementor-element elementor-element-5982c0c e-con-full e-flex e-con e-child\" data-id=\"5982c0c\" data-element_type=\"container\">\n\t\t\t\t<div class=\"elementor-element elementor-element-4d7572a elementor-widget__width-inherit elementor-widget elementor-widget-heading\" data-id=\"4d7572a\" data-element_type=\"widget\" data-widget_type=\"heading.default\">\n\t\t\t\t<div class=\"elementor-widget-container\">\n\t\t\t\t\t<h3 class=\"elementor-heading-title elementor-size-default\">Kontakt<\/h3>\t\t\t\t<\/div>\n\t\t\t\t<\/div>\n\t\t\t\t<div class=\"elementor-element elementor-element-0f7c435 elementor-widget__width-initial elementor-widget elementor-widget-text-editor\" data-id=\"0f7c435\" data-element_type=\"widget\" data-widget_type=\"text-editor.default\">\n\t\t\t\t<div class=\"elementor-widget-container\">\n\t\t\t\t\t\t\t\t\t<p>Erfahren Sie, wie wir unsere Kunden dabei unterst\u00fctzen, ihre Ziele durch ma\u00dfgeschneiderte Stahlkomponenten und innovative L\u00f6sungen weltweit zu erreichen.<\/p>\t\t\t\t\t\t\t\t<\/div>\n\t\t\t\t<\/div>\n\t\t\t\t<\/div>\n\t\t<div class=\"elementor-element elementor-element-d983149 e-con-full e-flex e-con e-child\" data-id=\"d983149\" data-element_type=\"container\">\n\t\t\t\t<div class=\"elementor-element elementor-element-a076a21 elementor-button-align-stretch elementor-widget elementor-widget-form\" data-id=\"a076a21\" data-element_type=\"widget\" data-settings=\"{&quot;button_width&quot;:&quot;100&quot;,&quot;step_type&quot;:&quot;number_text&quot;,&quot;step_icon_shape&quot;:&quot;circle&quot;}\" data-widget_type=\"form.default\">\n\t\t\t\t<div class=\"elementor-widget-container\">\n\t\t\t\t\t\t\t<form class=\"elementor-form\" method=\"post\" name=\"Nytt formul\u00e4r\" action=\"\">\n\t\t\t<input type=\"hidden\" name=\"post_id\" value=\"1756\"\/>\n\t\t\t<input type=\"hidden\" name=\"form_id\" value=\"a076a21\"\/>\n\t\t\t<input type=\"hidden\" name=\"referer_title\" value=\"Proplate\" \/>\n\n\t\t\t\n\t\t\t<div class=\"elementor-form-fields-wrapper elementor-labels-\">\n\t\t\t\t\t\t\t\t<div class=\"elementor-field-type-text elementor-field-group elementor-column elementor-field-group-name elementor-col-100\">\n\t\t\t\t\t\t\t\t\t\t\t\t<label for=\"form-field-name\" class=\"elementor-field-label elementor-screen-only\">\n\t\t\t\t\t\t\t\tNamn\t\t\t\t\t\t\t<\/label>\n\t\t\t\t\t\t\t\t\t\t\t\t\t\t<input size=\"1\" type=\"text\" name=\"form_fields[name]\" id=\"form-field-name\" class=\"elementor-field elementor-size-sm  elementor-field-textual\" placeholder=\"Name*\">\n\t\t\t\t\t\t\t\t\t\t\t<\/div>\n\t\t\t\t\t\t\t\t<div class=\"elementor-field-type-email elementor-field-group elementor-column elementor-field-group-email elementor-col-100 elementor-field-required\">\n\t\t\t\t\t\t\t\t\t\t\t\t<label for=\"form-field-email\" class=\"elementor-field-label elementor-screen-only\">\n\t\t\t\t\t\t\t\tE-post\t\t\t\t\t\t\t<\/label>\n\t\t\t\t\t\t\t\t\t\t\t\t\t\t<input size=\"1\" type=\"email\" name=\"form_fields[email]\" id=\"form-field-email\" class=\"elementor-field elementor-size-sm  elementor-field-textual\" placeholder=\"E-Mail*\" required=\"required\">\n\t\t\t\t\t\t\t\t\t\t\t<\/div>\n\t\t\t\t\t\t\t\t<div class=\"elementor-field-type-text elementor-field-group elementor-column elementor-field-group-field_6527881 elementor-col-100 elementor-field-required\">\n\t\t\t\t\t\t\t\t\t\t\t\t<label for=\"form-field-field_6527881\" class=\"elementor-field-label elementor-screen-only\">\n\t\t\t\t\t\t\t\tF\u00f6retag\t\t\t\t\t\t\t<\/label>\n\t\t\t\t\t\t\t\t\t\t\t\t\t\t<input size=\"1\" type=\"text\" name=\"form_fields[field_6527881]\" id=\"form-field-field_6527881\" class=\"elementor-field elementor-size-sm  elementor-field-textual\" placeholder=\"Unternehmen*\" required=\"required\">\n\t\t\t\t\t\t\t\t\t\t\t<\/div>\n\t\t\t\t\t\t\t\t<div class=\"elementor-field-type-tel elementor-field-group elementor-column elementor-field-group-field_9d23489 elementor-col-100\">\n\t\t\t\t\t\t\t\t\t\t\t\t<label for=\"form-field-field_9d23489\" class=\"elementor-field-label elementor-screen-only\">\n\t\t\t\t\t\t\t\tTelefon\t\t\t\t\t\t\t<\/label>\n\t\t\t\t\t\t\t\t<input size=\"1\" type=\"tel\" name=\"form_fields[field_9d23489]\" id=\"form-field-field_9d23489\" class=\"elementor-field elementor-size-sm  elementor-field-textual\" placeholder=\"Telefon*\" pattern=\"[0-9()#&amp;+*-=.]+\" title=\"Nur Nummern oder Telefon-Zeichen (#, -, *, etc) werden akzeptiert.\">\n\n\t\t\t\t\t\t<\/div>\n\t\t\t\t\t\t\t\t<div class=\"elementor-field-type-textarea elementor-field-group elementor-column elementor-field-group-message elementor-col-100\">\n\t\t\t\t\t\t\t\t\t\t\t\t<label for=\"form-field-message\" class=\"elementor-field-label elementor-screen-only\">\n\t\t\t\t\t\t\t\tMeddelande\t\t\t\t\t\t\t<\/label>\n\t\t\t\t\t\t<textarea class=\"elementor-field-textual elementor-field  elementor-size-sm\" name=\"form_fields[message]\" id=\"form-field-message\" rows=\"4\" placeholder=\"Nachricht*\"><\/textarea>\t\t\t\t<\/div>\n\t\t\t\t\t\t\t\t<div class=\"elementor-field-group elementor-column elementor-field-type-submit elementor-col-100 e-form__buttons\">\n\t\t\t\t\t<button class=\"elementor-button elementor-size-sm\" type=\"submit\">\n\t\t\t\t\t\t<span class=\"elementor-button-content-wrapper\">\n\t\t\t\t\t\t\t\t\t\t\t\t\t\t\t<span class=\"elementor-button-icon\">\n\t\t\t\t\t\t\t\t\t<i aria-hidden=\"true\" class=\"fas fa-arrow-right\"><\/i>\t\t\t\t\t\t\t\t\t\t\t\t\t\t\t\t\t<\/span>\n\t\t\t\t\t\t\t\t\t\t\t\t\t\t\t\t\t\t\t\t\t\t<span class=\"elementor-button-text\">Anfrage senden<\/span>\n\t\t\t\t\t\t\t\t\t\t\t\t\t<\/span>\n\t\t\t\t\t<\/button>\n\t\t\t\t<\/div>\n\t\t\t<\/div>\n\t\t<input type=\"hidden\" name=\"trp-form-language\" value=\"de\"\/><\/form>\n\t\t\t\t\t\t<\/div>\n\t\t\t\t<\/div>\n\t\t\t\t<\/div>\n\t\t\t\t<\/div>\n\t\t\t\t\t<\/div>\n\t\t\t\t<\/div>\n\t\t\t\t<\/div>","protected":false},"excerpt":{"rendered":"<p>Gassk\u00e4rning Gassk\u00e4rning \u00f6verl\u00e4gsen metod f\u00f6r att sk\u00e4ra tjock grovpl\u00e5t V\u00e5ra gasbr\u00e4nnare har kapacitet att sk\u00e4ra upp till 300 mm tjockt st\u00e5l. Samtliga sju sk\u00e4rmaskiner \u00e4r anpassade f\u00f6r sk\u00e4rning av stora komponenter. Den st\u00f6rsta maskinen har ett 42 meter l\u00e5ngt sk\u00e4rbord, vilket effektiviserar produktionen och minskar st\u00e4lltider, d\u00e5 vi kan sk\u00e4ra en pl\u00e5t samtidigt som vi [&hellip;]<\/p>","protected":false},"author":5,"featured_media":0,"parent":308,"menu_order":0,"comment_status":"closed","ping_status":"closed","template":"","meta":{"footnotes":""},"class_list":["post-1756","page","type-page","status-publish","hentry"],"yoast_head":"<!-- This site is optimized with the Yoast SEO plugin v25.1 - https:\/\/yoast.com\/wordpress\/plugins\/seo\/ -->\n<title>Gassk\u00e4rning | Proplate - Globala st\u00e5ll\u00f6sningar<\/title>\n<meta name=\"description\" content=\"Gassk\u00e4rning \u00e4r en \u00f6verl\u00e4gsen metod f\u00f6r att sk\u00e4ra i riktigt tjock grovpl\u00e5t. V\u00e5ra gasbr\u00e4nnare kan sk\u00e4ra upp till 300 mm tjockt st\u00e5l.\" \/>\n<meta name=\"robots\" content=\"index, follow, max-snippet:-1, max-image-preview:large, max-video-preview:-1\" \/>\n<link rel=\"canonical\" href=\"https:\/\/proplate.se\/de\/produkte\/gasschneiden\/\" \/>\n<meta property=\"og:locale\" content=\"de_DE\" \/>\n<meta property=\"og:type\" content=\"article\" \/>\n<meta property=\"og:title\" content=\"Gassk\u00e4rning | Proplate - Globala st\u00e5ll\u00f6sningar\" \/>\n<meta property=\"og:description\" content=\"Gassk\u00e4rning \u00e4r en \u00f6verl\u00e4gsen metod f\u00f6r att sk\u00e4ra i riktigt tjock grovpl\u00e5t. V\u00e5ra gasbr\u00e4nnare kan sk\u00e4ra upp till 300 mm tjockt st\u00e5l.\" \/>\n<meta property=\"og:url\" content=\"https:\/\/proplate.se\/de\/produkte\/gasschneiden\/\" \/>\n<meta property=\"og:site_name\" content=\"Proplate\" \/>\n<meta property=\"article:modified_time\" content=\"2025-04-22T18:22:49+00:00\" \/>\n<meta property=\"og:image\" content=\"https:\/\/proplate.se\/wp-content\/uploads\/2025\/02\/proplate-skarning.jpeg\" \/>\n\t<meta property=\"og:image:width\" content=\"1200\" \/>\n\t<meta property=\"og:image:height\" content=\"800\" \/>\n\t<meta property=\"og:image:type\" content=\"image\/jpeg\" \/>\n<meta name=\"twitter:card\" content=\"summary_large_image\" \/>\n<meta name=\"twitter:label1\" content=\"Gesch\u00e4tzte Lesezeit\" \/>\n\t<meta name=\"twitter:data1\" content=\"2\u00a0Minuten\" \/>\n<script type=\"application\/ld+json\" class=\"yoast-schema-graph\">{\"@context\":\"https:\/\/schema.org\",\"@graph\":[{\"@type\":\"WebPage\",\"@id\":\"https:\/\/proplate.se\/produkter\/gasskarning\/\",\"url\":\"https:\/\/proplate.se\/produkter\/gasskarning\/\",\"name\":\"Gassk\u00e4rning | Proplate - Globala st\u00e5ll\u00f6sningar\",\"isPartOf\":{\"@id\":\"https:\/\/proplate.se\/#website\"},\"primaryImageOfPage\":{\"@id\":\"https:\/\/proplate.se\/produkter\/gasskarning\/#primaryimage\"},\"image\":{\"@id\":\"https:\/\/proplate.se\/produkter\/gasskarning\/#primaryimage\"},\"thumbnailUrl\":\"https:\/\/proplate.se\/wp-content\/uploads\/2025\/02\/proplate-skarning-1024x683.jpeg\",\"datePublished\":\"2025-03-04T13:34:47+00:00\",\"dateModified\":\"2025-04-22T18:22:49+00:00\",\"description\":\"Gassk\u00e4rning \u00e4r en \u00f6verl\u00e4gsen metod f\u00f6r att sk\u00e4ra i riktigt tjock grovpl\u00e5t. V\u00e5ra gasbr\u00e4nnare kan sk\u00e4ra upp till 300 mm tjockt st\u00e5l.\",\"breadcrumb\":{\"@id\":\"https:\/\/proplate.se\/produkter\/gasskarning\/#breadcrumb\"},\"inLanguage\":\"de\",\"potentialAction\":[{\"@type\":\"ReadAction\",\"target\":[\"https:\/\/proplate.se\/produkter\/gasskarning\/\"]}]},{\"@type\":\"ImageObject\",\"inLanguage\":\"de\",\"@id\":\"https:\/\/proplate.se\/produkter\/gasskarning\/#primaryimage\",\"url\":\"https:\/\/proplate.se\/wp-content\/uploads\/2025\/02\/proplate-skarning-1024x683.jpeg\",\"contentUrl\":\"https:\/\/proplate.se\/wp-content\/uploads\/2025\/02\/proplate-skarning-1024x683.jpeg\"},{\"@type\":\"BreadcrumbList\",\"@id\":\"https:\/\/proplate.se\/produkter\/gasskarning\/#breadcrumb\",\"itemListElement\":[{\"@type\":\"ListItem\",\"position\":1,\"name\":\"Hem\",\"item\":\"https:\/\/proplate.se\/\"},{\"@type\":\"ListItem\",\"position\":2,\"name\":\"Produkter\",\"item\":\"https:\/\/proplate.se\/produkter\/\"},{\"@type\":\"ListItem\",\"position\":3,\"name\":\"Gassk\u00e4rning\"}]},{\"@type\":\"WebSite\",\"@id\":\"https:\/\/proplate.se\/#website\",\"url\":\"https:\/\/proplate.se\/\",\"name\":\"Proplate\",\"description\":\"\",\"potentialAction\":[{\"@type\":\"SearchAction\",\"target\":{\"@type\":\"EntryPoint\",\"urlTemplate\":\"https:\/\/proplate.se\/?s={search_term_string}\"},\"query-input\":{\"@type\":\"PropertyValueSpecification\",\"valueRequired\":true,\"valueName\":\"search_term_string\"}}],\"inLanguage\":\"de\"}]}<\/script>\n<!-- \/ Yoast SEO plugin. -->","yoast_head_json":{"title":"Gassk\u00e4rning | Proplate - Globala st\u00e5ll\u00f6sningar","description":"Gassk\u00e4rning \u00e4r en \u00f6verl\u00e4gsen metod f\u00f6r att sk\u00e4ra i riktigt tjock grovpl\u00e5t. V\u00e5ra gasbr\u00e4nnare kan sk\u00e4ra upp till 300 mm tjockt st\u00e5l.","robots":{"index":"index","follow":"follow","max-snippet":"max-snippet:-1","max-image-preview":"max-image-preview:large","max-video-preview":"max-video-preview:-1"},"canonical":"https:\/\/proplate.se\/de\/produkte\/gasschneiden\/","og_locale":"de_DE","og_type":"article","og_title":"Gassk\u00e4rning | Proplate - Globala st\u00e5ll\u00f6sningar","og_description":"Gassk\u00e4rning \u00e4r en \u00f6verl\u00e4gsen metod f\u00f6r att sk\u00e4ra i riktigt tjock grovpl\u00e5t. V\u00e5ra gasbr\u00e4nnare kan sk\u00e4ra upp till 300 mm tjockt st\u00e5l.","og_url":"https:\/\/proplate.se\/de\/produkte\/gasschneiden\/","og_site_name":"Proplate","article_modified_time":"2025-04-22T18:22:49+00:00","og_image":[{"width":1200,"height":800,"url":"https:\/\/proplate.se\/wp-content\/uploads\/2025\/02\/proplate-skarning.jpeg","type":"image\/jpeg"}],"twitter_card":"summary_large_image","twitter_misc":{"Gesch\u00e4tzte Lesezeit":"2\u00a0Minuten"},"schema":{"@context":"https:\/\/schema.org","@graph":[{"@type":"WebPage","@id":"https:\/\/proplate.se\/produkter\/gasskarning\/","url":"https:\/\/proplate.se\/produkter\/gasskarning\/","name":"Gassk\u00e4rning | Proplate - Globala st\u00e5ll\u00f6sningar","isPartOf":{"@id":"https:\/\/proplate.se\/#website"},"primaryImageOfPage":{"@id":"https:\/\/proplate.se\/produkter\/gasskarning\/#primaryimage"},"image":{"@id":"https:\/\/proplate.se\/produkter\/gasskarning\/#primaryimage"},"thumbnailUrl":"https:\/\/proplate.se\/wp-content\/uploads\/2025\/02\/proplate-skarning-1024x683.jpeg","datePublished":"2025-03-04T13:34:47+00:00","dateModified":"2025-04-22T18:22:49+00:00","description":"Gassk\u00e4rning \u00e4r en \u00f6verl\u00e4gsen metod f\u00f6r att sk\u00e4ra i riktigt tjock grovpl\u00e5t. V\u00e5ra gasbr\u00e4nnare kan sk\u00e4ra upp till 300 mm tjockt st\u00e5l.","breadcrumb":{"@id":"https:\/\/proplate.se\/produkter\/gasskarning\/#breadcrumb"},"inLanguage":"de","potentialAction":[{"@type":"ReadAction","target":["https:\/\/proplate.se\/produkter\/gasskarning\/"]}]},{"@type":"ImageObject","inLanguage":"de","@id":"https:\/\/proplate.se\/produkter\/gasskarning\/#primaryimage","url":"https:\/\/proplate.se\/wp-content\/uploads\/2025\/02\/proplate-skarning-1024x683.jpeg","contentUrl":"https:\/\/proplate.se\/wp-content\/uploads\/2025\/02\/proplate-skarning-1024x683.jpeg"},{"@type":"BreadcrumbList","@id":"https:\/\/proplate.se\/produkter\/gasskarning\/#breadcrumb","itemListElement":[{"@type":"ListItem","position":1,"name":"Hem","item":"https:\/\/proplate.se\/"},{"@type":"ListItem","position":2,"name":"Produkter","item":"https:\/\/proplate.se\/produkter\/"},{"@type":"ListItem","position":3,"name":"Gassk\u00e4rning"}]},{"@type":"WebSite","@id":"https:\/\/proplate.se\/#website","url":"https:\/\/proplate.se\/","name":"Proplate","description":"","potentialAction":[{"@type":"SearchAction","target":{"@type":"EntryPoint","urlTemplate":"https:\/\/proplate.se\/?s={search_term_string}"},"query-input":{"@type":"PropertyValueSpecification","valueRequired":true,"valueName":"search_term_string"}}],"inLanguage":"de"}]}},"_links":{"self":[{"href":"https:\/\/proplate.se\/de\/wp-json\/wp\/v2\/pages\/1756","targetHints":{"allow":["GET"]}}],"collection":[{"href":"https:\/\/proplate.se\/de\/wp-json\/wp\/v2\/pages"}],"about":[{"href":"https:\/\/proplate.se\/de\/wp-json\/wp\/v2\/types\/page"}],"author":[{"embeddable":true,"href":"https:\/\/proplate.se\/de\/wp-json\/wp\/v2\/users\/5"}],"replies":[{"embeddable":true,"href":"https:\/\/proplate.se\/de\/wp-json\/wp\/v2\/comments?post=1756"}],"version-history":[{"count":22,"href":"https:\/\/proplate.se\/de\/wp-json\/wp\/v2\/pages\/1756\/revisions"}],"predecessor-version":[{"id":2994,"href":"https:\/\/proplate.se\/de\/wp-json\/wp\/v2\/pages\/1756\/revisions\/2994"}],"up":[{"embeddable":true,"href":"https:\/\/proplate.se\/de\/wp-json\/wp\/v2\/pages\/308"}],"wp:attachment":[{"href":"https:\/\/proplate.se\/de\/wp-json\/wp\/v2\/media?parent=1756"}],"curies":[{"name":"wp","href":"https:\/\/api.w.org\/{rel}","templated":true}]}}