{"id":1684,"date":"2025-02-27T22:25:13","date_gmt":"2025-02-27T21:25:13","guid":{"rendered":"https:\/\/proplate.se\/?page_id=1684"},"modified":"2025-04-22T20:58:56","modified_gmt":"2025-04-22T19:58:56","slug":"foretagsfakta","status":"publish","type":"page","link":"https:\/\/proplate.se\/de\/ueber-uns\/foretagsfakta\/","title":{"rendered":"F\u00f6retagsfakta"},"content":{"rendered":"<div data-elementor-type=\"wp-page\" data-elementor-id=\"1684\" class=\"elementor elementor-1684\" data-elementor-post-type=\"page\">\n\t\t\t\t<div class=\"elementor-element elementor-element-609a1f2 e-flex e-con-boxed e-con e-parent\" data-id=\"609a1f2\" data-element_type=\"container\" data-settings=\"{&quot;background_background&quot;:&quot;classic&quot;}\">\n\t\t\t\t\t<div class=\"e-con-inner\">\n\t\t<div class=\"elementor-element elementor-element-388de7b e-con-full e-flex e-con e-child\" data-id=\"388de7b\" data-element_type=\"container\">\n\t\t\t\t<div class=\"elementor-element elementor-element-a80665e elementor-widget__width-inherit elementor-widget-tablet__width-initial elementor-widget elementor-widget-heading\" data-id=\"a80665e\" data-element_type=\"widget\" data-widget_type=\"heading.default\">\n\t\t\t\t<div class=\"elementor-widget-container\">\n\t\t\t\t\t<h1 class=\"elementor-heading-title elementor-size-default\">F\u00f6retagsfakta<\/h1>\t\t\t\t<\/div>\n\t\t\t\t<\/div>\n\t\t\t\t<\/div>\n\t\t\t\t\t<\/div>\n\t\t\t\t<\/div>\n\t\t<div class=\"elementor-element elementor-element-00b3e17 e-flex e-con-boxed e-con e-parent\" data-id=\"00b3e17\" data-element_type=\"container\" data-settings=\"{&quot;background_background&quot;:&quot;classic&quot;}\">\n\t\t\t\t\t<div class=\"e-con-inner\">\n\t\t<div class=\"elementor-element elementor-element-694bf82 e-con-full e-flex e-con e-child\" data-id=\"694bf82\" data-element_type=\"container\">\n\t\t<div class=\"elementor-element elementor-element-07878cd e-con-full e-flex e-con e-child\" data-id=\"07878cd\" data-element_type=\"container\">\n\t\t\t\t<div class=\"elementor-element elementor-element-e17d1b8 elementor-widget__width-inherit elementor-widget elementor-widget-heading\" data-id=\"e17d1b8\" data-element_type=\"widget\" data-widget_type=\"heading.default\">\n\t\t\t\t<div class=\"elementor-widget-container\">\n\t\t\t\t\t<h2 class=\"elementor-heading-title elementor-size-default\">\u00d6ver 150 \u00e5rs erfarenhet inom st\u00e5lindustrin<\/h2>\t\t\t\t<\/div>\n\t\t\t\t<\/div>\n\t\t\t\t<div class=\"elementor-element elementor-element-3bfe8f4 elementor-widget__width-inherit elementor-widget elementor-widget-text-editor\" data-id=\"3bfe8f4\" data-element_type=\"widget\" data-widget_type=\"text-editor.default\">\n\t\t\t\t<div class=\"elementor-widget-container\">\n\t\t\t\t\t\t\t\t\t<p data-pm-slice=\"1 1 []\">Med \u00f6ver 150 \u00e5rs erfarenhet fr\u00e5n st\u00e5lindustrin har Proplate utvecklats fr\u00e5n en liten smedja till en global ledande leverant\u00f6r av h\u00f6gkvalitativa st\u00e5lkomponenter. V\u00e5r resa b\u00f6rjade 1869 n\u00e4r m\u00e4stersmeden Per Andersson grundade sin smedja, vilket lade grunden f\u00f6r ett familjef\u00f6retag som har blomstrat i fem generationer.<\/p><p>\u00c5r 2000 \u00f6ppnade vi Proplate Oxel\u00f6sund, bel\u00e4get intill SSAB:s st\u00e5lverk. Det var en expansion som gjorde det m\u00f6jligt att effektivt f\u00f6r\u00e4dla och bearbeta b\u00e5de standard- och h\u00f6gh\u00e5llfast st\u00e5l. V\u00e5r personalstyrka v\u00e4xte snabbt fr\u00e5n sju anst\u00e4llda till cirka 100, vilket speglar v\u00e5rt engagemang f\u00f6r innovation och kvalitet.<\/p><p>Idag har vi en toppmodern produktionsanl\u00e4ggning p\u00e5 59 000 m\u00b2 i Oxel\u00f6sund och startade v\u00e5ren 2025 upp en anl\u00e4ggning i Mobile, Alabama.<\/p><p>Vi tillverkar stora, komplexa komponenter i grovpl\u00e5t och erbjuder en komplett processkedja, inklusive sk\u00e4rning, bearbetning, svetsning och ytbehandling, f\u00f6r att s\u00e4kerst\u00e4lla att v\u00e5ra kunder f\u00e5r monteringsf\u00e4rdiga st\u00e5ldetaljer av h\u00f6gsta kvalitet.<\/p><p>V\u00e5r n\u00e4rhet till SSAB och Oxel\u00f6sunds hamn g\u00f6r att vi kan leverera v\u00e5ra produkter effektivt till industrier \u00f6ver hela v\u00e4rlden. F\u00f6r att st\u00e4rka v\u00e5r n\u00e4rvaro p\u00e5 den amerikanska marknaden etablerade vi Proplate USA Inc. i Chicago 2019, d\u00e4r vi jobbar mot sektorer som lyftkranar, vindkraft, gruvdrift och entreprenadmaskiner.<\/p>\t\t\t\t\t\t\t\t<\/div>\n\t\t\t\t<\/div>\n\t\t\t\t<div class=\"elementor-element elementor-element-1e059b7 elementor-widget elementor-widget-image\" data-id=\"1e059b7\" data-element_type=\"widget\" data-widget_type=\"image.default\">\n\t\t\t\t<div class=\"elementor-widget-container\">\n\t\t\t\t\t\t\t\t\t\t\t\t\t\t\t<img fetchpriority=\"high\" decoding=\"async\" width=\"800\" height=\"688\" src=\"https:\/\/proplate.se\/wp-content\/uploads\/2025\/04\/cutting-1024x880.jpg\" class=\"attachment-large size-large wp-image-2298\" alt=\"Sk\u00e4rmaskin fr\u00e5n 1970-talet.\" srcset=\"https:\/\/proplate.se\/wp-content\/uploads\/2025\/04\/cutting-1024x880.jpg 1024w, https:\/\/proplate.se\/wp-content\/uploads\/2025\/04\/cutting-300x258.jpg 300w, https:\/\/proplate.se\/wp-content\/uploads\/2025\/04\/cutting-768x660.jpg 768w, https:\/\/proplate.se\/wp-content\/uploads\/2025\/04\/cutting-1536x1321.jpg 1536w, https:\/\/proplate.se\/wp-content\/uploads\/2025\/04\/cutting-2048x1761.jpg 2048w, https:\/\/proplate.se\/wp-content\/uploads\/2025\/04\/cutting-14x12.jpg 14w\" sizes=\"(max-width: 800px) 100vw, 800px\" \/>\t\t\t\t\t\t\t\t\t\t\t\t\t\t\t<\/div>\n\t\t\t\t<\/div>\n\t\t\t\t<div class=\"elementor-element elementor-element-ab1d0d2 elementor-widget__width-inherit elementor-widget elementor-widget-heading\" data-id=\"ab1d0d2\" data-element_type=\"widget\" data-widget_type=\"heading.default\">\n\t\t\t\t<div class=\"elementor-widget-container\">\n\t\t\t\t\t<h2 class=\"elementor-heading-title elementor-size-default\">Mer fakta om v\u00e5ra produkter<\/h2>\t\t\t\t<\/div>\n\t\t\t\t<\/div>\n\t\t\t\t<div class=\"elementor-element elementor-element-c0f87d3 elementor-widget__width-inherit elementor-widget elementor-widget-text-editor\" data-id=\"c0f87d3\" data-element_type=\"widget\" data-widget_type=\"text-editor.default\">\n\t\t\t\t<div class=\"elementor-widget-container\">\n\t\t\t\t\t\t\t\t\t<p>Ladda g\u00e4rna ner v\u00e5ra broschyrer f\u00f6r att l\u00e4sa mer:<\/p><ul><li><a href=\"https:\/\/proplate.se\/wp-content\/uploads\/2025\/04\/Proplate_Vindkraftsfundament_Broschyr.pdf\">Windkraftfundamente<\/a><\/li><li><a href=\"https:\/\/proplate.se\/wp-content\/uploads\/2025\/04\/Proplate_lifting_straps_broschure_EN.pdf\">Stag till lyftkranar (engelska)<\/a><\/li><\/ul>\t\t\t\t\t\t\t\t<\/div>\n\t\t\t\t<\/div>\n\t\t\t\t<\/div>\n\t\t<div class=\"elementor-element elementor-element-939d94b e-con-full e-flex e-con e-child\" data-id=\"939d94b\" data-element_type=\"container\">\n\t\t<div class=\"elementor-element elementor-element-9b08148 e-con-full e-flex e-con e-child\" data-id=\"9b08148\" data-element_type=\"container\">\n\t\t\t\t<div class=\"elementor-element elementor-element-1e36642 elementor-widget__width-initial elementor-widget elementor-widget-heading\" data-id=\"1e36642\" data-element_type=\"widget\" data-widget_type=\"heading.default\">\n\t\t\t\t<div class=\"elementor-widget-container\">\n\t\t\t\t\t<h3 class=\"elementor-heading-title elementor-size-default\">Kontakt<\/h3>\t\t\t\t<\/div>\n\t\t\t\t<\/div>\n\t\t\t\t<div class=\"elementor-element elementor-element-c344068 elementor-widget elementor-widget-image\" data-id=\"c344068\" data-element_type=\"widget\" data-widget_type=\"image.default\">\n\t\t\t\t<div class=\"elementor-widget-container\">\n\t\t\t\t\t\t\t\t\t\t\t\t\t\t\t<img decoding=\"async\" width=\"160\" height=\"120\" src=\"https:\/\/proplate.se\/wp-content\/uploads\/2025\/04\/1749.jpg\" class=\"attachment-large size-large wp-image-2412\" alt=\"Johan Svensson\" srcset=\"https:\/\/proplate.se\/wp-content\/uploads\/2025\/04\/1749.jpg 160w, https:\/\/proplate.se\/wp-content\/uploads\/2025\/04\/1749-16x12.jpg 16w\" sizes=\"(max-width: 160px) 100vw, 160px\" \/>\t\t\t\t\t\t\t\t\t\t\t\t\t\t\t<\/div>\n\t\t\t\t<\/div>\n\t\t\t\t<div class=\"elementor-element elementor-element-cff8922 elementor-widget__width-auto elementor-widget elementor-widget-heading\" data-id=\"cff8922\" data-element_type=\"widget\" data-widget_type=\"heading.default\">\n\t\t\t\t<div class=\"elementor-widget-container\">\n\t\t\t\t\t<h4 class=\"elementor-heading-title elementor-size-default\">Johan Svensson<\/h4>\t\t\t\t<\/div>\n\t\t\t\t<\/div>\n\t\t\t\t<div class=\"elementor-element elementor-element-9eae1b2 elementor-widget elementor-widget-text-editor\" data-id=\"9eae1b2\" data-element_type=\"widget\" data-widget_type=\"text-editor.default\">\n\t\t\t\t<div class=\"elementor-widget-container\">\n\t\t\t\t\t\t\t\t\t<p>Telefon: +46 (0)10-195 41 52<br \/>Mobil: +46 (0)<span class=\"cf0\">70-333 57 24<\/span><br \/>johan.svensson@proplate.se<\/p>\t\t\t\t\t\t\t\t<\/div>\n\t\t\t\t<\/div>\n\t\t\t\t<div class=\"elementor-element elementor-element-6a1dd67 elementor-widget__width-initial elementor-widget elementor-widget-heading\" data-id=\"6a1dd67\" data-element_type=\"widget\" data-widget_type=\"heading.default\">\n\t\t\t\t<div class=\"elementor-widget-container\">\n\t\t\t\t\t<h5 class=\"elementor-heading-title elementor-size-default\">\u00dcber uns<\/h5>\t\t\t\t<\/div>\n\t\t\t\t<\/div>\n\t\t\t\t<div class=\"elementor-element elementor-element-2b5a37b elementor-widget-divider--view-line elementor-widget elementor-widget-divider\" data-id=\"2b5a37b\" data-element_type=\"widget\" data-widget_type=\"divider.default\">\n\t\t\t\t<div class=\"elementor-widget-container\">\n\t\t\t\t\t\t\t<div class=\"elementor-divider\">\n\t\t\t<span class=\"elementor-divider-separator\">\n\t\t\t\t\t\t<\/span>\n\t\t<\/div>\n\t\t\t\t\t\t<\/div>\n\t\t\t\t<\/div>\n\t\t\t\t<div class=\"elementor-element elementor-element-2e49a8d elementor-align-justify elementor-widget__width-inherit elementor-tablet-align-justify elementor-widget elementor-widget-button\" data-id=\"2e49a8d\" data-element_type=\"widget\" data-widget_type=\"button.default\">\n\t\t\t\t<div class=\"elementor-widget-container\">\n\t\t\t\t\t\t\t\t\t<div class=\"elementor-button-wrapper\">\n\t\t\t\t\t<a class=\"elementor-button elementor-button-link elementor-size-sm\" href=\"\/de\/ueber-uns\/foretagsfakta\/\">\n\t\t\t\t\t\t<span class=\"elementor-button-content-wrapper\">\n\t\t\t\t\t\t<span class=\"elementor-button-icon\">\n\t\t\t\t<i aria-hidden=\"true\" class=\"fas fa-arrow-right\"><\/i>\t\t\t<\/span>\n\t\t\t\t\t\t\t\t\t<span class=\"elementor-button-text\">F\u00f6retagsfakta<\/span>\n\t\t\t\t\t<\/span>\n\t\t\t\t\t<\/a>\n\t\t\t\t<\/div>\n\t\t\t\t\t\t\t\t<\/div>\n\t\t\t\t<\/div>\n\t\t\t\t<div class=\"elementor-element elementor-element-837b790 elementor-widget-divider--view-line elementor-widget elementor-widget-divider\" data-id=\"837b790\" data-element_type=\"widget\" data-widget_type=\"divider.default\">\n\t\t\t\t<div class=\"elementor-widget-container\">\n\t\t\t\t\t\t\t<div class=\"elementor-divider\">\n\t\t\t<span class=\"elementor-divider-separator\">\n\t\t\t\t\t\t<\/span>\n\t\t<\/div>\n\t\t\t\t\t\t<\/div>\n\t\t\t\t<\/div>\n\t\t\t\t<div class=\"elementor-element elementor-element-4acf7fc elementor-align-justify elementor-widget__width-inherit elementor-tablet-align-justify elementor-widget elementor-widget-button\" data-id=\"4acf7fc\" data-element_type=\"widget\" data-widget_type=\"button.default\">\n\t\t\t\t<div class=\"elementor-widget-container\">\n\t\t\t\t\t\t\t\t\t<div class=\"elementor-button-wrapper\">\n\t\t\t\t\t<a class=\"elementor-button elementor-button-link elementor-size-sm\" href=\"\/de\/ueber-uns\/maschinenpark\/\">\n\t\t\t\t\t\t<span class=\"elementor-button-content-wrapper\">\n\t\t\t\t\t\t<span class=\"elementor-button-icon\">\n\t\t\t\t<i aria-hidden=\"true\" class=\"fas fa-arrow-right\"><\/i>\t\t\t<\/span>\n\t\t\t\t\t\t\t\t\t<span class=\"elementor-button-text\">Maschinenpark<\/span>\n\t\t\t\t\t<\/span>\n\t\t\t\t\t<\/a>\n\t\t\t\t<\/div>\n\t\t\t\t\t\t\t\t<\/div>\n\t\t\t\t<\/div>\n\t\t\t\t<div class=\"elementor-element elementor-element-6077535 elementor-widget-divider--view-line elementor-widget elementor-widget-divider\" data-id=\"6077535\" data-element_type=\"widget\" data-widget_type=\"divider.default\">\n\t\t\t\t<div class=\"elementor-widget-container\">\n\t\t\t\t\t\t\t<div class=\"elementor-divider\">\n\t\t\t<span class=\"elementor-divider-separator\">\n\t\t\t\t\t\t<\/span>\n\t\t<\/div>\n\t\t\t\t\t\t<\/div>\n\t\t\t\t<\/div>\n\t\t\t\t<div class=\"elementor-element elementor-element-0269ec5 elementor-align-justify elementor-widget__width-inherit elementor-tablet-align-justify elementor-widget elementor-widget-button\" data-id=\"0269ec5\" data-element_type=\"widget\" data-widget_type=\"button.default\">\n\t\t\t\t<div class=\"elementor-widget-container\">\n\t\t\t\t\t\t\t\t\t<div class=\"elementor-button-wrapper\">\n\t\t\t\t\t<a class=\"elementor-button elementor-button-link elementor-size-sm\" href=\"\/de\/ueber-uns\/zertifizierungen\/\">\n\t\t\t\t\t\t<span class=\"elementor-button-content-wrapper\">\n\t\t\t\t\t\t<span class=\"elementor-button-icon\">\n\t\t\t\t<i aria-hidden=\"true\" class=\"fas fa-arrow-right\"><\/i>\t\t\t<\/span>\n\t\t\t\t\t\t\t\t\t<span class=\"elementor-button-text\">Zertifizierungen<\/span>\n\t\t\t\t\t<\/span>\n\t\t\t\t\t<\/a>\n\t\t\t\t<\/div>\n\t\t\t\t\t\t\t\t<\/div>\n\t\t\t\t<\/div>\n\t\t\t\t<div class=\"elementor-element elementor-element-7616942 elementor-widget-divider--view-line elementor-widget elementor-widget-divider\" data-id=\"7616942\" data-element_type=\"widget\" data-widget_type=\"divider.default\">\n\t\t\t\t<div class=\"elementor-widget-container\">\n\t\t\t\t\t\t\t<div class=\"elementor-divider\">\n\t\t\t<span class=\"elementor-divider-separator\">\n\t\t\t\t\t\t<\/span>\n\t\t<\/div>\n\t\t\t\t\t\t<\/div>\n\t\t\t\t<\/div>\n\t\t\t\t<div class=\"elementor-element elementor-element-bfccc99 elementor-align-justify elementor-widget__width-inherit elementor-tablet-align-justify elementor-widget elementor-widget-button\" data-id=\"bfccc99\" data-element_type=\"widget\" data-widget_type=\"button.default\">\n\t\t\t\t<div class=\"elementor-widget-container\">\n\t\t\t\t\t\t\t\t\t<div class=\"elementor-button-wrapper\">\n\t\t\t\t\t<a class=\"elementor-button elementor-button-link elementor-size-sm\" href=\"\/de\/ueber-uns\/csr-und-nachhaltigkeit\/\">\n\t\t\t\t\t\t<span class=\"elementor-button-content-wrapper\">\n\t\t\t\t\t\t<span class=\"elementor-button-icon\">\n\t\t\t\t<i aria-hidden=\"true\" class=\"fas fa-arrow-right\"><\/i>\t\t\t<\/span>\n\t\t\t\t\t\t\t\t\t<span class=\"elementor-button-text\">CSR und Nachhaltigkeit<\/span>\n\t\t\t\t\t<\/span>\n\t\t\t\t\t<\/a>\n\t\t\t\t<\/div>\n\t\t\t\t\t\t\t\t<\/div>\n\t\t\t\t<\/div>\n\t\t\t\t<div class=\"elementor-element elementor-element-a9f9aec elementor-widget-divider--view-line elementor-widget elementor-widget-divider\" data-id=\"a9f9aec\" data-element_type=\"widget\" data-widget_type=\"divider.default\">\n\t\t\t\t<div class=\"elementor-widget-container\">\n\t\t\t\t\t\t\t<div class=\"elementor-divider\">\n\t\t\t<span class=\"elementor-divider-separator\">\n\t\t\t\t\t\t<\/span>\n\t\t<\/div>\n\t\t\t\t\t\t<\/div>\n\t\t\t\t<\/div>\n\t\t\t\t<div class=\"elementor-element elementor-element-338c4e7 elementor-align-justify elementor-widget__width-inherit elementor-tablet-align-justify elementor-widget elementor-widget-button\" data-id=\"338c4e7\" data-element_type=\"widget\" data-widget_type=\"button.default\">\n\t\t\t\t<div class=\"elementor-widget-container\">\n\t\t\t\t\t\t\t\t\t<div class=\"elementor-button-wrapper\">\n\t\t\t\t\t<a class=\"elementor-button elementor-button-link elementor-size-sm\" href=\"\/de\/presse\/\">\n\t\t\t\t\t\t<span class=\"elementor-button-content-wrapper\">\n\t\t\t\t\t\t<span class=\"elementor-button-icon\">\n\t\t\t\t<i aria-hidden=\"true\" class=\"fas fa-arrow-right\"><\/i>\t\t\t<\/span>\n\t\t\t\t\t\t\t\t\t<span class=\"elementor-button-text\">Pressematerial<\/span>\n\t\t\t\t\t<\/span>\n\t\t\t\t\t<\/a>\n\t\t\t\t<\/div>\n\t\t\t\t\t\t\t\t<\/div>\n\t\t\t\t<\/div>\n\t\t\t\t<div class=\"elementor-element elementor-element-8110d03 elementor-widget-divider--view-line elementor-widget elementor-widget-divider\" data-id=\"8110d03\" data-element_type=\"widget\" data-widget_type=\"divider.default\">\n\t\t\t\t<div class=\"elementor-widget-container\">\n\t\t\t\t\t\t\t<div class=\"elementor-divider\">\n\t\t\t<span class=\"elementor-divider-separator\">\n\t\t\t\t\t\t<\/span>\n\t\t<\/div>\n\t\t\t\t\t\t<\/div>\n\t\t\t\t<\/div>\n\t\t\t\t<\/div>\n\t\t\t\t<\/div>\n\t\t\t\t<\/div>\n\t\t\t\t\t<\/div>\n\t\t\t\t<\/div>\n\t\t<div class=\"elementor-element elementor-element-b2ba74c e-flex e-con-boxed e-con e-parent\" data-id=\"b2ba74c\" data-element_type=\"container\" data-settings=\"{&quot;background_background&quot;:&quot;classic&quot;}\">\n\t\t\t\t\t<div class=\"e-con-inner\">\n\t\t\t\t<div class=\"elementor-element elementor-element-9d71ccd elementor-widget elementor-widget-heading\" data-id=\"9d71ccd\" data-element_type=\"widget\" data-widget_type=\"heading.default\">\n\t\t\t\t<div class=\"elementor-widget-container\">\n\t\t\t\t\t<h3 class=\"elementor-heading-title elementor-size-default\">Proplate Oxel\u00f6sund<\/h3>\t\t\t\t<\/div>\n\t\t\t\t<\/div>\n\t\t\t\t<div class=\"elementor-element elementor-element-a73d551 elementor-align-justify elementor-widget__width-initial elementor-widget elementor-widget-button\" data-id=\"a73d551\" data-element_type=\"widget\" data-widget_type=\"button.default\">\n\t\t\t\t<div class=\"elementor-widget-container\">\n\t\t\t\t\t\t\t\t\t<div class=\"elementor-button-wrapper\">\n\t\t\t\t\t<a class=\"elementor-button elementor-button-link elementor-size-sm\" href=\"https:\/\/proplate.se\/de\/ueber-uns\/proplate-oxelosund\/\">\n\t\t\t\t\t\t<span class=\"elementor-button-content-wrapper\">\n\t\t\t\t\t\t<span class=\"elementor-button-icon\">\n\t\t\t\t<i aria-hidden=\"true\" class=\"fas fa-arrow-right\"><\/i>\t\t\t<\/span>\n\t\t\t\t\t\t\t\t\t<span class=\"elementor-button-text\">Unsere Anlage in Oxel\u00f6sund<\/span>\n\t\t\t\t\t<\/span>\n\t\t\t\t\t<\/a>\n\t\t\t\t<\/div>\n\t\t\t\t\t\t\t\t<\/div>\n\t\t\t\t<\/div>\n\t\t\t\t\t<\/div>\n\t\t\t\t<\/div>\n\t\t\t\t<\/div>","protected":false},"excerpt":{"rendered":"<p>F\u00f6retagsfakta \u00d6ver 150 \u00e5rs erfarenhet inom st\u00e5lindustrin Med \u00f6ver 150 \u00e5rs erfarenhet fr\u00e5n st\u00e5lindustrin har Proplate utvecklats fr\u00e5n en liten smedja till en global ledande leverant\u00f6r av h\u00f6gkvalitativa st\u00e5lkomponenter. V\u00e5r resa b\u00f6rjade 1869 n\u00e4r m\u00e4stersmeden Per Andersson grundade sin smedja, vilket lade grunden f\u00f6r ett familjef\u00f6retag som har blomstrat i fem generationer. \u00c5r 2000 \u00f6ppnade [&hellip;]<\/p>","protected":false},"author":1,"featured_media":0,"parent":730,"menu_order":3,"comment_status":"closed","ping_status":"closed","template":"","meta":{"footnotes":""},"class_list":["post-1684","page","type-page","status-publish","hentry"],"yoast_head":"<!-- This site is optimized with the Yoast SEO plugin v25.1 - https:\/\/yoast.com\/wordpress\/plugins\/seo\/ -->\n<title>F\u00f6retagsfakta | Proplate - Globala st\u00e5ll\u00f6sningar<\/title>\n<meta name=\"description\" content=\"F\u00f6retagsfakta | Vi tillverkar industriella komponenter i specialst\u00e5l till kunder \u00f6ver hela v\u00e4rlden | V\u00e4lj Proplate f\u00f6r skr\u00e4ddarsydd metallbearbetning\" \/>\n<meta name=\"robots\" content=\"index, follow, max-snippet:-1, max-image-preview:large, max-video-preview:-1\" \/>\n<link rel=\"canonical\" href=\"https:\/\/proplate.se\/de\/ueber-uns\/foretagsfakta\/\" \/>\n<meta property=\"og:locale\" content=\"de_DE\" \/>\n<meta property=\"og:type\" content=\"article\" \/>\n<meta property=\"og:title\" content=\"F\u00f6retagsfakta | Proplate - Globala st\u00e5ll\u00f6sningar\" \/>\n<meta property=\"og:description\" content=\"F\u00f6retagsfakta | Vi tillverkar industriella komponenter i specialst\u00e5l till kunder \u00f6ver hela v\u00e4rlden | V\u00e4lj Proplate f\u00f6r skr\u00e4ddarsydd metallbearbetning\" \/>\n<meta property=\"og:url\" content=\"https:\/\/proplate.se\/de\/ueber-uns\/foretagsfakta\/\" \/>\n<meta property=\"og:site_name\" content=\"Proplate\" \/>\n<meta property=\"article:modified_time\" content=\"2025-04-22T19:58:56+00:00\" \/>\n<meta property=\"og:image\" content=\"https:\/\/proplate.se\/wp-content\/uploads\/2025\/04\/cutting-scaled.jpg\" \/>\n\t<meta property=\"og:image:width\" content=\"2560\" \/>\n\t<meta property=\"og:image:height\" content=\"2201\" \/>\n\t<meta property=\"og:image:type\" content=\"image\/jpeg\" \/>\n<meta name=\"twitter:card\" content=\"summary_large_image\" \/>\n<meta name=\"twitter:label1\" content=\"Gesch\u00e4tzte Lesezeit\" \/>\n\t<meta name=\"twitter:data1\" content=\"2\u00a0Minuten\" \/>\n<script type=\"application\/ld+json\" class=\"yoast-schema-graph\">{\"@context\":\"https:\/\/schema.org\",\"@graph\":[{\"@type\":\"WebPage\",\"@id\":\"https:\/\/proplate.se\/om-oss\/foretagsfakta\/\",\"url\":\"https:\/\/proplate.se\/om-oss\/foretagsfakta\/\",\"name\":\"F\u00f6retagsfakta | Proplate - Globala st\u00e5ll\u00f6sningar\",\"isPartOf\":{\"@id\":\"https:\/\/proplate.se\/#website\"},\"primaryImageOfPage\":{\"@id\":\"https:\/\/proplate.se\/om-oss\/foretagsfakta\/#primaryimage\"},\"image\":{\"@id\":\"https:\/\/proplate.se\/om-oss\/foretagsfakta\/#primaryimage\"},\"thumbnailUrl\":\"https:\/\/proplate.se\/wp-content\/uploads\/2025\/04\/cutting-1024x880.jpg\",\"datePublished\":\"2025-02-27T21:25:13+00:00\",\"dateModified\":\"2025-04-22T19:58:56+00:00\",\"description\":\"F\u00f6retagsfakta | Vi tillverkar industriella komponenter i specialst\u00e5l till kunder \u00f6ver hela v\u00e4rlden | V\u00e4lj Proplate f\u00f6r skr\u00e4ddarsydd metallbearbetning\",\"breadcrumb\":{\"@id\":\"https:\/\/proplate.se\/om-oss\/foretagsfakta\/#breadcrumb\"},\"inLanguage\":\"de\",\"potentialAction\":[{\"@type\":\"ReadAction\",\"target\":[\"https:\/\/proplate.se\/om-oss\/foretagsfakta\/\"]}]},{\"@type\":\"ImageObject\",\"inLanguage\":\"de\",\"@id\":\"https:\/\/proplate.se\/om-oss\/foretagsfakta\/#primaryimage\",\"url\":\"https:\/\/proplate.se\/wp-content\/uploads\/2025\/04\/cutting-1024x880.jpg\",\"contentUrl\":\"https:\/\/proplate.se\/wp-content\/uploads\/2025\/04\/cutting-1024x880.jpg\"},{\"@type\":\"BreadcrumbList\",\"@id\":\"https:\/\/proplate.se\/om-oss\/foretagsfakta\/#breadcrumb\",\"itemListElement\":[{\"@type\":\"ListItem\",\"position\":1,\"name\":\"Hem\",\"item\":\"https:\/\/proplate.se\/\"},{\"@type\":\"ListItem\",\"position\":2,\"name\":\"Om oss\",\"item\":\"https:\/\/proplate.se\/om-oss\/\"},{\"@type\":\"ListItem\",\"position\":3,\"name\":\"F\u00f6retagsfakta\"}]},{\"@type\":\"WebSite\",\"@id\":\"https:\/\/proplate.se\/#website\",\"url\":\"https:\/\/proplate.se\/\",\"name\":\"Proplate\",\"description\":\"\",\"potentialAction\":[{\"@type\":\"SearchAction\",\"target\":{\"@type\":\"EntryPoint\",\"urlTemplate\":\"https:\/\/proplate.se\/?s={search_term_string}\"},\"query-input\":{\"@type\":\"PropertyValueSpecification\",\"valueRequired\":true,\"valueName\":\"search_term_string\"}}],\"inLanguage\":\"de\"}]}<\/script>\n<!-- \/ Yoast SEO plugin. -->","yoast_head_json":{"title":"F\u00f6retagsfakta | Proplate - Globala st\u00e5ll\u00f6sningar","description":"F\u00f6retagsfakta | Vi tillverkar industriella komponenter i specialst\u00e5l till kunder \u00f6ver hela v\u00e4rlden | V\u00e4lj Proplate f\u00f6r skr\u00e4ddarsydd metallbearbetning","robots":{"index":"index","follow":"follow","max-snippet":"max-snippet:-1","max-image-preview":"max-image-preview:large","max-video-preview":"max-video-preview:-1"},"canonical":"https:\/\/proplate.se\/de\/ueber-uns\/foretagsfakta\/","og_locale":"de_DE","og_type":"article","og_title":"F\u00f6retagsfakta | Proplate - Globala st\u00e5ll\u00f6sningar","og_description":"F\u00f6retagsfakta | Vi tillverkar industriella komponenter i specialst\u00e5l till kunder \u00f6ver hela v\u00e4rlden | V\u00e4lj Proplate f\u00f6r skr\u00e4ddarsydd metallbearbetning","og_url":"https:\/\/proplate.se\/de\/ueber-uns\/foretagsfakta\/","og_site_name":"Proplate","article_modified_time":"2025-04-22T19:58:56+00:00","og_image":[{"width":2560,"height":2201,"url":"https:\/\/proplate.se\/wp-content\/uploads\/2025\/04\/cutting-scaled.jpg","type":"image\/jpeg"}],"twitter_card":"summary_large_image","twitter_misc":{"Gesch\u00e4tzte Lesezeit":"2\u00a0Minuten"},"schema":{"@context":"https:\/\/schema.org","@graph":[{"@type":"WebPage","@id":"https:\/\/proplate.se\/om-oss\/foretagsfakta\/","url":"https:\/\/proplate.se\/om-oss\/foretagsfakta\/","name":"F\u00f6retagsfakta | Proplate - Globala st\u00e5ll\u00f6sningar","isPartOf":{"@id":"https:\/\/proplate.se\/#website"},"primaryImageOfPage":{"@id":"https:\/\/proplate.se\/om-oss\/foretagsfakta\/#primaryimage"},"image":{"@id":"https:\/\/proplate.se\/om-oss\/foretagsfakta\/#primaryimage"},"thumbnailUrl":"https:\/\/proplate.se\/wp-content\/uploads\/2025\/04\/cutting-1024x880.jpg","datePublished":"2025-02-27T21:25:13+00:00","dateModified":"2025-04-22T19:58:56+00:00","description":"F\u00f6retagsfakta | Vi tillverkar industriella komponenter i specialst\u00e5l till kunder \u00f6ver hela v\u00e4rlden | V\u00e4lj Proplate f\u00f6r skr\u00e4ddarsydd metallbearbetning","breadcrumb":{"@id":"https:\/\/proplate.se\/om-oss\/foretagsfakta\/#breadcrumb"},"inLanguage":"de","potentialAction":[{"@type":"ReadAction","target":["https:\/\/proplate.se\/om-oss\/foretagsfakta\/"]}]},{"@type":"ImageObject","inLanguage":"de","@id":"https:\/\/proplate.se\/om-oss\/foretagsfakta\/#primaryimage","url":"https:\/\/proplate.se\/wp-content\/uploads\/2025\/04\/cutting-1024x880.jpg","contentUrl":"https:\/\/proplate.se\/wp-content\/uploads\/2025\/04\/cutting-1024x880.jpg"},{"@type":"BreadcrumbList","@id":"https:\/\/proplate.se\/om-oss\/foretagsfakta\/#breadcrumb","itemListElement":[{"@type":"ListItem","position":1,"name":"Hem","item":"https:\/\/proplate.se\/"},{"@type":"ListItem","position":2,"name":"Om oss","item":"https:\/\/proplate.se\/om-oss\/"},{"@type":"ListItem","position":3,"name":"F\u00f6retagsfakta"}]},{"@type":"WebSite","@id":"https:\/\/proplate.se\/#website","url":"https:\/\/proplate.se\/","name":"Proplate","description":"","potentialAction":[{"@type":"SearchAction","target":{"@type":"EntryPoint","urlTemplate":"https:\/\/proplate.se\/?s={search_term_string}"},"query-input":{"@type":"PropertyValueSpecification","valueRequired":true,"valueName":"search_term_string"}}],"inLanguage":"de"}]}},"_links":{"self":[{"href":"https:\/\/proplate.se\/de\/wp-json\/wp\/v2\/pages\/1684","targetHints":{"allow":["GET"]}}],"collection":[{"href":"https:\/\/proplate.se\/de\/wp-json\/wp\/v2\/pages"}],"about":[{"href":"https:\/\/proplate.se\/de\/wp-json\/wp\/v2\/types\/page"}],"author":[{"embeddable":true,"href":"https:\/\/proplate.se\/de\/wp-json\/wp\/v2\/users\/1"}],"replies":[{"embeddable":true,"href":"https:\/\/proplate.se\/de\/wp-json\/wp\/v2\/comments?post=1684"}],"version-history":[{"count":34,"href":"https:\/\/proplate.se\/de\/wp-json\/wp\/v2\/pages\/1684\/revisions"}],"predecessor-version":[{"id":3132,"href":"https:\/\/proplate.se\/de\/wp-json\/wp\/v2\/pages\/1684\/revisions\/3132"}],"up":[{"embeddable":true,"href":"https:\/\/proplate.se\/de\/wp-json\/wp\/v2\/pages\/730"}],"wp:attachment":[{"href":"https:\/\/proplate.se\/de\/wp-json\/wp\/v2\/media?parent=1684"}],"curies":[{"name":"wp","href":"https:\/\/api.w.org\/{rel}","templated":true}]}}